{"id":1235,"date":"2022-01-03T16:29:08","date_gmt":"2022-01-03T16:29:08","guid":{"rendered":"https:\/\/wasquehalbridge.com\/?page_id=1235"},"modified":"2022-01-03T16:29:08","modified_gmt":"2022-01-03T16:29:08","slug":"cr-de-lassemblee-generale","status":"publish","type":"page","link":"https:\/\/wasquehalbridge.com\/index.php\/cr-de-lassemblee-generale\/","title":{"rendered":"CR de l&rsquo;assembl\u00e9e g\u00e9n\u00e9rale"},"content":{"rendered":"<p><strong>MAISON DU BRIDGE DE WASQUEHAL<\/strong><\/p>\n<p><strong>\u00a0<\/strong><\/p>\n<p><strong>ASSEMBLEE GENERALE ORDINAIRE DU 30\/11\/2021<\/strong><\/p>\n<p>&nbsp;<\/p>\n<p>Ce mardi 30 novembre 2021, nous tenons notre Assembl\u00e9e G\u00e9n\u00e9rale Ordinaire, conform\u00e9ment \u00e0 nos statuts .<\/p>\n<p>Il est 18h00, je d\u00e9clare la s\u00e9ance ouverte<\/p>\n<p>&nbsp;<\/p>\n<p>Cher (e)(s) ami(e)(s),<\/p>\n<p>Enfin ,nous nous retrouvons en pr\u00e9sentiel pour notre assembl\u00e9e g\u00e9n\u00e9rale, et je vous remercie tous d\u2019\u00eatre pr\u00e9sent\u00a0; tout d\u2019abord j\u2019aimerai que nous ayons une pens\u00e9e pour ceux et celles qui nous ont quitt\u00e9\u00a0depuis 2 ans :Michel Lepoutre, Jean Dominique Delesalle, Madame Cambier \u00e9pouse de notre ami Michel,Madame Trouillez, \u00e9pouse de notre ami Albert, Simone Hesse, Gis\u00e8le Rousseau, Nicole Boyaval, Annie Duthoo et derni\u00e8rement Jean Paul Delattre\u00a0; peut-\u00eatre que j\u2019en oublie, veuillez m\u2019en excuser.<\/p>\n<p>Je remercie tous les membres du comit\u00e9 pr\u00e9c\u00e9dent, et en particulier son pr\u00e9sident Philippe Marin, pour leur excellent travail accompli, et \u00e0 cette occasion, j\u2019ai l\u2019honneur au nom de notre comit\u00e9 actuel, de lui remettre ce cadeau avec grand plaisir<\/p>\n<p>Je me r\u00e9jouis de la pr\u00e9sence \u00e0 notre Assembl\u00e9e, d\u2019une forte d\u00e9l\u00e9gation du Comit\u00e9 des Flandres\u00a0: Didier Cuisinier, son pr\u00e9sident\u00a0, absent excus\u00e9\u2013 Claude Willot et Michel Sachy vice-pr\u00e9sident, Didier Delaval, secr\u00e9taire g\u00e9n\u00e9ral \u2013 et les directeurs des comp\u00e9titions<\/p>\n<p>Je remercie \u00e9galement tous les membres du comit\u00e9 actuel pour leur engagement b\u00e9n\u00e9vole et leur implication, l\u2019\u00e9quipe d\u2019arbitres qui se d\u00e9voue pour que les tournois se passent bien , je remercie aussi l\u2019\u00e9quipe des profs , les animateurs de donnes comment\u00e9es et de parties libres\u00a0; Nos \u00e9l\u00e8ves d\u2019aujourd\u2019hui seront nos joueurs de demain.<\/p>\n<p>Dans ma 1\u00e8re r\u00e9union du comit\u00e9 du 5 Octobre 2020, j\u2019ai expos\u00e9 mes objectifs,<\/p>\n<p>aujourd\u2019hui, je voudrais vous faire partager 2 valeurs que je crois importantes pour le d\u00e9veloppement de notre club<\/p>\n<p>La 1\u00e8re est la <strong>convivialit\u00e9 , <\/strong>je sais que beaucoup d\u2019entre vous la pratique tous les jours, et je vous en remercie\u00a0; mais nous pouvons encore l\u2019am\u00e9liorer\u00a0: savoir dire bonjour \u00e0 la table de jeu, \u00e9changer des propos amicaux, \u00eatre souriant, aimable, bienveillant, cela n\u2019enl\u00e8ve rien \u00e0 la concentration n\u00e9cessaire au jeu\u00a0; contribuer \u00e0 une ambiance qui fera que des joueurs reviendront sans probl\u00e8me \u2013 m\u00eame s\u2019ils n\u2019ont pas bien r\u00e9ussi \u2013 ils auront pass\u00e9 un bon moment<\/p>\n<p>La 2\u00e8me est la <strong>r\u00e9f\u00e9rence qualit\u00e9<\/strong> du club de Wasquehal, 3\u00e8me club de France par le nombre de licenci\u00e9s, et bient\u00f4t 2\u00e8me, Wasquehal a un bon niveau de jeu inspir\u00e9 par la pr\u00e9sence de bons joueurs de 1\u00e8re s\u00e9rie et par l\u2019arbitrage\u00a0 &#8211; Je remercie au passage ,Mesdames et Messieurs les arbitres de Wasquehal pour leur d\u00e9vouement et la qualit\u00e9 de leur arbitrage\u00a0.<\/p>\n<p>Notre club est aussi une r\u00e9f\u00e9rence par le respect des conditions sanitaires mises en place face au Variant , merci \u00e0 tous ceux qui veillent en permanence au respect du contr\u00f4le sanitaire \u2013Restons vigilants \u2013 Merci<\/p>\n<p>&nbsp;<\/p>\n<p>Andr\u00e9 Gu\u00e9rin<\/p>\n<p>&nbsp;<\/p>\n<p>&nbsp;<\/p>\n<p>&nbsp;<\/p>\n<p>&nbsp;<\/p>\n<p>EXERCICE DU 01\/07\/2020 AU 30\/06\/2021\u00a0\u00a0\u00a0\u00a0\u00a0\u00a0\u00a0 \u00a0\u00a0\u00a0\u00a0 RAPPORT FINANCIER\u00a0\u00a0 AG du 30\/11\/2021<\/p>\n<p>Bonsoir \u00e0 tous<\/p>\n<p>Mon discours\u00a0 va \u00eatre diff\u00e9rent des ann\u00e9es pr\u00e9c\u00e9dentes<\/p>\n<p>Je ne peux comparer\u00a0 les chiffres \u00e0 cause du 2<sup>\u00e8me<\/sup> confinement\u00a0: le club a \u00e9t\u00e9 ferm\u00e9 environ 6 mois.<\/p>\n<p>Le bilan club aurait\u00a0 \u00e9t\u00e9 d\u00e9biteur de 13\u00a0369\u20ac si nous n\u2019avions pas re\u00e7u les aides gouvernementales\u00a0: le<\/p>\n<p>ch\u00f4mage partiel pour les salari\u00e9s et une aide bas\u00e9e sur le CA du bar,\u00a0 ce qui ram\u00e8ne notre bilan \u00e0<\/p>\n<p>12\u00a0825\u20ac. Je ne vais pas vous abreuver de chiffres\u00a0: vous avez notre bilan affich\u00e9 depuis 15 jours \u00e0<\/p>\n<p>l\u2019entr\u00e9e du club.<\/p>\n<p>Cependant nous ne sommes pas sereins\u00a0:<\/p>\n<ol>\n<li>Depuis la r\u00e9ouverture fin juin , nous constatons une perte de + ou \u2013 35% de notre activit\u00e9<\/li>\n<li>Nos charges augmentent,\u00a0 nous n\u2019avons plus d\u2019arbitres b\u00e9n\u00e9voles<\/li>\n<li>Suite \u00e0 la derni\u00e8re intrusion nous allons devoir prendre en charge ce que l\u2019assurance ne rembourse pas.<\/li>\n<li>Pour \u00e9viter d\u2019autres intrusions , des travaux assez lourds devront \u00eatre entrepris .<\/li>\n<li>Une nouvelle installation alarme anti intrusion doit \u00eatre faite.<\/li>\n<\/ol>\n<p>Bref , m\u00eame avec une gestion rigoureuse , il nous faut compenser cette perte d\u2019exploitation , ces augmentations de charges , ces frais suppl\u00e9mentaires .<\/p>\n<p>Cette compensation ne peut \u00eatre trouv\u00e9e que sur les postes variables\u00a0: les remboursements de frais<\/p>\n<p>de comp\u00e9titions et (ou) les cartes Auchan que nous devons diminuer ou supprimer\u00a0;<\/p>\n<p>Notre pr\u00e9vision\u00a0\u00a0 \u00e0 ce jour est d\u00e9ficitaire d\u00e9j\u00e0 de + de 5000\u20ac avant tous les frais d\u00e9taill\u00e9s.<\/p>\n<p>&nbsp;<\/p>\n<p>VOTE D\u2019APPROBATION DU RAPPORT FINANCIER\u00a0: abstention\u00a0:0\u00a0; contre\u00a0:0\u00a0; adopt\u00e9<\/p>\n<p>&nbsp;<\/p>\n<p>Claude Willot<\/p>\n<p>&nbsp;<\/p>\n<p>EXERCICE DU 01\/07\/2020 au 30\/06\/2021 \/RAPPORT MORAL AG du 30\/11\/2021<\/p>\n<p>&nbsp;<\/p>\n<p>LES ACTIVITES<\/p>\n<p>L\u2019arr\u00eat de 7 mois des activit\u00e9s club et bar sur la p\u00e9riode du 29\/10\/2020 au 24\/05\/2021 nous prive<\/p>\n<p>de 60\u00a0% des recettes pour l\u2019exercice 2020\/2021<\/p>\n<p>FONCTIONNEMENT DU BAR<\/p>\n<p>-Hormis des frais d\u2019entretien courant, le bar n\u2019a pas fait l\u2019objet de d\u00e9penses importantes<\/p>\n<p>&#8211; La fr\u00e9quentation continue de s\u2019\u00e9tioler , cependant le maintien du bar dans sa formule actuelle<\/p>\n<p>n\u2019est pas remise en cause , car son d\u00e9ficit n\u2019affecte pas l\u2019\u00e9quilibre financier de l\u2019Association,<\/p>\n<p>Le d\u00e9ficit est chronique , gr\u00e2ce aux aides de l\u2019\u00e9tat pour l\u2019ann\u00e9e 2020-2021, le bar a \u00e9t\u00e9 positif<\/p>\n<p>pour la 1\u00e8re fois depuis 30 ans<\/p>\n<p>&#8211; Nous essayons chaque fois qu\u2019il est possible de rappeler aux adh\u00e9rents que le bar est un service<\/p>\n<p>destin\u00e9 \u00e0 leur confort, que les prix sont raisonnable, et nous demandons \u00e0 tous ceux qui n\u2019ont pas<\/p>\n<p>d\u2019imp\u00e9ratifs m\u00e9dicaux ou financiers d\u2019\u00e9viter d\u2019apporter leurs propres boissons<\/p>\n<p>&nbsp;<\/p>\n<p>TRAVAUX ET MAINTENANCE<\/p>\n<p>&#8211; Pas de travaux ex\u00e9cut\u00e9s pendant cet exercice<\/p>\n<p>&#8211; <strong>Mesures sanitaires<\/strong>\u00a0:<\/p>\n<p>Nous avons subi 7 mois de confinement et donc 5 mois d\u2019ouverture au cours desquels , nous avons utilis\u00e9 les 30 \u00e9crans transparents afin d\u2019assurer une distanciation physique<\/p>\n<p>Nous avons approvisionn\u00e9 les quantit\u00e9s n\u00e9cessaires de distributeurs de gel hydro-alcoolique<\/p>\n<p>Nous avons organis\u00e9 une surveillance \u00e0 l\u2019entr\u00e9e des joueurs<\/p>\n<p>Une supervision constante et stricte des r\u00e8gles sanitaires a \u00e9t\u00e9 demand\u00e9e aux arbitres<\/p>\n<p>&nbsp;<\/p>\n<p>COMPETITIONS FFB<\/p>\n<p>Les comp\u00e9titions ont \u00e9t\u00e9 interrompues, voire annul\u00e9es ou non reprises<\/p>\n<p>ECOLE DE BRIDGE<\/p>\n<p>Le nombre d\u2019\u00e9l\u00e8ves a \u00e9t\u00e9 en chute libre -45\u00a0%, du au calendrier\u00a0: 1 mois octobre et 1 mois de juin<\/p>\n<p>en pr\u00e9sentiel, les autres mois en distanciel \u2013 les 2 derniers trimestres de la saison 2020-2021 n\u2019ont pas \u00e9t\u00e9 encaiss\u00e9s pendant la p\u00e9riode Covid<\/p>\n<p>&nbsp;<\/p>\n<p>DIVERS<\/p>\n<p>En raison des pertes financi\u00e8res li\u00e9es \u00e0 la pand\u00e9mie, il n\u2019 y a pas eu de redistribution<\/p>\n<p>En perspective\u00a0: \u00e0 ce jour, il n\u2019y a rien \u00e0 distribuer<\/p>\n<p>&nbsp;<\/p>\n<p>COMMISSIONS (\u00e9thique et discipline-arbitrage)<\/p>\n<p>elles ont \u00e9t\u00e9 approuv\u00e9es lors de la pr\u00e9c\u00e9dente AG<\/p>\n<p>&nbsp;<\/p>\n<p>PERSPECTIVES 2021\/2022<\/p>\n<p>&nbsp;<\/p>\n<p>1) ACTIVITES<\/p>\n<p>Adh\u00e9sions\u00a0: 320 ( -27\u00a0% ) \u00e0 fin Octobre 2021 (contre 438 en 2019, ann\u00e9e comparable)<\/p>\n<p>Licenci\u00e9s\u00a0: 552 ( -23%)<\/p>\n<p>El\u00e8ves\u00a0: 197 (-25%)<\/p>\n<p>Parties libres\u00a0: 246 (-50\u00a0% par rapport \u00e0 2019-2020)<\/p>\n<p>&nbsp;<\/p>\n<p>2) AMENAGEMENT \u2013 TRAVAUX<\/p>\n<p>&nbsp;<\/p>\n<p>Suite au cambriolage, des devis sont en cours pour un remplacement du fibro-ciment amiant\u00e9 du pignon \u2013 les frais risquent d\u2019\u00eatre \u00e9lev\u00e9s<\/p>\n<p>Nous pensons que la mise en place du nouveau site internet doit amener un d\u00e9veloppement du club,<\/p>\n<p>je vous en rappelle l\u2019adresse\u00a0: <strong>wasquehalbridge.com<\/strong><\/p>\n<p>&nbsp;<\/p>\n<p>3) LES BENEVOLES<\/p>\n<p>&nbsp;<\/p>\n<p>Je souligne l\u2019importance de l\u2019action des b\u00e9n\u00e9voles dans des domaines multiples et vari\u00e9s,<\/p>\n<p>et remercie tous ceux qui donnent de leur temps et leur \u00e9nergie au b\u00e9n\u00e9fice de la collectivit\u00e9<\/p>\n<p>&nbsp;<\/p>\n<p>VOTE D\u2019APPROBATION DU RAPPORT MORAL\u00a0: Abstention\u00a0: 0\u00a0; Contre\u00a0: 0\u00a0; adopt\u00e9<\/p>\n<p>&nbsp;<\/p>\n<p>&nbsp;<\/p>\n<p>QUESTIONS DIVERSES<\/p>\n<p>&nbsp;<\/p>\n<p>Sur l\u2019\u00e9tat sanitaire qui risque de durer\u00a0:<\/p>\n<p>Nous appliquons les recommandations de la f\u00e9d\u00e9ration fran\u00e7aise de bridge, \u00e0 savoir\u00a0:<\/p>\n<p>-port du masque en permanence<\/p>\n<p>-distanciation des tables<\/p>\n<p>-mise \u00e0 disposition de gel hydro-alcoolique<\/p>\n<p>&#8211; a\u00e9ration des locaux 15mn toutes les heures<\/p>\n<p>-nouveau contr\u00f4le du PASS \u00e0 partir du 15 d\u00e9cembre 2021, sur la base du 3\u00e8me vaccin<\/p>\n<p>-paiement sans contact est \u00e0 l\u2019\u00e9tude \u2013 pas de mise en application imm\u00e9diate<\/p>\n<p>-sur la pr\u00e9-inscription, nous allons de nouveau nous pencher sur le sujet<\/p>\n<p>&nbsp;<\/p>\n<p>Le tournoi B a du mal \u00e0 red\u00e9marrer, malgr\u00e9 une adaptation des donnes diff\u00e9rentes du tournoi A<\/p>\n<p>Il nous faut r\u00e9fl\u00e9chir sur les moyens \u00e0 mettre en \u0153uvre pour le r\u00e9activer, peut-\u00eatre avec les profs<\/p>\n<p>&nbsp;<\/p>\n<p>Andr\u00e9 Gu\u00e9rin<\/p>\n","protected":false},"excerpt":{"rendered":"<p>MAISON DU BRIDGE DE WASQUEHAL \u00a0 ASSEMBLEE GENERALE ORDINAIRE DU 30\/11\/2021 &nbsp; Ce mardi 30 novembre 2021, nous tenons notre Assembl\u00e9e G\u00e9n\u00e9rale Ordinaire, conform\u00e9ment \u00e0 nos statuts . Il est 18h00, je d\u00e9clare la s\u00e9ance ouverte &nbsp; Cher (e)(s) ami(e)(s), Enfin ,nous nous retrouvons en pr\u00e9sentiel pour notre assembl\u00e9e g\u00e9n\u00e9rale, et je vous remercie tous<br \/><a class=\"moretag\" href=\"https:\/\/wasquehalbridge.com\/index.php\/cr-de-lassemblee-generale\/\">+ Read More<\/a><\/p>\n","protected":false},"author":1,"featured_media":0,"parent":0,"menu_order":0,"comment_status":"closed","ping_status":"closed","template":"","meta":{"footnotes":""},"class_list":["post-1235","page","type-page","status-publish","hentry"],"_links":{"self":[{"href":"https:\/\/wasquehalbridge.com\/index.php\/wp-json\/wp\/v2\/pages\/1235","targetHints":{"allow":["GET"]}}],"collection":[{"href":"https:\/\/wasquehalbridge.com\/index.php\/wp-json\/wp\/v2\/pages"}],"about":[{"href":"https:\/\/wasquehalbridge.com\/index.php\/wp-json\/wp\/v2\/types\/page"}],"author":[{"embeddable":true,"href":"https:\/\/wasquehalbridge.com\/index.php\/wp-json\/wp\/v2\/users\/1"}],"replies":[{"embeddable":true,"href":"https:\/\/wasquehalbridge.com\/index.php\/wp-json\/wp\/v2\/comments?post=1235"}],"version-history":[{"count":2,"href":"https:\/\/wasquehalbridge.com\/index.php\/wp-json\/wp\/v2\/pages\/1235\/revisions"}],"predecessor-version":[{"id":2204,"href":"https:\/\/wasquehalbridge.com\/index.php\/wp-json\/wp\/v2\/pages\/1235\/revisions\/2204"}],"wp:attachment":[{"href":"https:\/\/wasquehalbridge.com\/index.php\/wp-json\/wp\/v2\/media?parent=1235"}],"curies":[{"name":"wp","href":"https:\/\/api.w.org\/{rel}","templated":true}]}}