{"id":1326,"date":"2022-01-26T09:09:49","date_gmt":"2022-01-26T09:09:49","guid":{"rendered":"https:\/\/wasquehalbridge.com\/?page_id=1326"},"modified":"2022-12-14T10:04:49","modified_gmt":"2022-12-14T10:04:49","slug":"encheres-sa","status":"publish","type":"page","link":"https:\/\/wasquehalbridge.com\/index.php\/documents-utiles\/encheres-sa\/","title":{"rendered":"Ench\u00e8res &#038; Conventions"},"content":{"rendered":"<h3><img fetchpriority=\"high\" decoding=\"async\" class=\"alignnone wp-image-2492\" src=\"https:\/\/wasquehalbridge.com\/wp-content\/uploads\/2022\/12\/encheres.jpg\" alt=\"\" width=\"451\" height=\"451\" srcset=\"https:\/\/wasquehalbridge.com\/wp-content\/uploads\/2022\/12\/encheres.jpg 500w, https:\/\/wasquehalbridge.com\/wp-content\/uploads\/2022\/12\/encheres-300x300.jpg 300w, https:\/\/wasquehalbridge.com\/wp-content\/uploads\/2022\/12\/encheres-150x150.jpg 150w\" sizes=\"(max-width: 451px) 100vw, 451px\" \/><\/h3>\n<h3>Voici de la lecture, et de la bonne\u00a0\ud83d\ude0a\u00a0!<\/h3>\n<p><img decoding=\"async\" class=\"alignnone wp-image-2486\" src=\"https:\/\/wasquehalbridge.com\/wp-content\/uploads\/2022\/12\/Lire-le-bridge-1.jpg\" alt=\"\" width=\"443\" height=\"271\" srcset=\"https:\/\/wasquehalbridge.com\/wp-content\/uploads\/2022\/12\/Lire-le-bridge-1.jpg 414w, https:\/\/wasquehalbridge.com\/wp-content\/uploads\/2022\/12\/Lire-le-bridge-1-300x183.jpg 300w\" sizes=\"(max-width: 443px) 100vw, 443px\" \/><\/p>\n<p>Voici des articles (tr\u00e8s majoritairement issus de la revue \u00ab\u00a0L\u2019As de\u00a0<strong>\u2663<\/strong>\u00ab\u00a0),<br \/>\nrelatifs aux <strong>ench\u00e8res,<\/strong> classiques ou conventionnelles :<\/p>\n<p>Pour les ench\u00e8res <strong>dans le silence adverse<\/strong> (ench\u00e8res \u00e0 deux) :\u00a0\u00a0<span style=\"color: #0000ff;\"><em>c\u2019est ici \u2192\u00a0<strong><a style=\"color: #0000ff;\" href=\"https:\/\/wasquehalbridge.com\/index.php\/encheres-a-deux\/\" target=\"_blank\" rel=\"noopener\">Ench\u00e8res \u00e0 deux<\/a><\/strong><\/em><\/span><\/p>\n<p>Pour les ench\u00e8res <strong>avec parole adverse<\/strong> (ench\u00e8res \u00e0 quatre) :\u00a0 <span style=\"color: #0000ff;\"><em>c\u2019est ici \u2192\u00a0<strong><span style=\"color: #0000ff;\"><a style=\"color: #0000ff;\" href=\"https:\/\/wasquehalbridge.com\/index.php\/encheres-a-quatre\/\" target=\"_blank\" rel=\"noopener\">Ench\u00e8res \u00e0 quatre<\/a>\u00a0<\/span><\/strong><\/em><\/span><\/p>\n<p>Pour les ench\u00e8res <strong>de 1\u00e8re ann\u00e9e <\/strong>(initiation-d\u00e9couverte)\u00a0:\u00a0 <span style=\"color: #0000ff;\"><em>c\u2019est ici \u2192\u00a0<span style=\"color: #0000ff;\"><strong><a style=\"color: #0000ff;\" href=\"https:\/\/wasquehalbridge.com\/index.php\/documents-utiles\/le-coin-du-debutant\/\" target=\"_blank\" rel=\"noopener\">Le coin du d\u00e9butant<\/a><\/strong><\/span><\/em><\/span><\/p>\n","protected":false},"excerpt":{"rendered":"<p>Voici de la lecture, et de la bonne\u00a0\ud83d\ude0a\u00a0! Voici des articles (tr\u00e8s majoritairement issus de la revue \u00ab\u00a0L\u2019As de\u00a0\u2663\u00ab\u00a0), relatifs aux ench\u00e8res, classiques ou conventionnelles : Pour les ench\u00e8res dans le silence adverse (ench\u00e8res \u00e0 deux) :\u00a0\u00a0c\u2019est ici \u2192\u00a0Ench\u00e8res \u00e0 deux Pour les ench\u00e8res avec parole adverse (ench\u00e8res \u00e0 quatre) :\u00a0 c\u2019est ici \u2192\u00a0Ench\u00e8res \u00e0<br \/><a class=\"moretag\" href=\"https:\/\/wasquehalbridge.com\/index.php\/documents-utiles\/encheres-sa\/\">+ Read More<\/a><\/p>\n","protected":false},"author":1,"featured_media":0,"parent":467,"menu_order":0,"comment_status":"closed","ping_status":"closed","template":"","meta":{"footnotes":""},"class_list":["post-1326","page","type-page","status-publish","hentry"],"_links":{"self":[{"href":"https:\/\/wasquehalbridge.com\/index.php\/wp-json\/wp\/v2\/pages\/1326","targetHints":{"allow":["GET"]}}],"collection":[{"href":"https:\/\/wasquehalbridge.com\/index.php\/wp-json\/wp\/v2\/pages"}],"about":[{"href":"https:\/\/wasquehalbridge.com\/index.php\/wp-json\/wp\/v2\/types\/page"}],"author":[{"embeddable":true,"href":"https:\/\/wasquehalbridge.com\/index.php\/wp-json\/wp\/v2\/users\/1"}],"replies":[{"embeddable":true,"href":"https:\/\/wasquehalbridge.com\/index.php\/wp-json\/wp\/v2\/comments?post=1326"}],"version-history":[{"count":80,"href":"https:\/\/wasquehalbridge.com\/index.php\/wp-json\/wp\/v2\/pages\/1326\/revisions"}],"predecessor-version":[{"id":2536,"href":"https:\/\/wasquehalbridge.com\/index.php\/wp-json\/wp\/v2\/pages\/1326\/revisions\/2536"}],"up":[{"embeddable":true,"href":"https:\/\/wasquehalbridge.com\/index.php\/wp-json\/wp\/v2\/pages\/467"}],"wp:attachment":[{"href":"https:\/\/wasquehalbridge.com\/index.php\/wp-json\/wp\/v2\/media?parent=1326"}],"curies":[{"name":"wp","href":"https:\/\/api.w.org\/{rel}","templated":true}]}}