{"id":1366,"date":"2022-01-30T05:53:20","date_gmt":"2022-01-30T05:53:20","guid":{"rendered":"https:\/\/wasquehalbridge.com\/?page_id=1366"},"modified":"2023-10-30T12:32:09","modified_gmt":"2023-10-30T12:32:09","slug":"en-defense","status":"publish","type":"page","link":"https:\/\/wasquehalbridge.com\/index.php\/en-defense\/","title":{"rendered":"En d\u00e9fense"},"content":{"rendered":"<h2><img fetchpriority=\"high\" decoding=\"async\" class=\"alignnone wp-image-2502\" src=\"https:\/\/wasquehalbridge.com\/wp-content\/uploads\/2022\/12\/Faire-chuter.png\" alt=\"\" width=\"407\" height=\"363\" \/><\/h2>\n<h2><span style=\"color: #ff0000;\">Objectif : faire chuter le contrat adverse<\/span><\/h2>\n<p>&nbsp;<\/p>\n<p>Vous trouverez sur cette page des documents relatifs au jeu de la carte en d\u00e9fense (cliquez sur les <span style=\"color: #0000ff;\">liens en bleu<\/span>).<\/p>\n<p>Ces articles sont essentiellement issus de la revue \u00ab\u00a0<strong>l\u2019As de Tr\u00e8fle<\/strong>\u00a0\u00bb,<br \/>\net ses auteurs\u00a0<strong>sont<\/strong>\u00a0: Marc KERLERO \u2013 Vincent COMBEAU \u2013 Jean-Paul BALIAN \u2013 Daniel PALADINO<br \/>\nNorbert LEBELY \u2013 Michel BESSIS \u2013 Fr\u00e9d\u00e9ric VOLCKER \u2013 Jean Pierre DESMOULINS<br \/>\nPierre SAPORTA \u2013 Jean Christophe QUANTIN \u2013 Wilfried LIBBRECHT \u2013 Fran\u00e7ois COMBESCURE<\/p>\n<p><em>Cette page est appel\u00e9e, \u00e0 plus ou moins court terme, \u00e0 s\u2019enrichir de nouveaux articles.<\/em><\/p>\n<ul>\n<li>Les probl\u00e8mes de <strong>communication entre d\u00e9fenseurs<\/strong> \u00a0<em><span style=\"color: #0000ff;\"><a style=\"color: #0000ff;\" href=\"https:\/\/wasquehalbridge.com\/wp-content\/uploads\/2022\/07\/Bien-communiquer-en-defense-AdT40-Septembre-2020.pdf\" target=\"_blank\" rel=\"noopener\"><strong>G\u00e9rer ses reprises en flanc<\/strong> -AdT40, Septembre 2020<\/a>\n<p><\/span><\/em><\/li>\n<li><strong>Reconstituer<\/strong> la main du d\u00e9clarant\u00a0\u00a0<em><span style=\"color: #0000ff;\"><a style=\"color: #0000ff;\" href=\"https:\/\/wasquehalbridge.com\/wp-content\/uploads\/2022\/07\/Compter-la-distribution-du-declarant-AdT34-Septembre-2018.pdf\" target=\"_blank\" rel=\"noopener\"><strong>Refaire la distribution du d\u00e9clarant<\/strong> &#8211; AdT34, Septembre 2018<\/a>\n<p><\/span><\/em><\/li>\n<li><strong>Compter les points cach\u00e9s<\/strong> (ceux du d\u00e9clarant, ceux du partenaire)\u00a0\u00a0<em><span style=\"color: #0000ff;\"><a style=\"color: #0000ff;\" href=\"https:\/\/wasquehalbridge.com\/wp-content\/uploads\/2022\/07\/Compter-le-points-du-declarant-AdT32-Janvier-2018.pdf\" target=\"_blank\" rel=\"noopener\"><strong>Compter les points du d\u00e9clarant<\/strong> &#8211; AdT32, Janvier 2018<\/a>\n<p><\/span><\/em><\/li>\n<li><strong>Compter les lev\u00e9es adverses<\/strong> : Flanc actif ? Flanc passif ?\u00a0<em>\u00a0<span style=\"color: #0000ff;\"><a style=\"color: #0000ff;\" href=\"https:\/\/wasquehalbridge.com\/wp-content\/uploads\/2022\/07\/Compter-les-levees-du-declarant-AdT36-Mai-2019.pdf\" target=\"_blank\" rel=\"noopener\"><strong>Compter les lev\u00e9es du d\u00e9clarant<\/strong> &#8211; AdT36, Mai 2019<\/a>\n<p><\/span><\/em><\/li>\n<li><strong>Quatre<\/strong> <strong>exercices<\/strong> de d\u00e9fense (rejouer la bonne carte)\u00a0<span style=\"color: #0000ff;\">\u00a0<em><a style=\"color: #0000ff;\" href=\"https:\/\/wasquehalbridge.com\/wp-content\/uploads\/2022\/07\/Exercices-de-Jeu-de-Flanc-AdT42-Mai-2021.pdf\" target=\"_blank\" rel=\"noopener\"><strong>Exercices<\/strong> de Jeu de Flanc &#8211; AdT42, Mai 2021<\/a><br \/>\n<\/em><\/span><\/li>\n<li><strong>Orchestrer la d\u00e9fense<\/strong>, orienter le flanc, aider le partenaire en ce sens\u00a0<em>\u00a0<span style=\"color: #0000ff;\"><a style=\"color: #0000ff;\" href=\"https:\/\/wasquehalbridge.com\/wp-content\/uploads\/2022\/07\/Faciliter-la-vie-du-partenaire-AdT38-Janvier-2020.pdf\" target=\"_blank\" rel=\"noopener\"><strong>Faciliter la vie du partenaire<\/strong>-AdT38, Janvier 2020<\/a><br \/>\n<\/span><\/em><\/li>\n<li><strong>En second<\/strong>, faut-il <strong>couvrir<\/strong> <strong>ou<\/strong> <strong>pas<\/strong> l\u2019honneur pr\u00e9sent\u00e9 ?\u00a0\u00a0<em><span style=\"color: #0000ff;\"><a style=\"color: #0000ff;\" href=\"https:\/\/wasquehalbridge.com\/wp-content\/uploads\/2022\/07\/Honneur-sur-Honneur-Couvrir-ou-pas-AdT17-Janvier-2013.pdf\" target=\"_blank\" rel=\"noopener\"><strong>Honneur sur Honneur<\/strong>, Couvrir ou pas &#8211; AdT17, Janvier 2013<\/a><br \/>\n<\/span><\/em><\/li>\n<li><strong>En troisi\u00e8me<\/strong>, faut-il jouer \u00ab la plus forte \u00bb, ou faut-il d\u00e9roger ?\u00a0<span style=\"color: #0000ff;\">\u00a0<em><a style=\"color: #0000ff;\" href=\"https:\/\/wasquehalbridge.com\/wp-content\/uploads\/2022\/07\/La-plus-forte-en-3eme-AdT26-Janvier-2016.pdf\" target=\"_blank\" rel=\"noopener\"><strong>La plus forte en 3\u00e8me<\/strong>&#8211; AdT26, Janvier 2016<\/a> \u00a0<\/em><\/span><\/li>\n<li>Trois exercices de \u00ab\u00a0<strong>promotion d\u2019atout<\/strong> \u00bb\u00a0\u00a0<em><span style=\"color: #0000ff;\"><a style=\"color: #0000ff;\" href=\"https:\/\/wasquehalbridge.com\/wp-content\/uploads\/2022\/07\/La-promotion-datout-deux-exercices-AdT44-Janvier-2022.pdf\" target=\"_blank\" rel=\"noopener\">La promotion d&rsquo;atout, deux <strong>exercices<\/strong> &#8211; AdT44, Janvier 2022<\/a>\n<p><\/span><\/em><\/li>\n<li>L\u2019art et la mani\u00e8re de <strong>signaler<\/strong> quand l\u2019adversaire joue <strong>\u00e0 la couleur\u00a0\u00a0<\/strong><em><span style=\"color: #0000ff;\"><a style=\"color: #0000ff;\" href=\"https:\/\/wasquehalbridge.com\/wp-content\/uploads\/2022\/07\/La-Signalisation-a-la-couleur-AdT6-Mai-2009.pdf\" target=\"_blank\" rel=\"noopener\">La <strong>Signalisation \u00e0 la couleur<\/strong> &#8211; AdT6, Mai 2009<\/a>\n<p><\/span><\/em><\/li>\n<li>L\u2019art et la mani\u00e8re de <strong>signaler<\/strong> quand l\u2019adversaire joue <strong>\u00e0 Sans-Atout\u00a0\u00a0<\/strong><em><span style=\"color: #0000ff;\"><a style=\"color: #0000ff;\" href=\"https:\/\/wasquehalbridge.com\/wp-content\/uploads\/2022\/07\/La-Signalisation-a-Sans-Atout-AdT5-Janvier-2009.pdf\" target=\"_blank\" rel=\"noopener\">La <strong>Signalisation \u00e0 Sans-Atout<\/strong> &#8211; AdT5, Janvier 2009<\/a>\n<p><\/span><\/em><\/li>\n<li>Le gambit du bridge : <strong>sacrifier <\/strong><strong>un honneur<\/strong> pour nuire aux communications du d\u00e9clarant\u00a0 <em><span style=\"color: #0000ff;\"><a style=\"color: #0000ff;\" href=\"https:\/\/wasquehalbridge.com\/wp-content\/uploads\/2022\/07\/Le-coup-de-MERRIMAC-AdT40-Septembre-2020.pdf\" target=\"_blank\" rel=\"noopener\">Le coup de <strong>MERRIMAC<\/strong> &#8211; AdT40, Septembre 2020<\/a>\n<p><\/span><\/em><\/li>\n<li><strong>Donner le compte<\/strong> (la signalisation \u00ab pair-impair \u00bb)\u00a0<span style=\"color: #0000ff;\">\u00a0<em><a style=\"color: #0000ff;\" href=\"https:\/\/wasquehalbridge.com\/wp-content\/uploads\/2022\/07\/Le-Pair-Impair-AdT24-Mai-2015.pdf\" target=\"_blank\" rel=\"noopener\">Le <strong>Pair Impair<\/strong> &#8211; AdT24, Mai 2015<\/a>\n<p><\/em><\/span><\/li>\n<li><strong>J\u2019ai plut\u00f4t envie<\/strong> de ceci que de cela \u2026\u00a0\u00a0<em><span style=\"color: #0000ff;\"><a style=\"color: #0000ff;\" href=\"https:\/\/wasquehalbridge.com\/wp-content\/uploads\/2022\/07\/Les-Appels-de-preference-AdT30-Mai-2017.pdf\" target=\"_blank\" rel=\"noopener\">Les <strong>Appels de pr\u00e9f\u00e9rence<\/strong> &#8211; AdT30, Mai 2017<\/a>\n<p><\/span><\/em><\/li>\n<li>Ce que tu joues, <strong>\u00e7a me plait \ud83d\ude0a\u00a0\u2026<\/strong> \u00a0<strong>\u00e7a me plait pas <\/strong><strong>\u2639 <\/strong>!\u00a0\u00a0<em><span style=\"color: #0000ff;\"><a style=\"color: #0000ff;\" href=\"https:\/\/wasquehalbridge.com\/wp-content\/uploads\/2022\/07\/Les-Appels-directs-AdT-28-Septembre-2016.pdf\" target=\"_blank\" rel=\"noopener\">Les <strong>Appels directs<\/strong> &#8211; AdT 28, Septembre 2016<\/a>\n<p><\/span><\/em><\/li>\n<li><strong>Laisser faire la lev\u00e9e<\/strong>, esquicher, duquer \u2026\u00a0<em><span style=\"color: #0000ff;\"> <a style=\"color: #0000ff;\" href=\"https:\/\/wasquehalbridge.com\/wp-content\/uploads\/2022\/07\/Prendre-ou-Laisser-Passer-en-defense-AdT19-Septembre-2013.pdf\" target=\"_blank\" rel=\"noopener\"><strong>Prendre ou Laisser Passer<\/strong> (en d\u00e9fense) &#8211; AdT19, Septembre 2013<\/a>\n<p><\/span><\/em><\/li>\n<li><strong>D\u00e9border le d\u00e9clarant<\/strong> en le faisant couper de sa main longue\u00a0\u00a0<em><span style=\"color: #0000ff;\"><a style=\"color: #0000ff;\" href=\"https:\/\/wasquehalbridge.com\/wp-content\/uploads\/2022\/07\/Raccourcir-le-declarant-AdT42-Mai-2021.pdf\" target=\"_blank\" rel=\"noopener\"><strong>Raccourcir le d\u00e9clarant<\/strong> &#8211; AdT42, Mai 2021<\/a>\n<p><\/span><\/em><\/li>\n<li><strong>Gros en second ?<\/strong>\u00a0 \u00ab\u00a0Bondir\u00a0\u00bb, c\u2019est parfois la bonne id\u00e9e !\u00a0 <em><span style=\"color: #0000ff;\"><a style=\"color: #0000ff;\" href=\"https:\/\/wasquehalbridge.com\/wp-content\/uploads\/2022\/07\/Sursauter-en-2nd-AdT22-Septembre-2014.pdf\" target=\"_blank\" rel=\"noopener\"><strong>Sursauter en 2nd<\/strong> &#8211; AdT22, Septembre 2014<\/a>\n<p><\/span><\/em><\/li>\n<li>Deux des techniques de <em><del>boxe<\/del><\/em> <strong>promotion d\u2019atout<\/strong> !\u00a0 <em><span style=\"color: #0000ff;\"><a style=\"color: #0000ff;\" href=\"https:\/\/wasquehalbridge.com\/wp-content\/uploads\/2022\/07\/Uppercut-Swing-AdT39-Mai-2020.pdf\" target=\"_blank\" rel=\"noopener\"><strong>Uppercut &amp; Swing<\/strong> &#8211; AdT39, Mai 2020<\/a> <\/span><\/em><em><span style=\"color: #0000ff;\">\n<p><\/span><\/em><\/li>\n<li>Tromper <strong>(mystifier)<\/strong> le d\u00e9clarant, en lui offrant une \u00ab\u00a0<strong>option perdante<\/strong>\u00a0\u00bb <strong>\ud83d\ude0a \u00a0<span style=\"color: #0000ff;\"><a style=\"color: #0000ff;\" href=\"https:\/\/wasquehalbridge.com\/wp-content\/uploads\/2023\/09\/Jeux-trompeurs-en-defense-AdT48.pdf\" target=\"_blank\" rel=\"noopener\">Jeux-trompeurs-en-defense-AdT48.pdf<\/a><\/span><\/strong><\/li>\n<\/ul>\n","protected":false},"excerpt":{"rendered":"<p>Objectif : faire chuter le contrat adverse &nbsp; Vous trouverez sur cette page des documents relatifs au jeu de la carte en d\u00e9fense (cliquez sur les liens en bleu). Ces articles sont essentiellement issus de la revue \u00ab\u00a0l\u2019As de Tr\u00e8fle\u00a0\u00bb, et ses auteurs\u00a0sont\u00a0: Marc KERLERO \u2013 Vincent COMBEAU \u2013 Jean-Paul BALIAN \u2013 Daniel PALADINO Norbert<br \/><a class=\"moretag\" href=\"https:\/\/wasquehalbridge.com\/index.php\/en-defense\/\">+ Read More<\/a><\/p>\n","protected":false},"author":1,"featured_media":0,"parent":0,"menu_order":0,"comment_status":"closed","ping_status":"closed","template":"","meta":{"footnotes":""},"class_list":["post-1366","page","type-page","status-publish","hentry"],"_links":{"self":[{"href":"https:\/\/wasquehalbridge.com\/index.php\/wp-json\/wp\/v2\/pages\/1366","targetHints":{"allow":["GET"]}}],"collection":[{"href":"https:\/\/wasquehalbridge.com\/index.php\/wp-json\/wp\/v2\/pages"}],"about":[{"href":"https:\/\/wasquehalbridge.com\/index.php\/wp-json\/wp\/v2\/types\/page"}],"author":[{"embeddable":true,"href":"https:\/\/wasquehalbridge.com\/index.php\/wp-json\/wp\/v2\/users\/1"}],"replies":[{"embeddable":true,"href":"https:\/\/wasquehalbridge.com\/index.php\/wp-json\/wp\/v2\/comments?post=1366"}],"version-history":[{"count":18,"href":"https:\/\/wasquehalbridge.com\/index.php\/wp-json\/wp\/v2\/pages\/1366\/revisions"}],"predecessor-version":[{"id":2102,"href":"https:\/\/wasquehalbridge.com\/index.php\/wp-json\/wp\/v2\/pages\/1366\/revisions\/2102"}],"wp:attachment":[{"href":"https:\/\/wasquehalbridge.com\/index.php\/wp-json\/wp\/v2\/media?parent=1366"}],"curies":[{"name":"wp","href":"https:\/\/api.w.org\/{rel}","templated":true}]}}