{"id":1544,"date":"2022-02-09T12:40:51","date_gmt":"2022-02-09T12:40:51","guid":{"rendered":"https:\/\/wasquehalbridge.com\/?page_id=1544"},"modified":"2023-09-07T17:34:57","modified_gmt":"2023-09-07T17:34:57","slug":"les-entames","status":"publish","type":"page","link":"https:\/\/wasquehalbridge.com\/index.php\/les-entames\/","title":{"rendered":"Les entames"},"content":{"rendered":"<h2><img fetchpriority=\"high\" decoding=\"async\" class=\"alignnone wp-image-2504\" src=\"https:\/\/wasquehalbridge.com\/wp-content\/uploads\/2022\/12\/Entame-3.jpg\" alt=\"\" width=\"595\" height=\"298\" srcset=\"https:\/\/wasquehalbridge.com\/wp-content\/uploads\/2022\/12\/Entame-3.jpg 960w, https:\/\/wasquehalbridge.com\/wp-content\/uploads\/2022\/12\/Entame-3-300x150.jpg 300w, https:\/\/wasquehalbridge.com\/wp-content\/uploads\/2022\/12\/Entame-3-768x384.jpg 768w\" sizes=\"(max-width: 595px) 100vw, 595px\" \/><\/h2>\n<h2><span style=\"color: #ff0000;\">Entamer &#8230;<\/span><\/h2>\n<p>Vous trouverez sur cette page des documents relatifs \u00e0 l\u2019entame\u00a0: La couleur \u00e0 choisir, la carte \u00e0 s\u00e9lectionner, l\u2019attitude \u00e0 adopter en face \u2026<br \/>\n(cliquez sur les <span style=\"color: #0000ff;\">liens en bleu<\/span>)<\/p>\n<p>Ces articles sont essentiellement issus de la revue \u00ab\u00a0<strong>l\u2019As de Tr\u00e8fle<\/strong>\u00a0\u00bb,<br \/>\net ses auteurs\u00a0<strong>sont<\/strong>\u00a0: Marc KERLERO \u2013 Vincent COMBEAU \u2013 Jean-Paul BALIAN \u2013 Daniel PALADINO<br \/>\nNorbert LEBELY \u2013 Michel BESSIS \u2013 Fr\u00e9d\u00e9ric VOLCKER \u2013 Jean Pierre DESMOULINS<br \/>\nPierre SAPORTA \u2013 Jean Christophe QUANTIN \u2013 Wilfried LIBBRECHT \u2013 Fran\u00e7ois COMBESCURE<\/p>\n<p><em>Cette page est appel\u00e9e, \u00e0 plus ou moins court terme, \u00e0 s\u2019enrichir de nouveaux articles.<\/em><\/p>\n<p><strong>Le choix de la couleur d\u2019entame<\/strong> (les entames dites \u00ab\u00a0\u00e9videntes\u00a0\u00bb)\u00a0<span style=\"color: #0000ff;\"><br \/>\n<a style=\"color: #0000ff;\" href=\"https:\/\/wasquehalbridge.com\/wp-content\/uploads\/2022\/07\/Les-Entames-Fondamentales-a-SA-a-la-CL-AdT39-Mai-2020.pdf\" target=\"_blank\" rel=\"noopener\"><strong>Les Entames Fondamentales<\/strong> (\u00e0 SA &amp; \u00e0 la CL) &#8211; AdT39, Mai 2020<\/a><\/span><\/p>\n<p>S\u00e9lectionner sa <strong>carte d\u2019entame contre une contrat \u00e0 la couleur\u00a0\u00a0<\/strong><span style=\"color: #0000ff;\"><br \/>\n<a style=\"color: #0000ff;\" href=\"https:\/\/wasquehalbridge.com\/wp-content\/uploads\/2022\/07\/Choix-de-la-carte-dentame-contrat-a-latout-AdT41-Janvier-2021.pdf\" target=\"_blank\" rel=\"noopener\">Choix de la <strong>carte d&rsquo;entame<\/strong> (contrat <strong>\u00e0 l&rsquo;atout<\/strong>) &#8211; AdT41, Janvier 2021<\/a><\/span><\/p>\n<p>S\u00e9lectionner sa <strong>carte d\u2019entame contre une contrat \u00e0 Sans-Atout<br \/>\n<\/strong><span style=\"color: #0000ff;\"><a style=\"color: #0000ff;\" href=\"https:\/\/wasquehalbridge.com\/wp-content\/uploads\/2022\/07\/Choix-de-la-carte-dentame-contrat-a-Sans-Atout-AdT37-Septembre-2019.pdf\" target=\"_blank\" rel=\"noopener\">Choix de la <strong>carte d&rsquo;entame<\/strong> (contrat <strong>\u00e0 Sans-Atout<\/strong>) &#8211; AdT37, Septembre 2019<\/a><\/span><\/p>\n<p>La <strong>strat\u00e9gie<\/strong> (flanc agressif, flanc neutre), \u00e7a commence d\u00e8s l\u2019entame<span style=\"color: #0000ff;\">\u00a0 <span style=\"color: #000000;\">!<\/span><br \/>\n<a style=\"color: #0000ff;\" href=\"https:\/\/wasquehalbridge.com\/wp-content\/uploads\/2022\/07\/Entame-Active-ou-Passive-contrat-a-la-CL-AdT39-Mai-2020.pdf\" target=\"_blank\" rel=\"noopener\">Entame<strong> Active ou Passive<\/strong> (contrat \u00e0 la CL) &#8211; AdT39, Mai 2020<\/a><\/span><\/p>\n<p>Entamer contre le contrat de <strong>1SA<\/strong> (on n&rsquo;entame pas de la m\u00eame fa\u00e7on contre 1SA que contre 3SA)<br \/>\n<span style=\"color: #0000ff;\"><a style=\"color: #0000ff;\" href=\"https:\/\/wasquehalbridge.com\/wp-content\/uploads\/2022\/07\/Entamer-contre-1SA-AdT16-Septembre-2012.pdf\" target=\"_blank\" rel=\"noopener\">Entamer <strong>contre 1SA<\/strong> &#8211; AdT16, Septembre 2012<\/a><\/span><\/p>\n<p>Entamer contre le contrat de <strong>6SA<\/strong><span style=\"color: #0000ff;\"><span style=\"color: #000000;\"> (on n&rsquo;entame pas de la m\u00eame fa\u00e7on contre 6SA que contre 3SA)<\/span><br \/>\n<a style=\"color: #0000ff;\" href=\"https:\/\/wasquehalbridge.com\/wp-content\/uploads\/2022\/07\/Entamer-contre-6SA-AdT18-Mai-2013.pdf\" target=\"_blank\" rel=\"noopener\">Entamer<strong> contre 6SA<\/strong> &#8211; AdT18, Mai 2013<\/a><\/span><\/p>\n<p>Entamer contre un <strong>chelem \u00e0 l\u2019atout <\/strong> (on entame diff\u00e9remment contre un chelem que contre une manche)<br \/>\n<span style=\"color: #0000ff;\"><a style=\"color: #0000ff;\" href=\"https:\/\/wasquehalbridge.com\/wp-content\/uploads\/2022\/07\/Entamer-contre-les-chelems-a-la-couleur-AdT25-Septembre-2015.pdf\" target=\"_blank\" rel=\"noopener\">Entamer<strong> contre les chelems \u00e0 la couleur<\/strong> &#8211; AdT25, Septembre 2015<\/a><\/span><\/p>\n<p>Entamer \u00e0 <strong>SA<\/strong> \u00e0 la suite d\u2019une <strong>intervention du partenaire\u00a0<\/strong><span style=\"color: #0000ff;\"><br \/>\n<a style=\"color: #0000ff;\" href=\"https:\/\/wasquehalbridge.com\/wp-content\/uploads\/2022\/07\/Lentame-a-SA-apres-intervention-du-partenaire-AdT31-Septembre-2017.pdf\" target=\"_blank\" rel=\"noopener\"><strong>L&rsquo;entame \u00e0 SA<\/strong> apr\u00e8s <strong>intervention<\/strong> du partenaire &#8211; AdT31, Septembre 2017<\/a><\/span><\/p>\n<p><strong>Quand<\/strong> convient-il d\u2019<strong>entamer atout ?\u00a0<\/strong><span style=\"color: #0000ff;\"><strong><br \/>\n<\/strong><a style=\"color: #0000ff;\" href=\"https:\/\/wasquehalbridge.com\/wp-content\/uploads\/2022\/07\/Quand-faut-il-entamer-atout-AdT35-Janvier-2019.pdf\" target=\"_blank\" rel=\"noopener\">Quand faut-il <strong>choisir l&rsquo;entame atout<\/strong> &#8211; AdT35, Janvier 2019<\/a><\/span><\/p>\n<p>Quand le partenaire <strong>entame de l\u2019As<\/strong> : quelle carte fournir ?<br \/>\n<span style=\"color: #0000ff;\"><a style=\"color: #0000ff;\" href=\"https:\/\/wasquehalbridge.com\/wp-content\/uploads\/2022\/07\/Attitude-sur-lentame-de-lAs-AdT-43-Septembre-2021.pdf\" target=\"_blank\" rel=\"noopener\"><strong>Attitude<\/strong> sur l&rsquo;<strong>entame de l&rsquo;As<\/strong> &#8211; AdT 43, Septembre 2021<\/a><\/span><\/p>\n<p>Entamer lorsque l\u2019<strong>ouverture a \u00e9t\u00e9\u00a0 4<span style=\"color: #ff0000;\">\u2665<\/span>\u00a0 ou\u00a0 4\u2660<\/strong>\u00a0<span style=\"color: #0000ff;\"><br \/>\n<a style=\"color: #0000ff;\" href=\"https:\/\/wasquehalbridge.com\/wp-content\/uploads\/2022\/07\/Entame-contre-ouv-de-4\u2665-ou-4\u2660-AdT20-Janvier-2014.pdf\" target=\"_blank\" rel=\"noopener\">Entame <strong>contre l&rsquo;ouverture de 4\u2665 ou 4\u2660<\/strong> &#8211; AdT20, Janvier 2014<\/a><\/span><\/p>\n<p><strong>Comment entamer<\/strong> \u00e0 la suite de la s\u00e9quence \u00ab <strong>1SA \u2013 passe \u2013 3SA<\/strong> \u00bb ?\u00a0<span style=\"color: #0000ff;\"><br \/>\n<a style=\"color: #0000ff;\" href=\"https:\/\/wasquehalbridge.com\/wp-content\/uploads\/2022\/07\/Entamer-apres-1SA-3SA-AdT2-Mai-2016.pdf\" target=\"_blank\" rel=\"noopener\">Entamer <strong>apr\u00e8s 1SA &#8211; 3SA<\/strong>, AdT2, Mai 2016<\/a><\/span><\/p>\n<p><strong>Comment entamer<\/strong> \u00e0 la suite de la s\u00e9quence \u00ab <strong>1\u2660 \u2013 passe \u2013 2\u2660<\/strong> \u00bb ?\u00a0<span style=\"color: #0000ff;\"><br \/>\n<a style=\"color: #0000ff;\" href=\"https:\/\/wasquehalbridge.com\/wp-content\/uploads\/2022\/07\/Entamer-apres-la-sequence-1\u2660-2\u2660-AdT23-Janvier-2015.pdf\" target=\"_blank\" rel=\"noopener\">Entamer <strong>apr\u00e8s la s\u00e9quence 1\u2660 &#8211; 2\u2660,<\/strong> AdT23, Janvier 2015<\/a><\/span><\/p>\n<p><strong>Comment entamer<\/strong> \u00e0 la suite de la s\u00e9quence \u00ab <strong>1\u2660 \u2013 passe \u2013 4\u2660<\/strong> \u00bb ?<span style=\"color: #0000ff;\"><br \/>\n<a style=\"color: #0000ff;\" href=\"https:\/\/wasquehalbridge.com\/wp-content\/uploads\/2022\/07\/Entamer-apres-la-sequence-1\u2660-4\u2660-AdT33-Mai-2018.pdf\" target=\"_blank\" rel=\"noopener\">Entamer <strong>apr\u00e8s la s\u00e9quence 1\u2660 &#8211; 4\u2660<\/strong> &#8211; AdT33, Mai 2018<\/a><\/span><\/p>\n<p><strong>Entamer<\/strong> sur la s\u00e9quence \u00ab\u00a0<strong>1\u2660 \u2013 passe \u2013 2<span style=\"color: #339966;\">\u2663<\/span> \u2013 passe \u2013 2<span style=\"color: #ff0000;\">\u2665<\/span> \u2013 passe \u2013 4\u2660<\/strong> \u00bb<span style=\"color: #0000ff;\"><br \/>\n<a style=\"color: #0000ff;\" href=\"https:\/\/wasquehalbridge.com\/wp-content\/uploads\/2022\/07\/Entamer-arpes-1\u2660-2\u2663-2\u2665-4\u2660-AdT21-Mai-2014.pdf\" target=\"_blank\" rel=\"noopener\">Entamer <strong>apr\u00e8s 1\u2660 &#8211; 2\u2663 &#8211; 2\u2665 &#8211; 4\u2660<\/strong>, AdT21, Mai 2014<\/a>\u00a0 \u00a0\u00a0<\/span><\/p>\n<p><strong>Comment entamer<\/strong> \u00e0 la suite de la s\u00e9quence \u00ab <strong>4\u2660 \u2013 passe \u2013 passe \u2013 passe <\/strong>\u00bb ?<br \/>\n<span style=\"color: #0000ff;\"><a style=\"color: #0000ff;\" href=\"https:\/\/wasquehalbridge.com\/wp-content\/uploads\/2023\/09\/Entamer-contre-4\u2660-douverture-AdT48.pdf\" target=\"_blank\" rel=\"noopener\">Entamer-contre-4\u2660-douverture-AdT48.pdf<\/a> \u00a0<\/span><\/p>\n<p><strong>Entamer contre 3SA<\/strong>, lorsque le <strong>partenaire a contr\u00e9<\/strong> ce contrat<br \/>\n<span style=\"color: #0000ff;\"><a style=\"color: #0000ff;\" href=\"https:\/\/wasquehalbridge.com\/wp-content\/uploads\/2023\/09\/Entamer-quand-le-partenaire-conte-3SA-AdT47.pdf\" target=\"_blank\" rel=\"noopener\">Entamer-quand-le-partenaire-conte-3SA-AdT47.pdf<\/a>\u00a0 \u00a0<\/span><\/p>\n<p>&#8230;<\/p>\n","protected":false},"excerpt":{"rendered":"<p>Entamer &#8230; Vous trouverez sur cette page des documents relatifs \u00e0 l\u2019entame\u00a0: La couleur \u00e0 choisir, la carte \u00e0 s\u00e9lectionner, l\u2019attitude \u00e0 adopter en face \u2026 (cliquez sur les liens en bleu) Ces articles sont essentiellement issus de la revue \u00ab\u00a0l\u2019As de Tr\u00e8fle\u00a0\u00bb, et ses auteurs\u00a0sont\u00a0: Marc KERLERO \u2013 Vincent COMBEAU \u2013 Jean-Paul BALIAN \u2013<br \/><a class=\"moretag\" href=\"https:\/\/wasquehalbridge.com\/index.php\/les-entames\/\">+ Read More<\/a><\/p>\n","protected":false},"author":1,"featured_media":0,"parent":0,"menu_order":0,"comment_status":"closed","ping_status":"closed","template":"templates\/page-fullwidth_template.php","meta":{"footnotes":""},"class_list":["post-1544","page","type-page","status-publish","hentry"],"_links":{"self":[{"href":"https:\/\/wasquehalbridge.com\/index.php\/wp-json\/wp\/v2\/pages\/1544","targetHints":{"allow":["GET"]}}],"collection":[{"href":"https:\/\/wasquehalbridge.com\/index.php\/wp-json\/wp\/v2\/pages"}],"about":[{"href":"https:\/\/wasquehalbridge.com\/index.php\/wp-json\/wp\/v2\/types\/page"}],"author":[{"embeddable":true,"href":"https:\/\/wasquehalbridge.com\/index.php\/wp-json\/wp\/v2\/users\/1"}],"replies":[{"embeddable":true,"href":"https:\/\/wasquehalbridge.com\/index.php\/wp-json\/wp\/v2\/comments?post=1544"}],"version-history":[{"count":15,"href":"https:\/\/wasquehalbridge.com\/index.php\/wp-json\/wp\/v2\/pages\/1544\/revisions"}],"predecessor-version":[{"id":2880,"href":"https:\/\/wasquehalbridge.com\/index.php\/wp-json\/wp\/v2\/pages\/1544\/revisions\/2880"}],"wp:attachment":[{"href":"https:\/\/wasquehalbridge.com\/index.php\/wp-json\/wp\/v2\/media?parent=1544"}],"curies":[{"name":"wp","href":"https:\/\/api.w.org\/{rel}","templated":true}]}}