{"id":1547,"date":"2022-02-09T12:46:40","date_gmt":"2022-02-09T12:46:40","guid":{"rendered":"https:\/\/wasquehalbridge.com\/?page_id=1547"},"modified":"2023-09-07T17:38:05","modified_gmt":"2023-09-07T17:38:05","slug":"le-coin-du-debutant","status":"publish","type":"page","link":"https:\/\/wasquehalbridge.com\/index.php\/documents-utiles\/le-coin-du-debutant\/","title":{"rendered":"Le coin du d\u00e9butant"},"content":{"rendered":"<p><strong>Vous d\u00e9butez<\/strong> votre apprentissage du jeu de bridge ?<br \/>\nVous suivez donc les <strong>cours de premi\u00e8re ann\u00e9e<\/strong> (d\u00e9couverte du bridge) ?<br \/>\nAlors cette page est faite pour vous, avec <strong>plein de bonnes lectures<\/strong>\u00a0\ud83d\ude0a\u00a0!<\/p>\n<p><img fetchpriority=\"high\" decoding=\"async\" class=\"alignnone wp-image-2507\" src=\"https:\/\/wasquehalbridge.com\/wp-content\/uploads\/2022\/12\/De-quoi-lire-2.jpg\" alt=\"\" width=\"559\" height=\"373\" srcset=\"https:\/\/wasquehalbridge.com\/wp-content\/uploads\/2022\/12\/De-quoi-lire-2.jpg 900w, https:\/\/wasquehalbridge.com\/wp-content\/uploads\/2022\/12\/De-quoi-lire-2-300x200.jpg 300w, https:\/\/wasquehalbridge.com\/wp-content\/uploads\/2022\/12\/De-quoi-lire-2-768x512.jpg 768w\" sizes=\"(max-width: 559px) 100vw, 559px\" \/><\/p>\n<p>Voici donc des <strong>fiches r\u00e9sum\u00e9es<\/strong> sur quelques-uns des th\u00e8mes d\u00e9velopp\u00e9s lors de vos cours d&rsquo;initiation, fiches accompagn\u00e9es <strong>d\u2019exercices<\/strong> (\u00e0 chercher d\u2019abord) avec <strong>solutions<\/strong> (\u00e0 lire ensuite).<br \/>\nCes fiches et ces exercices sont en conformit\u00e9 avec le programme d\u2019enseignement du BF1 !<br \/>\n(cliquez sur les <span style=\"color: #0000ff;\">liens en bleu<\/span> ou en <span style=\"color: #ff0000;\">rouge<\/span>)<br \/>\nLa plupart de ce articles ont \u00e9t\u00e9 r\u00e9dig\u00e9s par Sabine ROLLAND et Christine KOECK<\/p>\n<p><em>Cette page est appel\u00e9e, \u00e0 plus ou moins court terme, \u00e0 s\u2019enrichir de nouveaux articles.<\/em><\/p>\n<ul>\n<li>Les contrats (et <strong>paliers<\/strong> correspondants) qu\u2019on qualifie d\u2019<strong>inutiles<\/strong> :<br \/>\n<span style=\"color: #0000ff;\"><span style=\"color: #0000ff;\"><span style=\"color: #0000ff;\"><a style=\"color: #0000ff;\" href=\"https:\/\/wasquehalbridge.com\/wp-content\/uploads\/2022\/02\/Les-paliers-dits-inutiles-AdT35-Janvier-2019.pdf\" target=\"_blank\" rel=\"noopener\">Les paliers dits inutiles &#8211; AdT35, Janvier 2019<\/a>\u00a0<\/span><\/span><\/span><\/li>\n<\/ul>\n<hr \/>\n<ul>\n<li>La <strong>marque<\/strong> : quel est le score obtenu \u00e0 l&rsquo;issu de la donne :<br \/>\n<a href=\"https:\/\/wasquehalbridge.com\/wp-content\/uploads\/2022\/07\/Comment-calculer-le-score.pdf\" target=\"_blank\" rel=\"noopener\"><strong>Comment calculer le score<\/strong> (docu perso)<\/a><\/li>\n<\/ul>\n<hr \/>\n<ul>\n<li>Lorsque les grosses cartes <strong>bloquent<\/strong> vos couleurs !<br \/>\n<span style=\"color: #0000ff;\"><span style=\"color: #0000ff;\"><a style=\"color: #0000ff;\" href=\"https:\/\/wasquehalbridge.com\/wp-content\/uploads\/2022\/02\/Manier-les-couleurs-bloquees-AdT41-Janvier-2021.pdf\" target=\"_blank\" rel=\"noopener\">Manier les couleurs bloqu\u00e9es &#8211; AdT41, Janvier 2021<\/a>\u00a0<\/span><\/span><\/li>\n<\/ul>\n<hr \/>\n<ul>\n<li>Comment <strong>compter les cartes<\/strong> sans trop d\u2019effort ?<br \/>\n<span style=\"color: #0000ff;\"><a style=\"color: #0000ff;\" href=\"https:\/\/wasquehalbridge.com\/wp-content\/uploads\/2022\/02\/Compter-les-cartes-AdT43-Septembre-2021.pdf\" target=\"_blank\" rel=\"noopener\">Compter les cartes (AdT43, Septembre 2021)<\/a>\u00a0<\/span> ,\u00a0<span style=\"color: #0000ff;\"><span style=\"color: #0000ff;\"> <a style=\"color: #0000ff;\" href=\"https:\/\/wasquehalbridge.com\/wp-content\/uploads\/2022\/02\/COMPTER-LES-CARTES-SANS-TROP-DEFFORT.pdf\" target=\"_blank\" rel=\"noopener\">COMPTER LES CARTES SANS TROP D\u2019EFFORT<\/a>\u00a0<\/span><\/span><\/li>\n<\/ul>\n<hr \/>\n<ul>\n<li><span style=\"color: #0000ff;\">\u00a0<\/span>Vais-je faire des <strong>lev\u00e9es de longueur<\/strong> ? Combien, et \u00e0 quelles conditions ?<br \/>\n<span style=\"color: #0000ff;\"><a style=\"color: #0000ff;\" href=\"https:\/\/wasquehalbridge.com\/wp-content\/uploads\/2022\/02\/Faire-des-levees-de-longueur-AdT-Decembre-2020.pdf\" target=\"_blank\" rel=\"noopener\">Faire des lev\u00e9es de longueur (AdT, D\u00e9cembre 2020)<\/a> \u00a0<\/span><\/li>\n<\/ul>\n<hr \/>\n<ul>\n<li>Votre partenaire ouvre d\u20191<span style=\"color: #ff0000;\"><strong>\u2665<\/strong><\/span> ou d\u20191\u2660\u00a0: comment \u00e9valuer la <strong>force de votre fit<\/strong> ?<br \/>\n<a href=\"https:\/\/wasquehalbridge.com\/wp-content\/uploads\/2022\/05\/Bien-evaluer-son-fit-Majeur-AdT39-Mai-2020.pdf\" target=\"_blank\" rel=\"noopener\"><span style=\"color: #0000ff;\">Bien \u00e9valuer son fit Majeur &#8211; AdT39, Mai 2020<\/span><\/a><\/li>\n<\/ul>\n<hr \/>\n<ul>\n<li>Votre partenaire ouvre d\u20191<span style=\"color: #ff0000;\"><strong>\u2665<\/strong><\/span>\u00a0ou d\u20191\u2660\u00a0: comment <strong>exprimer votre fit<\/strong> ?<br \/>\n<a href=\"https:\/\/wasquehalbridge.com\/wp-content\/uploads\/2022\/05\/Exprimer-son-Fit-apres-OUVerture-MAJeure-AdT40-Septembre-2020.pdf\" target=\"_blank\" rel=\"noopener\"><span style=\"color: #0000ff;\">Exprimer son Fit apr\u00e8s Ouverture Majeure &#8211; AdT40, Septembre 2020<\/span><\/a><\/li>\n<\/ul>\n<hr \/>\n<ul>\n<li>Vous avez ouvert d\u20191<strong><span style=\"color: #ff0000;\">\u2665<\/span><\/strong> ou d\u20191\u2660 et votre <strong>partenaire vient de vous soutenir<\/strong> (au palier de 2) : comment allez-vous poursuivre ?<br \/>\n<a href=\"https:\/\/wasquehalbridge.com\/wp-content\/uploads\/2022\/05\/Apres-un-Soutien-Simple-AdT33-Mai-2018.pdf\" target=\"_blank\" rel=\"noopener\"><span style=\"color: #0000ff;\">Apr\u00e8s un Soutien Simple &#8211; AdT33, Mai 2018<\/span><\/a><\/li>\n<\/ul>\n<hr \/>\n<ul>\n<li>Votre partenaire vient d\u2019<strong>ouvrir de 2SA<\/strong>. Qu\u2019allez vous lui r\u00e9pondre ?<br \/>\n<span style=\"color: #0000ff;\"><a style=\"color: #0000ff;\" href=\"https:\/\/wasquehalbridge.com\/wp-content\/uploads\/2022\/05\/Les-Reponses-a-louverture-de-2SA-AdT38-Janvier-2020.pdf\" target=\"_blank\" rel=\"noopener\">Les R\u00e9ponses \u00e0 l&rsquo;ouverture de 2SA &#8211; AdT38, Janvier 2020<\/a><\/span><\/li>\n<\/ul>\n<hr \/>\n<ul>\n<li><strong>Avoir la certitude d\u2019un fit en Majeure<\/strong> quand le partenaire exprime un jeu r\u00e9gulier\u00a0:<br \/>\n<span style=\"color: #0000ff;\"><a style=\"color: #0000ff;\" href=\"https:\/\/wasquehalbridge.com\/wp-content\/uploads\/2022\/05\/La-certitude-dun-fit-en-Majeure-AdT37-Septembre-2019.pdf\" target=\"_blank\" rel=\"noopener\">La certitude d&rsquo;un fit en Majeure &#8211; AdT37, Septembre 2019<\/a><\/span><\/li>\n<\/ul>\n<hr \/>\n<ul>\n<li>Le <strong>balayage des couleurs quatri\u00e8mes<\/strong> en recherche d\u2019un fit en majeure\u00a0:<br \/>\n<a href=\"https:\/\/wasquehalbridge.com\/wp-content\/uploads\/2022\/05\/Le-balayage-des-CL-4emes-AdT42-Mai-2021.pdf\" target=\"_blank\" rel=\"noopener\"><span style=\"color: #0000ff;\">Le balayage des CL 4\u00e8mes &#8211; AdT42, Mai 2021<\/span><\/a><\/li>\n<\/ul>\n<hr \/>\n<ul>\n<li>Comment traiter <strong>les mains r\u00e9guli\u00e8res \u00e0 l\u2019ouverture<\/strong> ?<br \/>\n<span style=\"color: #0000ff;\"><a style=\"color: #0000ff;\" href=\"https:\/\/wasquehalbridge.com\/wp-content\/uploads\/2022\/05\/Les-mains-regulieres-a-louverture-AdT34-Septembre-2018.pdf\" target=\"_blank\" rel=\"noopener\">Les mains r\u00e9guli\u00e8res \u00e0 l&rsquo;ouverture &#8211; AdT34, Septembre 2018<\/a>\u00a0<\/span><\/li>\n<\/ul>\n<hr \/>\n<ul>\n<li><span style=\"color: #0000ff;\"><span style=\"color: #000000;\"><strong>Vous avez ouvert<\/strong> et votre partenaire a r\u00e9pondu <\/span><\/span>1<strong><span style=\"color: #ff0000;\">\u2665<\/span><\/strong> ou 1\u2660<span style=\"color: #0000ff;\"><span style=\"color: #000000;\">\u00a0:<\/span> <span style=\"color: #000000;\">co<\/span><\/span><span style=\"color: #000000;\">m<\/span>ment lui <strong>exprimer votre fit<\/strong> ?<br \/>\n<span style=\"color: #0000ff;\"><a style=\"color: #0000ff;\" href=\"https:\/\/wasquehalbridge.com\/wp-content\/uploads\/2022\/05\/Les-soutiens-donnes-par-louvreur-AdT36-Mai-2019.pdf\" target=\"_blank\" rel=\"noopener\">Les soutiens donn\u00e9s par l&rsquo;ouvreur &#8211; AdT36, Mai 2019<\/a>\u00a0<\/span><\/li>\n<\/ul>\n<hr \/>\n<ul>\n<li><strong>D\u00e9fausser correctement<\/strong>, pas toujours facile quand on est <strong>en d\u00e9fense<\/strong><br \/>\n<span style=\"color: #0000ff;\"><a style=\"color: #0000ff;\" href=\"https:\/\/wasquehalbridge.com\/wp-content\/uploads\/2023\/09\/Bien-defausser-en-flanc-AdT47-1.pdf\" target=\"_blank\" rel=\"noopener\">Bien-defausser-en-flanc-AdT47-1.pdf<\/a>\u00a0 \u00a0<\/span><\/li>\n<\/ul>\n<hr \/>\n<ul>\n<li>Quand <strong>tomber les atouts<\/strong> adverses : <strong>tout de suite ou plus tard ?<br \/>\n<\/strong><span style=\"color: #0000ff;\"><a style=\"color: #0000ff;\" href=\"https:\/\/wasquehalbridge.com\/wp-content\/uploads\/2023\/09\/Quand-faire-tomber-ou-pas-les-atouts-AdT48-Avril-2023-1.pdf\" target=\"_blank\" rel=\"noopener\">Quand-faire-tomber-ou-pas-les-atouts-AdT48-Avril-2023-1.pdf<\/a>\u00a0 \u00a0<\/span><strong><br \/>\n<\/strong><\/li>\n<\/ul>\n<hr \/>\n<ul>\n<li><strong>Nommer la manche<\/strong> : est-ce un <strong>description<\/strong> ou est-ce un <strong>conclusion<\/strong> <strong>?<br \/>\n<\/strong><span style=\"color: #0000ff;\"><a style=\"color: #0000ff;\" href=\"https:\/\/wasquehalbridge.com\/wp-content\/uploads\/2023\/09\/Nommer-la-manche-est-ce-se-decrire-ou-conclure-AdT49-1.pdf\" target=\"_blank\" rel=\"noopener\">Nommer-la-manche-est-ce-se-decrire-ou-conclure-AdT49-1.pdf<\/a> \u00a0<strong>\u00a0\u00a0<\/strong><\/span><\/li>\n<\/ul>\n<hr \/>\n<ul>\n<li><b>Exercices : choisir la bonne ouverture<\/b> pour mettre votre camp sur de bons rails :<br \/>\n<a href=\"https:\/\/wasquehalbridge.com\/wp-content\/uploads\/2022\/05\/Choisir-la-bonne-ouverture-AdT-Decembre-2020.pdf\" target=\"_blank\" rel=\"noopener\"><span style=\"color: #0000ff;\">Choisir la bonne ouverture &#8211; AdT, D\u00e9cembre 2020<\/span><\/a><\/li>\n<\/ul>\n<hr \/>\n<ul>\n<li><strong>Exercices :<\/strong> 12 cartes seulement, <strong>il manque une carte<\/strong>, laquelle pour l&rsquo;ench\u00e8re en question ?<br \/>\n<a href=\"https:\/\/wasquehalbridge.com\/wp-content\/uploads\/2022\/05\/Completer-les-mains-pour-les-encheres-proposees-AdT-Decembre-2020.pdf\" target=\"_blank\" rel=\"noopener\"><span style=\"color: #0000ff;\">Compl\u00e9ter les mains pour les ench\u00e8res propos\u00e9es (AdT, D\u00e9cembre 2020)<\/span><\/a><\/li>\n<\/ul>\n<hr \/>\n<ul>\n<li><strong>Exercices :<\/strong> <strong>Quel est le jeu<\/strong> qui correspond \u00e0 l&rsquo;ench\u00e8re propos\u00e9e ?<br \/>\n<span style=\"color: #0000ff;\"><a style=\"color: #0000ff;\" href=\"https:\/\/wasquehalbridge.com\/wp-content\/uploads\/2022\/05\/Trouver-la-main-correspondante-a-lenchere-AdT-Decembre-2020.pdf\" target=\"_blank\" rel=\"noopener\">Trouver la main correspondante \u00e0 l&rsquo;ench\u00e8re (AdT, D\u00e9cembre 2020)<\/a>\u00a0<\/span><\/li>\n<\/ul>\n<hr \/>\n<ul>\n<li><strong>Exercices :\u00a0<\/strong>Vais-je r\u00e9ussir \u00e0 faire des <strong>lev\u00e9es de longueur<\/strong> ?<br \/>\n<span style=\"color: #0000ff;\"><a style=\"color: #0000ff;\" href=\"https:\/\/wasquehalbridge.com\/wp-content\/uploads\/2022\/05\/Faire-des-levees-de-longueur-AdT-Decembre-2020.pdf\" target=\"_blank\" rel=\"noopener\">Faire des lev\u00e9es de longueur (AdT, D\u00e9cembre 2020)<\/a>\u00a0<\/span><\/li>\n<\/ul>\n<hr \/>\n<ul>\n<li><strong>Exercices : <\/strong>Avec ce jeu, quelle sera <strong>votre entame <\/strong>?<br \/>\n<span style=\"color: #0000ff;\"><a style=\"color: #0000ff;\" href=\"https:\/\/wasquehalbridge.com\/wp-content\/uploads\/2022\/05\/Choisir-son-entame-AdT-Decembre-2020.pdf\" target=\"_blank\" rel=\"noopener\">Choisir son entame (AdT, D\u00e9cembre 2020)<\/a>\u00a0<\/span><\/li>\n<\/ul>\n<hr \/>\n<p>&nbsp;<\/p>\n<ul>\n<li><em>\u00e0 suivre\u00a0<\/em><i>\u2026<\/i><br \/>\n<img decoding=\"async\" class=\"alignnone size-medium wp-image-1355\" src=\"https:\/\/wasquehalbridge.com\/wp-content\/uploads\/2022\/01\/page-en-chantier-190x300.webp\" alt=\"\" width=\"190\" height=\"300\" srcset=\"https:\/\/wasquehalbridge.com\/wp-content\/uploads\/2022\/01\/page-en-chantier-190x300.webp 190w, https:\/\/wasquehalbridge.com\/wp-content\/uploads\/2022\/01\/page-en-chantier.webp 531w\" sizes=\"(max-width: 190px) 100vw, 190px\" \/><\/li>\n<\/ul>\n","protected":false},"excerpt":{"rendered":"<p>Vous d\u00e9butez votre apprentissage du jeu de bridge ? Vous suivez donc les cours de premi\u00e8re ann\u00e9e (d\u00e9couverte du bridge) ? Alors cette page est faite pour vous, avec plein de bonnes lectures\u00a0\ud83d\ude0a\u00a0! Voici donc des fiches r\u00e9sum\u00e9es sur quelques-uns des th\u00e8mes d\u00e9velopp\u00e9s lors de vos cours d&rsquo;initiation, fiches accompagn\u00e9es d\u2019exercices (\u00e0 chercher d\u2019abord) avec<br \/><a class=\"moretag\" href=\"https:\/\/wasquehalbridge.com\/index.php\/documents-utiles\/le-coin-du-debutant\/\">+ Read More<\/a><\/p>\n","protected":false},"author":1,"featured_media":0,"parent":467,"menu_order":0,"comment_status":"closed","ping_status":"closed","template":"","meta":{"footnotes":""},"class_list":["post-1547","page","type-page","status-publish","hentry"],"_links":{"self":[{"href":"https:\/\/wasquehalbridge.com\/index.php\/wp-json\/wp\/v2\/pages\/1547","targetHints":{"allow":["GET"]}}],"collection":[{"href":"https:\/\/wasquehalbridge.com\/index.php\/wp-json\/wp\/v2\/pages"}],"about":[{"href":"https:\/\/wasquehalbridge.com\/index.php\/wp-json\/wp\/v2\/types\/page"}],"author":[{"embeddable":true,"href":"https:\/\/wasquehalbridge.com\/index.php\/wp-json\/wp\/v2\/users\/1"}],"replies":[{"embeddable":true,"href":"https:\/\/wasquehalbridge.com\/index.php\/wp-json\/wp\/v2\/comments?post=1547"}],"version-history":[{"count":20,"href":"https:\/\/wasquehalbridge.com\/index.php\/wp-json\/wp\/v2\/pages\/1547\/revisions"}],"predecessor-version":[{"id":2881,"href":"https:\/\/wasquehalbridge.com\/index.php\/wp-json\/wp\/v2\/pages\/1547\/revisions\/2881"}],"up":[{"embeddable":true,"href":"https:\/\/wasquehalbridge.com\/index.php\/wp-json\/wp\/v2\/pages\/467"}],"wp:attachment":[{"href":"https:\/\/wasquehalbridge.com\/index.php\/wp-json\/wp\/v2\/media?parent=1547"}],"curies":[{"name":"wp","href":"https:\/\/api.w.org\/{rel}","templated":true}]}}