{"id":1552,"date":"2022-02-09T13:03:12","date_gmt":"2022-02-09T13:03:12","guid":{"rendered":"https:\/\/wasquehalbridge.com\/?page_id=1552"},"modified":"2024-02-17T10:32:11","modified_gmt":"2024-02-17T10:32:11","slug":"quiz-dencheres-ou-de-jeu-2","status":"publish","type":"page","link":"https:\/\/wasquehalbridge.com\/index.php\/documents-utiles\/quiz-dencheres-ou-de-jeu-2\/","title":{"rendered":"Quiz (d&rsquo;ench\u00e8res et de jeu)"},"content":{"rendered":"<p><img fetchpriority=\"high\" decoding=\"async\" class=\"alignnone wp-image-2742\" src=\"https:\/\/wasquehalbridge.com\/wp-content\/uploads\/2023\/08\/Quizz.gif\" alt=\"\" width=\"259\" height=\"324\" \/>\u00a0 \u00a0 \u00a0<img decoding=\"async\" class=\"alignnone  wp-image-3062\" src=\"https:\/\/wasquehalbridge.com\/wp-content\/uploads\/2024\/02\/Quiz-gif-anime.gif\" alt=\"\" width=\"368\" height=\"307\" \/><\/p>\n<p>Vous trouverez sur cette page des quiz pour la plupart de 15 questions chacun, \u00e0 savoir :<br \/>\n<strong>9 <\/strong>probl\u00e8mes d\u2019<strong>ench\u00e8res<\/strong>, <strong>4 <\/strong>exercices d\u2019<strong>entame<\/strong>, un coup \u00e0 jouer <strong>en face du mort<\/strong>, et un contrat <strong>\u00e0 faire chuter<\/strong>.<br \/>\nCes quiz sont issus de la revue \u00ab\u00a0<strong>l\u2019As de Tr\u00e8fle<\/strong> \u00bb, et ses auteurs\u00a0sont\u00a0Jean Pierre DESMOULINS et Philippe CRONIER.<\/p>\n<h3>Pas de th\u00e8mes particuliers, aucune indication donn\u00e9e \u2026 c&rsquo;est \u00e0 vous de jouer \ud83d\ude0a !<\/h3>\n<p><em>Cette page est appel\u00e9e, \u00e0 plus ou moins court terme, \u00e0 s\u2019enrichir de nouveaux articles.<\/em><\/p>\n<p>Quiz <strong>n\u00b016<\/strong>\u00a0 <span style=\"color: #0000ff;\"><a style=\"color: #0000ff;\" href=\"https:\/\/wasquehalbridge.com\/wp-content\/uploads\/2022\/07\/Quizz-AdT16-Septembre-2012.pdf\" target=\"_blank\" rel=\"noopener\">Quizz &#8211; AdT16, Septembre 2012<\/a><\/span><\/p>\n<p>Quiz <strong>n\u00b017<\/strong>\u00a0\u00a0<span style=\"color: #0000ff;\"><a style=\"color: #0000ff;\" href=\"https:\/\/wasquehalbridge.com\/wp-content\/uploads\/2022\/07\/Quizz-AdT17-Janvier-2013.pdf\" target=\"_blank\" rel=\"noopener\">Quizz &#8211; AdT17, Janvier 2013<\/a><\/span><\/p>\n<p>Quiz <strong>n\u00b018<\/strong> \u00a0<span style=\"color: #0000ff;\"><a style=\"color: #0000ff;\" href=\"https:\/\/wasquehalbridge.com\/wp-content\/uploads\/2022\/07\/Quizz-AdT18-Mai-2013.pdf\" target=\"_blank\" rel=\"noopener\">Quizz &#8211; AdT18, Mai 2013<\/a><\/span><\/p>\n<p>Quiz <strong>n\u00b019<\/strong>\u00a0\u00a0<span style=\"color: #0000ff;\"><a style=\"color: #0000ff;\" href=\"https:\/\/wasquehalbridge.com\/wp-content\/uploads\/2022\/07\/Quizz-AdT19-Septembre-2013.pdf\" target=\"_blank\" rel=\"noopener\">Quizz &#8211; AdT19, Septembre 2013<\/a><\/span><\/p>\n<p>Quiz <strong>n\u00b020<\/strong>\u00a0\u00a0<span style=\"color: #0000ff;\"><a style=\"color: #0000ff;\" href=\"https:\/\/wasquehalbridge.com\/wp-content\/uploads\/2022\/07\/Quizz-AdT20-Janvier-2014.pdf\" target=\"_blank\" rel=\"noopener\">Quizz &#8211; AdT20, Janvier 2014<\/a><\/span><\/p>\n<p>Quiz <strong>n\u00b021<\/strong>\u00a0\u00a0<span style=\"color: #0000ff;\"><a style=\"color: #0000ff;\" href=\"https:\/\/wasquehalbridge.com\/wp-content\/uploads\/2022\/07\/Quizz-AdT21-Mai-2014.pdf\" target=\"_blank\" rel=\"noopener\">Quizz &#8211; AdT21, Mai 2014<\/a><\/span><\/p>\n<p>Quiz <strong>n\u00b022<\/strong>\u00a0\u00a0<span style=\"color: #0000ff;\"><a style=\"color: #0000ff;\" href=\"https:\/\/wasquehalbridge.com\/wp-content\/uploads\/2022\/07\/Quizz-AdT22-Septembre-2014.pdf\" target=\"_blank\" rel=\"noopener\">Quizz &#8211; AdT22, Septembre 2014<\/a><\/span><\/p>\n<p><span style=\"color: #0000ff;\"><span style=\"color: #000000;\">Quiz <strong>n\u00b023<\/strong><\/span>\u00a0\u00a0<a style=\"color: #0000ff;\" href=\"https:\/\/wasquehalbridge.com\/wp-content\/uploads\/2022\/07\/Quizz-AdT23-Janvier-2015.pdf\" target=\"_blank\" rel=\"noopener\">Quizz &#8211; AdT23, Janvier 2015<\/a><\/span><\/p>\n<p>Quiz <strong>n\u00b024<\/strong>\u00a0\u00a0<span style=\"color: #0000ff;\"><a style=\"color: #0000ff;\" href=\"https:\/\/wasquehalbridge.com\/wp-content\/uploads\/2022\/07\/Quizz-AdT24-Mai-2015.pdf\" target=\"_blank\" rel=\"noopener\">Quizz &#8211; AdT24, Mai 2015<\/a><\/span><\/p>\n<p>Quiz <strong>n\u00b025<\/strong>\u00a0\u00a0<span style=\"color: #0000ff;\"><a style=\"color: #0000ff;\" href=\"https:\/\/wasquehalbridge.com\/wp-content\/uploads\/2022\/07\/Quizz-AdT25-Septembre-2015.pdf\" target=\"_blank\" rel=\"noopener\">Quizz &#8211; AdT25, Septembre 2015<\/a><\/span><\/p>\n<p>Quiz <strong>n\u00b026<\/strong>\u00a0\u00a0<span style=\"color: #0000ff;\"><a style=\"color: #0000ff;\" href=\"https:\/\/wasquehalbridge.com\/wp-content\/uploads\/2022\/07\/Quizz-AdT26-Janvier-2016.pdf\" target=\"_blank\" rel=\"noopener\">Quizz &#8211; AdT26, Janvier 2016<\/a><\/span><\/p>\n<p>Quiz <strong>n\u00b027<\/strong>\u00a0\u00a0<span style=\"color: #0000ff;\"><a style=\"color: #0000ff;\" href=\"https:\/\/wasquehalbridge.com\/wp-content\/uploads\/2022\/07\/Quizz-AdT27-Mai-2016.pdf\" target=\"_blank\" rel=\"noopener\">Quizz &#8211; AdT27, Mai 2016<\/a><\/span><\/p>\n<p>Quiz <strong>n\u00b028<\/strong>\u00a0\u00a0<span style=\"color: #0000ff;\"><a style=\"color: #0000ff;\" href=\"https:\/\/wasquehalbridge.com\/wp-content\/uploads\/2022\/07\/Quizz-AdT28-Septembre-2016.pdf\" target=\"_blank\" rel=\"noopener\">Quizz &#8211; AdT28, Septembre 2016<\/a><\/span><\/p>\n<p>Quiz <strong>n\u00b029<\/strong>\u00a0\u00a0<span style=\"color: #0000ff;\"><a style=\"color: #0000ff;\" href=\"https:\/\/wasquehalbridge.com\/wp-content\/uploads\/2022\/07\/Quizz-AdT29-Janvier-2017.pdf\" target=\"_blank\" rel=\"noopener\">Quizz &#8211; AdT29, Janvier 2017<\/a><\/span><\/p>\n<p>Quiz <strong>n\u00b030<\/strong>\u00a0\u00a0<span style=\"color: #0000ff;\"><a style=\"color: #0000ff;\" href=\"https:\/\/wasquehalbridge.com\/wp-content\/uploads\/2022\/07\/Quizz-AdT30-Mai-2017.pdf\" target=\"_blank\" rel=\"noopener\">Quizz &#8211; AdT30, Mai 2017<\/a><\/span><\/p>\n<p>Quiz <strong>n\u00b031<\/strong>\u00a0\u00a0<span style=\"color: #0000ff;\"><a style=\"color: #0000ff;\" href=\"https:\/\/wasquehalbridge.com\/wp-content\/uploads\/2022\/07\/Quizz-AdT31-Septembre-2017.pdf\" target=\"_blank\" rel=\"noopener\">Quizz &#8211; AdT31, Septembre 2017<\/a><\/span><\/p>\n<p>Quiz <strong>n\u00b032<\/strong>\u00a0\u00a0<span style=\"color: #0000ff;\"><a style=\"color: #0000ff;\" href=\"https:\/\/wasquehalbridge.com\/wp-content\/uploads\/2022\/07\/Quizz-AdT32-Janvier-2018.pdf\" target=\"_blank\" rel=\"noopener\">Quizz &#8211; AdT32, Janvier 2018<\/a><\/span><\/p>\n<p>Quiz <strong>n\u00b033<\/strong> \u00a0<span style=\"color: #0000ff;\"><a style=\"color: #0000ff;\" href=\"https:\/\/wasquehalbridge.com\/wp-content\/uploads\/2022\/07\/Quizz-AdT33-Mai-2018.pdf\" target=\"_blank\" rel=\"noopener\">Quizz &#8211; AdT33, Mai 2018<\/a><\/span><\/p>\n<p>Quiz <strong>n\u00b034<\/strong>\u00a0\u00a0<span style=\"color: #0000ff;\"><a style=\"color: #0000ff;\" href=\"https:\/\/wasquehalbridge.com\/wp-content\/uploads\/2022\/07\/Quizz-AdT34-Septembre-2018.pdf\" target=\"_blank\" rel=\"noopener\">Quizz &#8211; AdT34, Septembre 2018<\/a><\/span><\/p>\n<p>Quiz <strong>n\u00b035<\/strong>\u00a0\u00a0<span style=\"color: #0000ff;\"><a style=\"color: #0000ff;\" href=\"https:\/\/wasquehalbridge.com\/wp-content\/uploads\/2022\/07\/Quizz-AdT35-Janvier-2019.pdf\" target=\"_blank\" rel=\"noopener\">Quizz &#8211; AdT35, Janvier 2019<\/a><\/span><\/p>\n<p>Quiz <strong>n\u00b036<\/strong>\u00a0\u00a0<span style=\"color: #0000ff;\"><a style=\"color: #0000ff;\" href=\"https:\/\/wasquehalbridge.com\/wp-content\/uploads\/2022\/07\/Quizz-AdT36-Mai-2019.pdf\" target=\"_blank\" rel=\"noopener\">Quizz &#8211; AdT36, Mai 2019<\/a><\/span><\/p>\n<p>Quiz <strong>n\u00b037<\/strong>\u00a0\u00a0<span style=\"color: #0000ff;\"><a style=\"color: #0000ff;\" href=\"https:\/\/wasquehalbridge.com\/wp-content\/uploads\/2022\/07\/Quizz-AdT37-Septembre-2019.pdf\" target=\"_blank\" rel=\"noopener\">Quizz &#8211; AdT37, Septembre 2019<\/a><\/span><\/p>\n<p>Quiz <strong>n\u00b038<\/strong>\u00a0\u00a0<span style=\"color: #0000ff;\"><a style=\"color: #0000ff;\" href=\"https:\/\/wasquehalbridge.com\/wp-content\/uploads\/2022\/07\/Quizz-AdT38-Janvier-2020.pdf\" target=\"_blank\" rel=\"noopener\">Quizz &#8211; AdT38, , Janvier 2020<\/a><\/span><\/p>\n<p>Quiz <strong>n\u00b039<\/strong>\u00a0\u00a0<span style=\"color: #0000ff;\"><a style=\"color: #0000ff;\" href=\"https:\/\/wasquehalbridge.com\/wp-content\/uploads\/2022\/07\/Quizz-AdT39-Mai-2020.pdf\" target=\"_blank\" rel=\"noopener\">Quizz &#8211; AdT39, Mai 2020<\/a><\/span><\/p>\n<p>Quiz <strong>n\u00b040<\/strong>\u00a0\u00a0<span style=\"color: #0000ff;\"><a style=\"color: #0000ff;\" href=\"https:\/\/wasquehalbridge.com\/wp-content\/uploads\/2022\/07\/Quizz-AdT40-Septembre-2020.pdf\" target=\"_blank\" rel=\"noopener\">Quizz &#8211; AdT40, Septembre 2020<\/a><\/span><\/p>\n<p>Quiz <strong>n\u00b041<\/strong>\u00a0\u00a0<span style=\"color: #0000ff;\"><a style=\"color: #0000ff;\" href=\"https:\/\/wasquehalbridge.com\/wp-content\/uploads\/2022\/07\/Quizz-AdT41-Janvier-2021.pdf\" target=\"_blank\" rel=\"noopener\">Quizz &#8211; AdT41, Janvier 2021<\/a><\/span><\/p>\n<p>Quiz <strong>n\u00b042<\/strong>\u00a0\u00a0<span style=\"color: #0000ff;\"><a style=\"color: #0000ff;\" href=\"https:\/\/wasquehalbridge.com\/wp-content\/uploads\/2022\/07\/Quizz-AdT42-Mai-2021.pdf\" target=\"_blank\" rel=\"noopener\">Quizz &#8211; AdT42, Mai 2021<\/a><\/span><\/p>\n<p>Quiz <strong>n\u00b043<\/strong>\u00a0 <span style=\"color: #0000ff;\"><a style=\"color: #0000ff;\" href=\"https:\/\/wasquehalbridge.com\/wp-content\/uploads\/2022\/07\/Quizz-AdT43-Septembre-2021.pdf\" target=\"_blank\" rel=\"noopener\">Quizz &#8211; AdT43, Septembre 2021<\/a><\/span><\/p>\n<p>Quiz <strong>n\u00b044<\/strong>\u00a0 <span style=\"color: #0000ff;\"><a style=\"color: #0000ff;\" href=\"https:\/\/wasquehalbridge.com\/wp-content\/uploads\/2022\/07\/Quizz-AdT44-Janvier-2022.pdf\" target=\"_blank\" rel=\"noopener\">Quizz &#8211; AdT44, Janvier 2022<\/a><\/span><\/p>\n<p>Quiz <strong>n\u00b045\u00a0 \u00a0<span style=\"color: #0000ff;\"><a style=\"color: #0000ff;\" href=\"https:\/\/wasquehalbridge.com\/wp-content\/uploads\/2023\/09\/Quiz-AdT45-Mai-2022.pdf\" target=\"_blank\" rel=\"noopener\">Quiz-AdT45-Mai-2022.pdf<\/a><\/span>\u00a0<\/strong><\/p>\n<p>Quiz <strong>n\u00b046\u00a0 \u00a0<span style=\"color: #0000ff;\"><a style=\"color: #0000ff;\" href=\"https:\/\/wasquehalbridge.com\/wp-content\/uploads\/2023\/09\/Quizz-AdT46-Septembre-2022.pdf\" target=\"_blank\" rel=\"noopener\">Quizz-AdT46-Septembre-2022.pdf<\/a><\/span><\/strong><\/p>\n<p>Quiz <strong>n\u00b047\u00a0 <span style=\"color: #0000ff;\"><a style=\"color: #0000ff;\" href=\"https:\/\/wasquehalbridge.com\/wp-content\/uploads\/2023\/09\/Quizz-AdT47-Janvier-2023.pdf\" target=\"_blank\" rel=\"noopener\">Quizz-AdT47-Janvier-2023.pdf<\/a><\/span><\/strong><\/p>\n<p>Quiz <strong>n\u00b048\u00a0 <span style=\"color: #0000ff;\"><a style=\"color: #0000ff;\" href=\"https:\/\/wasquehalbridge.com\/wp-content\/uploads\/2023\/09\/Quizz-AdT48-Avril-2023.pdf\" target=\"_blank\" rel=\"noopener\">Quizz-AdT48-Avril-2023.pdf<\/a><\/span><\/strong><\/p>\n<p>Quiz <strong>n\u00b049\u00a0<span style=\"color: #0000ff;\"> <a style=\"color: #0000ff;\" href=\"https:\/\/wasquehalbridge.com\/wp-content\/uploads\/2023\/09\/Quizz-AdT49-Septembre-2023.pdf\" target=\"_blank\" rel=\"noopener\">Quizz-AdT49-Septembre-2023.pdf<\/a><\/span><\/strong><\/p>\n<p>&nbsp;<\/p>\n<p>&nbsp;<\/p>\n<p><img decoding=\"async\" class=\"alignnone size-medium wp-image-1355\" src=\"https:\/\/wasquehalbridge.com\/wp-content\/uploads\/2022\/01\/page-en-chantier-190x300.webp\" alt=\"\" width=\"190\" height=\"300\" srcset=\"https:\/\/wasquehalbridge.com\/wp-content\/uploads\/2022\/01\/page-en-chantier-190x300.webp 190w, https:\/\/wasquehalbridge.com\/wp-content\/uploads\/2022\/01\/page-en-chantier.webp 531w\" sizes=\"(max-width: 190px) 100vw, 190px\" \/><\/p>\n","protected":false},"excerpt":{"rendered":"<p>\u00a0 \u00a0 \u00a0 Vous trouverez sur cette page des quiz pour la plupart de 15 questions chacun, \u00e0 savoir : 9 probl\u00e8mes d\u2019ench\u00e8res, 4 exercices d\u2019entame, un coup \u00e0 jouer en face du mort, et un contrat \u00e0 faire chuter. Ces quiz sont issus de la revue \u00ab\u00a0l\u2019As de Tr\u00e8fle \u00bb, et ses auteurs\u00a0sont\u00a0Jean Pierre<br \/><a class=\"moretag\" href=\"https:\/\/wasquehalbridge.com\/index.php\/documents-utiles\/quiz-dencheres-ou-de-jeu-2\/\">+ Read More<\/a><\/p>\n","protected":false},"author":1,"featured_media":0,"parent":467,"menu_order":0,"comment_status":"closed","ping_status":"closed","template":"templates\/page-fullwidth_template.php","meta":{"footnotes":""},"class_list":["post-1552","page","type-page","status-publish","hentry"],"_links":{"self":[{"href":"https:\/\/wasquehalbridge.com\/index.php\/wp-json\/wp\/v2\/pages\/1552","targetHints":{"allow":["GET"]}}],"collection":[{"href":"https:\/\/wasquehalbridge.com\/index.php\/wp-json\/wp\/v2\/pages"}],"about":[{"href":"https:\/\/wasquehalbridge.com\/index.php\/wp-json\/wp\/v2\/types\/page"}],"author":[{"embeddable":true,"href":"https:\/\/wasquehalbridge.com\/index.php\/wp-json\/wp\/v2\/users\/1"}],"replies":[{"embeddable":true,"href":"https:\/\/wasquehalbridge.com\/index.php\/wp-json\/wp\/v2\/comments?post=1552"}],"version-history":[{"count":10,"href":"https:\/\/wasquehalbridge.com\/index.php\/wp-json\/wp\/v2\/pages\/1552\/revisions"}],"predecessor-version":[{"id":3063,"href":"https:\/\/wasquehalbridge.com\/index.php\/wp-json\/wp\/v2\/pages\/1552\/revisions\/3063"}],"up":[{"embeddable":true,"href":"https:\/\/wasquehalbridge.com\/index.php\/wp-json\/wp\/v2\/pages\/467"}],"wp:attachment":[{"href":"https:\/\/wasquehalbridge.com\/index.php\/wp-json\/wp\/v2\/media?parent=1552"}],"curies":[{"name":"wp","href":"https:\/\/api.w.org\/{rel}","templated":true}]}}