{"id":2467,"date":"2022-12-12T18:25:13","date_gmt":"2022-12-12T18:25:13","guid":{"rendered":"https:\/\/wasquehalbridge.com\/?page_id=2467"},"modified":"2022-12-14T10:02:43","modified_gmt":"2022-12-14T10:02:43","slug":"premiers-pas-au-bridge","status":"publish","type":"page","link":"https:\/\/wasquehalbridge.com\/index.php\/premiers-pas-au-bridge\/","title":{"rendered":"Premiers pas"},"content":{"rendered":"<h3><img fetchpriority=\"high\" decoding=\"async\" class=\"alignnone wp-image-2513\" src=\"https:\/\/wasquehalbridge.com\/wp-content\/uploads\/2022\/12\/Premiers-pas-1024x683.jpg\" alt=\"\" width=\"524\" height=\"350\" srcset=\"https:\/\/wasquehalbridge.com\/wp-content\/uploads\/2022\/12\/Premiers-pas-1024x683.jpg 1024w, https:\/\/wasquehalbridge.com\/wp-content\/uploads\/2022\/12\/Premiers-pas-300x200.jpg 300w, https:\/\/wasquehalbridge.com\/wp-content\/uploads\/2022\/12\/Premiers-pas-768x512.jpg 768w, https:\/\/wasquehalbridge.com\/wp-content\/uploads\/2022\/12\/Premiers-pas.jpg 1100w\" sizes=\"(max-width: 524px) 100vw, 524px\" \/><\/h3>\n<h3><span style=\"color: #008000;\"><strong>Vous ne connaissez rien au<\/strong>\u00a0jeu de bridge ? \u2026<\/span><\/h3>\n<p>Dans ce cas, rendez-vous ici :\u00a0 <span style=\"color: #008000;\">\u2192<em><strong>\u00a0<a style=\"color: #008000;\" href=\"https:\/\/wasquehalbridge.com\/index.php\/le-coin-du-grand-debutant\/\" target=\"_blank\" rel=\"noopener\">Novice &amp; Grands D\u00e9butants<\/a><\/strong><\/em><\/span><\/p>\n<h3><span style=\"color: #0000ff;\"><strong>Vous d\u00e9butez<\/strong> cette ann\u00e9e votre apprentissage du jeu de bridge ?<\/span><\/h3>\n<p>Alors, rendez-vous ici :\u00a0 <span style=\"color: #0000ff;\">\u2192\u00a0<a style=\"color: #0000ff;\" href=\"https:\/\/wasquehalbridge.com\/index.php\/documents-utiles\/le-coin-du-debutant\/\" target=\"_blank\" rel=\"noopener\"><strong><em>Le coin du d\u00e9butant<\/em><\/strong><\/a><\/span><\/p>\n","protected":false},"excerpt":{"rendered":"<p>Vous ne connaissez rien au\u00a0jeu de bridge ? \u2026 Dans ce cas, rendez-vous ici :\u00a0 \u2192\u00a0Novice &amp; Grands D\u00e9butants Vous d\u00e9butez cette ann\u00e9e votre apprentissage du jeu de bridge ? Alors, rendez-vous ici :\u00a0 \u2192\u00a0Le coin du d\u00e9butant<\/p>\n","protected":false},"author":1,"featured_media":0,"parent":0,"menu_order":0,"comment_status":"closed","ping_status":"closed","template":"","meta":{"footnotes":""},"class_list":["post-2467","page","type-page","status-publish","hentry"],"_links":{"self":[{"href":"https:\/\/wasquehalbridge.com\/index.php\/wp-json\/wp\/v2\/pages\/2467","targetHints":{"allow":["GET"]}}],"collection":[{"href":"https:\/\/wasquehalbridge.com\/index.php\/wp-json\/wp\/v2\/pages"}],"about":[{"href":"https:\/\/wasquehalbridge.com\/index.php\/wp-json\/wp\/v2\/types\/page"}],"author":[{"embeddable":true,"href":"https:\/\/wasquehalbridge.com\/index.php\/wp-json\/wp\/v2\/users\/1"}],"replies":[{"embeddable":true,"href":"https:\/\/wasquehalbridge.com\/index.php\/wp-json\/wp\/v2\/comments?post=2467"}],"version-history":[{"count":5,"href":"https:\/\/wasquehalbridge.com\/index.php\/wp-json\/wp\/v2\/pages\/2467\/revisions"}],"predecessor-version":[{"id":2535,"href":"https:\/\/wasquehalbridge.com\/index.php\/wp-json\/wp\/v2\/pages\/2467\/revisions\/2535"}],"wp:attachment":[{"href":"https:\/\/wasquehalbridge.com\/index.php\/wp-json\/wp\/v2\/media?parent=2467"}],"curies":[{"name":"wp","href":"https:\/\/api.w.org\/{rel}","templated":true}]}}