{"id":2481,"date":"2022-12-13T08:19:00","date_gmt":"2022-12-13T08:19:00","guid":{"rendered":"https:\/\/wasquehalbridge.com\/?page_id=2481"},"modified":"2024-09-01T07:51:21","modified_gmt":"2024-09-01T07:51:21","slug":"encheres-a-quatre","status":"publish","type":"page","link":"https:\/\/wasquehalbridge.com\/index.php\/encheres-a-quatre\/","title":{"rendered":"Ench\u00e8res \u00e0 quatre"},"content":{"rendered":"<p><img fetchpriority=\"high\" decoding=\"async\" class=\"alignnone wp-image-2497\" src=\"https:\/\/wasquehalbridge.com\/wp-content\/uploads\/2022\/12\/Encheres-a-quatre.jpg\" alt=\"\" width=\"449\" height=\"300\" srcset=\"https:\/\/wasquehalbridge.com\/wp-content\/uploads\/2022\/12\/Encheres-a-quatre.jpg 400w, https:\/\/wasquehalbridge.com\/wp-content\/uploads\/2022\/12\/Encheres-a-quatre-300x200.jpg 300w\" sizes=\"(max-width: 449px) 100vw, 449px\" \/><\/p>\n<p class=\"page-title\"><span style=\"color: #0000ff;\"><strong>Les Ench\u00e8res \u00e0 Quatre<br \/>\n(<\/strong>ench\u00e8res du camp de<strong> l&rsquo;ouvreur, <\/strong>ench\u00e8res du camp de<strong> l&rsquo;intervenant, <\/strong>ench\u00e8res <strong>comp\u00e9titives)<\/strong><\/span><\/p>\n<div class=\"elementor elementor-1326\" data-elementor-type=\"wp-page\" data-elementor-id=\"1326\">\n<section class=\"elementor-section elementor-top-section elementor-element elementor-element-bf155a1 elementor-section-boxed elementor-section-height-default elementor-section-height-default\" data-id=\"bf155a1\" data-element_type=\"section\">\n<div class=\"elementor-container elementor-column-gap-default\">\n<div class=\"elementor-column elementor-col-100 elementor-top-column elementor-element elementor-element-4b995e47\" data-id=\"4b995e47\" data-element_type=\"column\">\n<div class=\"elementor-widget-wrap elementor-element-populated\">\n<div class=\"elementor-element elementor-element-7514316c elementor-widget elementor-widget-text-editor\" data-id=\"7514316c\" data-element_type=\"widget\" data-widget_type=\"text-editor.default\">\n<div class=\"elementor-widget-container\">\n<p>Vous trouverez sur cette page des documents relatifs aux ench\u00e8res,<br \/>\ndocuments r\u00e9dig\u00e9s\u00a0<u>dans le cadre du SEF<\/u><\/p>\n<p>Ces articles sont essentiellement issus de la revue \u00ab\u00a0<strong>l\u2019As de Tr\u00e8fle<\/strong>\u00a0\u00bb,<br \/>\net ses auteurs\u00a0<strong>sont<\/strong>\u00a0: Marc KERLERO \u2013 Vincent COMBEAU<br \/>\nNorbert LEBELY \u2013 Michel BESSIS \u2013 Fr\u00e9d\u00e9ric VOLCKER \u2013 Jean Pierre DESMOULINS<br \/>\nPierre SAPORTA \u2013 Jean Christophe QUANTIN \u2013 Wilfried LIBBRECHT \u2013 Fran\u00e7ois COMBESCURE \u2013 Jean-Paul BALIAN<\/p>\n<p><em>Cette page est appel\u00e9e, \u00e0 plus ou moins court terme, \u00e0 s\u2019enrichir de nouveaux articles.<\/em><\/p>\n<\/div>\n<\/div>\n<\/div>\n<\/div>\n<h1>Les ench\u00e8res <span style=\"color: #0000ff;\">comp\u00e9titives<\/span><\/h1>\n<div class=\"elementor-column elementor-col-100 elementor-top-column elementor-element elementor-element-4b995e47\" data-id=\"4b995e47\" data-element_type=\"column\">\n<div class=\"elementor-widget-wrap elementor-element-populated\">\n<div class=\"elementor-element elementor-element-7514316c elementor-widget elementor-widget-text-editor\" data-id=\"7514316c\" data-element_type=\"widget\" data-widget_type=\"text-editor.default\">\n<div class=\"elementor-widget-container\">\n<ul>\n<li><span style=\"color: #000000;\">Va-t-on<strong>\u00a0laisser jouer<\/strong>\u00a0<strong>le contrat<\/strong>\u00a0adverse\u00a0<strong>ou relancer les ench\u00e8res<\/strong>\u00a0<strong>?<\/strong><\/span><br \/>\n<span style=\"color: #0000ff;\"><span style=\"color: #808080;\"><em>Cliquez \u2192<\/em>\u00a0<\/span>\u00a0<a style=\"color: #0000ff;\" href=\"https:\/\/wasquehalbridge.com\/wp-content\/uploads\/2022\/02\/Les-Reveils-immediats-ulterieurs-compeitifs-AdT15-Mai-2015.pdf\" target=\"_blank\" rel=\"noopener\">Les R\u00e9veils (imm\u00e9diats, ult\u00e9rieurs, comp\u00e9titifs) \u2013 AdT15, Mai 2015<\/a><\/span><\/li>\n<li><span style=\"color: #000000;\"><strong>16 exercices<\/strong>\u00a0pour v\u00e9rifier si on joue bien\u00a0<\/span><strong><span style=\"color: #000000;\">le m\u00eame syst\u00e8me que le partenaire<\/span><br \/>\n<\/strong><span style=\"color: #0000ff;\"><span style=\"color: #808080;\"><em>Cliquez \u2192<\/em><\/span>\u00a0\u00a0<a style=\"color: #0000ff;\" href=\"https:\/\/wasquehalbridge.com\/wp-content\/uploads\/2022\/02\/Que-jouons-nous-Partenaire-Quizz-AdT42-Mai-2021.pdf\" target=\"_blank\" rel=\"noopener\">Que jouons-nous, Partenaire (Quizz) \u2013 AdT42, Mai 2021<\/a><\/span><\/li>\n<li><span style=\"color: #000000;\">Quand et comment<strong>\u00a0r\u00e9veiller<\/strong>\u00a0apr\u00e8s la s\u00e9quence\u00a0<strong>[ 1<\/strong><span style=\"color: #ff0000;\"><strong>\u2665<\/strong><\/span><strong>\u00a0\u2013 2<\/strong><span style=\"color: #ff0000;\"><strong>\u2665<\/strong><\/span><\/span><strong><span style=\"color: #000000;\">\u00a0\u2013 \u00a0\u2013 ? ] :<\/span><br \/>\n<\/strong><span style=\"color: #808080;\"><em>Cliquez \u2192<\/em>\u00a0\u00a0<\/span><a href=\"https:\/\/wasquehalbridge.com\/wp-content\/uploads\/2022\/02\/LAnti-2-Coeur-Reveil-apres-1C-p-2C-p-p-AdT17-Janvier-2013.pdf\" target=\"_blank\" rel=\"noopener\"><span style=\"color: #0000ff;\">L\u2019Anti 2 C\u0153ur (R\u00e9veil apr\u00e8s 1C-p-2C-p-p-) \u2013 AdT17, Janvier\u00a0<\/span><\/a><span style=\"color: #0000ff;\"><a style=\"color: #0000ff;\" href=\"https:\/\/wasquehalbridge.com\/wp-content\/uploads\/2022\/02\/LAnti-2-Coeur-Reveil-apres-1C-p-2C-p-p-AdT17-Janvier-2013.pdf\">2013<\/a><\/span><\/li>\n<li>\u2026<\/li>\n<\/ul>\n<\/div>\n<\/div>\n<\/div>\n<\/div>\n<h2>Les ench\u00e8res du camp de <span style=\"color: #0000ff;\">l&rsquo;ouvreur<\/span><\/h2>\n<div class=\"elementor-column elementor-col-100 elementor-top-column elementor-element elementor-element-4b995e47\" data-id=\"4b995e47\" data-element_type=\"column\">\n<div class=\"elementor-widget-wrap elementor-element-populated\">\n<div class=\"elementor-element elementor-element-7514316c elementor-widget elementor-widget-text-editor\" data-id=\"7514316c\" data-element_type=\"widget\" data-widget_type=\"text-editor.default\">\n<div class=\"elementor-widget-container\">\n<ul>\n<li><span style=\"color: #000000;\">Le\u00a0<strong>TRUSCOTT<\/strong>\u00a0(Ouverture en face, Contre d\u2019appel \u00e0 droite, vous avez un fit au moins 4\u00e8me) :<\/span><br \/>\n<span style=\"color: #0000ff;\"><span style=\"color: #808080;\"><em>Cliquez \u2192<\/em>\u00a0\u00a0<\/span><a style=\"color: #0000ff;\" href=\"https:\/\/wasquehalbridge.com\/wp-content\/uploads\/2022\/02\/Le-TRUSCOTT-AdT39-Mai-2020.pdf\" target=\"_blank\" rel=\"noopener\">Le TRUSCOTT \u2013 AdT39, Mai 2020<\/a><\/span><\/li>\n<li><span style=\"color: #000000;\">Le\u00a0<strong>Spoutnik G\u00e9n\u00e9ralis\u00e9<\/strong> sur l\u2019Ouverture de 1<span style=\"color: #ff6600;\"><strong>\u2666<\/strong>\u00a0<\/span>et l\u2019intervention \u00e0 2<span style=\"color: #008000;\"><strong>\u2663<\/strong><\/span>\u00a0:<\/span><br \/>\n<span style=\"color: #0000ff;\"><span style=\"color: #808080;\"><em>Cliquez \u2192<\/em>\u00a0<\/span>\u00a0<a style=\"color: #0000ff;\" href=\"https:\/\/wasquehalbridge.com\/wp-content\/uploads\/2022\/02\/Le-Contre-Spoutnik-OUV-d1K-INT-a-2T-AdT22-Septembre-2014.pdf\" target=\"_blank\" rel=\"noopener\">Le Contre Spoutnik (OUV d\u20191K, INT \u00e0 2T) \u2013 AdT22, Septembre 2014<\/a><\/span><\/li>\n<li><span style=\"color: #000000;\">Le\u00a0<strong>Surcontre<\/strong>\u00a0(ench\u00e8re du r\u00e9pondant apr\u00e8s une Ouverture d\u20191<span style=\"color: #ff0000;\">\u2665<\/span>\u00a0ou d\u20191\u2660) :<\/span><br \/>\n<span style=\"color: #0000ff;\"><span style=\"color: #808080;\"><em>Cliquez \u2192<\/em>\u00a0\u00a0<\/span><a style=\"color: #0000ff;\" href=\"https:\/\/wasquehalbridge.com\/wp-content\/uploads\/2022\/02\/Le-Surcontre-du-repondant-sur-OUV-d1M-AdT40-Septembre-2020.pdf\" target=\"_blank\" rel=\"noopener\">Le Surcontre du r\u00e9pondant (sur OUV d\u20191M) \u2013 AdT40, Septembre 2020<\/a><\/span><\/li>\n<li><span style=\"color: #000000;\">Les ench\u00e8res de \u00ab\u00a0<strong>Contre<\/strong>\u00a0\u00bb pratiqu\u00e9es par le\u00a0<strong>camp de l\u2019Ouvreur<\/strong>\u00a0:<\/span><br \/>\n<span style=\"color: #808080;\"><em>Cliquez \u2192<\/em>\u00a0<\/span>\u00a0<a href=\"https:\/\/wasquehalbridge.com\/wp-content\/uploads\/2022\/02\/Les-Contres-du-camp-de-lOuvreur-AdT8-Janvier-2010.pdf\" target=\"_blank\" rel=\"noopener\"><span style=\"color: #0000ff;\">Les Contres du camp de l\u2019Ouvreur \u2013 AdT8, Janvier 2010<\/span><\/a><\/li>\n<li><span style=\"color: #000000;\">Le partenaire \u00ab\u00a0<strong>Contre Spoutnik<\/strong> \u00bb l\u2019intervention adverse d\u20191\u2660 :\u00a0<strong>comment r\u00e9agir<\/strong>\u00a0?<\/span><br \/>\n<span style=\"color: #0000ff;\"><span style=\"color: #808080;\"><em>Cliquez \u2192<\/em><\/span>\u00a0\u00a0<a style=\"color: #0000ff;\" href=\"https:\/\/wasquehalbridge.com\/wp-content\/uploads\/2022\/02\/Repondre-au-Contre-Spoutnik-simple-AdT38-Janvier-2020.pdf\" target=\"_blank\" rel=\"noopener\">R\u00e9pondre au Contre Spoutnik simple \u2013 AdT38, Janvier 2020<\/a><\/span><\/li>\n<li><span style=\"color: #000000;\">Le partenaire\u00a0<strong>ouvre de 1<\/strong><span style=\"color: #ff0000;\"><strong>\u2665<\/strong><\/span><strong> ou de 1<\/strong><strong>\u2660 <\/strong>et l\u2019adversaire\u00a0<strong>intervient<\/strong>\u00a0: comment le\u00a0<strong>soutenir<\/strong>\u00a0?<\/span><br \/>\n<span style=\"color: #0000ff;\"><span style=\"color: #808080;\"><em>Cliquez \u2192<\/em><\/span>\u00a0\u00a0<a style=\"color: #0000ff;\" href=\"https:\/\/wasquehalbridge.com\/wp-content\/uploads\/2022\/02\/Soutenir-lOUV-apres-une-intervention-AdT42-Mai-2021.pdf\" target=\"_blank\" rel=\"noopener\">Soutenir l\u2019OUV apr\u00e8s une intervention \u2013 AdT42, Mai 2021<\/a><\/span><\/li>\n<li>\u2026<\/li>\n<\/ul>\n<\/div>\n<h2>Les ench\u00e8res du camp de <span style=\"color: #0000ff;\">l&rsquo;intervenant<\/span><\/h2>\n<div class=\"elementor-column elementor-col-100 elementor-top-column elementor-element elementor-element-4b995e47\" data-id=\"4b995e47\" data-element_type=\"column\">\n<div class=\"elementor-widget-wrap elementor-element-populated\">\n<div class=\"elementor-element elementor-element-7514316c elementor-widget elementor-widget-text-editor\" data-id=\"7514316c\" data-element_type=\"widget\" data-widget_type=\"text-editor.default\">\n<div class=\"elementor-widget-container\">\n<ul>\n<li><span style=\"color: #000000;\">Les crit\u00e8res pour\u00a0<strong>intervenir \u00e0 la couleur<\/strong>\u00a0sont tr\u00e8s diff\u00e9rents de ceux pour ouvrir :<\/span><br \/>\n<span style=\"color: #0000ff;\"><span style=\"color: #808080;\"><em>Cliquez \u2192<\/em><\/span>\u00a0\u00a0<a style=\"color: #0000ff;\" href=\"https:\/\/wasquehalbridge.com\/wp-content\/uploads\/2022\/02\/Intervenir-a-la-CL-Pourquoi-et-comment-Adt34-Septembre-2018.pdf\" target=\"_blank\" rel=\"noopener\">Intervenir \u00e0 la CL, Pourquoi et comment \u2013 Adt34, Septembre 2018<\/a><\/span><\/li>\n<li><span style=\"color: #000000;\">Les principes du\u00a0<strong>r\u00e9veil apr\u00e8s une ouverture<\/strong>\u00a0de 1 \u00e0 la couleur\u00a0:<\/span><br \/>\n<span style=\"color: #808080;\"><em>Cliquez \u2192<\/em>\u00a0<\/span>\u00a0<a href=\"https:\/\/wasquehalbridge.com\/wp-content\/uploads\/2022\/02\/Les-Reveils-immediats-apres-une-Ouverture-d1-AdT32-Janvier-2018.pdf\" target=\"_blank\" rel=\"noopener\"><span style=\"color: #0000ff;\">Les R\u00e9veils (imm\u00e9diats) apr\u00e8s une Ouverture d\u20191# \u2013 AdT32, Janvier 2018<\/span><\/a><\/li>\n<li><span style=\"color: #000000;\">Le partenaire\u00a0<strong>intervient \u00e0\u00a0<\/strong><span style=\"color: #ff0000;\"><strong>\u2665 <\/strong><\/span><strong>ou \u00e0\u00a0<\/strong><strong>\u2660<\/strong>\u00a0: comment le\u00a0<strong>soutenir<\/strong>\u00a0?<\/span><br \/>\n<span style=\"color: #808080;\"><em>Cliquez \u2192<\/em><\/span>\u00a0\u00a0<a href=\"https:\/\/wasquehalbridge.com\/wp-content\/uploads\/2022\/02\/Les-Soutiens-dune-Intervention-Majeure-AdT24-Mai-2015.pdf\" target=\"_blank\" rel=\"noopener\"><span style=\"color: #0000ff;\">Les Soutiens d\u2019une Intervention Majeure \u2013 AdT24, Mai 2015<\/span><\/a><\/li>\n<li><span style=\"color: #000000;\">Comment\u00a0<strong>r\u00e9pondre au Contre d\u2019Appel<\/strong>\u00a0du partenaire ?<\/span><br \/>\n<span style=\"color: #808080;\"><em>Cliquez \u2192<\/em>\u00a0<\/span>\u00a0<a href=\"https:\/\/wasquehalbridge.com\/wp-content\/uploads\/2022\/02\/Les-Reponses-au-Contre-dAppel-AdT28-Septembre-2016.pdf\" target=\"_blank\" rel=\"noopener\"><span style=\"color: #0000ff;\">Les R\u00e9ponses au Contre d\u2019Appel \u2013 AdT28, Septembre 2016<\/span><\/a><\/li>\n<li>Comment <strong>r\u00e9pondre au Contre de R\u00e9veil<\/strong> du partenaire ?<br \/>\n<span style=\"color: #808080;\"><em>Cliquez \u2192\u00a0 <\/em><span style=\"color: #0000ff;\"><a style=\"color: #0000ff;\" href=\"https:\/\/wasquehalbridge.com\/wp-content\/uploads\/2023\/09\/Repondre-au-Contre-de-Reveil-AdT49.pdf\" target=\"_blank\" rel=\"noopener\">Repondre-au-Contre-de-Reveil-AdT49.pdf<\/a><\/span><\/span><\/li>\n<li><span style=\"color: #000000;\">Quelle\u00a0<strong>relance<\/strong>\u00a0<strong>apr\u00e8s<\/strong>\u00a0avoir fait\u00a0<strong>un Contre d\u2019appel<\/strong>\u00a0(2<sup>\u00e8me<\/sup>\u00a0ench\u00e8re du contreur) ?<\/span><br \/>\n<span style=\"color: #0000ff;\"><span style=\"color: #808080;\"><em>Cliquez \u2192<\/em>\u00a0<\/span>\u00a0<a style=\"color: #0000ff;\" href=\"https:\/\/wasquehalbridge.com\/wp-content\/uploads\/2022\/02\/La-2eme-enchere-du-Contreur-dAppel-AdT-30-Mai-2017.pdf\" target=\"_blank\" rel=\"noopener\">La 2\u00e8me ench\u00e8re du Contreur d\u2019Appel \u2013 AdT 30, Mai 2017<\/a><\/span><\/li>\n<li><span style=\"color: #000000;\">Le\u00a0<strong>Contre Lightner<\/strong>\u00a0(Contrer un Chelem pour demander une entame) :<\/span><br \/>\n<span style=\"color: #808080;\"><em>Cliquez \u2192<\/em><\/span>\u00a0\u00a0<a href=\"https:\/\/wasquehalbridge.com\/wp-content\/uploads\/2022\/02\/Le-Contre-Lightner-AdT29-Janvier-2019.pdf\" target=\"_blank\" rel=\"noopener\"><span style=\"color: #0000ff;\">Le Contre Lightner \u2013 AdT29, Janvier 2019<\/span><\/a><\/li>\n<li><span style=\"color: #000000;\">Faire un\u00a0<strong>Cue-Bid en R\u00e9ponse \u00e0 l\u2019intervention\u00a0<\/strong>du partenaire :<\/span><br \/>\n<span style=\"color: #0000ff;\"><span style=\"color: #808080;\"><em>Cliquez \u2192<\/em><\/span>\u00a0\u00a0<a style=\"color: #0000ff;\" href=\"https:\/\/wasquehalbridge.com\/wp-content\/uploads\/2022\/02\/Le-Cue-Bid-en-Reponse-a-une-Intervention-AdT19-Septembre-2013.pdf\" target=\"_blank\" rel=\"noopener\">Le Cue-Bid en R\u00e9ponse \u00e0 une Intervention \u2013 AdT19, Septembre 2013<\/a><\/span><\/li>\n<li><span style=\"color: #000000;\">Les ench\u00e8res de \u00ab\u00a0<strong>Contre<\/strong>\u00a0\u00bb pratiqu\u00e9es par le\u00a0<strong>camp de la D\u00e9fense<\/strong>\u00a0:<\/span><br \/>\n<span style=\"color: #808080;\"><em>Cliquez \u2192<\/em><\/span>\u00a0\u00a0<a href=\"https:\/\/wasquehalbridge.com\/wp-content\/uploads\/2022\/02\/Les-Contres-du-camp-de-la-Defense-AdT7-Septembre-2009.pdf\" target=\"_blank\" rel=\"noopener\"><span style=\"color: #0000ff;\">Les Contres du camp de la D\u00e9fense \u2013 AdT7, Septembre 2009<\/span><\/a><\/li>\n<li><span style=\"color: #000000;\">Les\u00a0<strong>Michael<\/strong>\u00a0<strong>Cue-Bids<\/strong>\u00a0(Ouverture \u00e0 droite, et vous poss\u00e9dez un bicolore au moins 5-5)\u00a0:<\/span><br \/>\n<span style=\"color: #808080;\"><em>Cliquez \u2192<\/em><\/span>\u00a0\u00a0<a href=\"https:\/\/wasquehalbridge.com\/wp-content\/uploads\/2022\/02\/Les-Michaels-Qbids-Precises-AdT36-Mai-2019.pdf\" target=\"_blank\" rel=\"noopener\"><span style=\"color: #0000ff;\">Les Michaels Qbids Pr\u00e9cis\u00e9s-AdT36, Mai 2019<\/span><\/a><\/li>\n<li><\/li>\n<li>\u2026<\/li>\n<\/ul>\n<\/div>\n<\/div>\n<\/div>\n<\/div>\n<\/div>\n<\/div>\n<\/div>\n<\/div>\n<\/section>\n<\/div>\n","protected":false},"excerpt":{"rendered":"<p>Les Ench\u00e8res \u00e0 Quatre (ench\u00e8res du camp de l&rsquo;ouvreur, ench\u00e8res du camp de l&rsquo;intervenant, ench\u00e8res comp\u00e9titives) Vous trouverez sur cette page des documents relatifs aux ench\u00e8res, documents r\u00e9dig\u00e9s\u00a0dans le cadre du SEF Ces articles sont essentiellement issus de la revue \u00ab\u00a0l\u2019As de Tr\u00e8fle\u00a0\u00bb, et ses auteurs\u00a0sont\u00a0: Marc KERLERO \u2013 Vincent COMBEAU Norbert LEBELY \u2013 Michel<br \/><a class=\"moretag\" href=\"https:\/\/wasquehalbridge.com\/index.php\/encheres-a-quatre\/\">+ Read More<\/a><\/p>\n","protected":false},"author":1,"featured_media":0,"parent":0,"menu_order":0,"comment_status":"closed","ping_status":"closed","template":"","meta":{"footnotes":""},"class_list":["post-2481","page","type-page","status-publish","hentry"],"_links":{"self":[{"href":"https:\/\/wasquehalbridge.com\/index.php\/wp-json\/wp\/v2\/pages\/2481","targetHints":{"allow":["GET"]}}],"collection":[{"href":"https:\/\/wasquehalbridge.com\/index.php\/wp-json\/wp\/v2\/pages"}],"about":[{"href":"https:\/\/wasquehalbridge.com\/index.php\/wp-json\/wp\/v2\/types\/page"}],"author":[{"embeddable":true,"href":"https:\/\/wasquehalbridge.com\/index.php\/wp-json\/wp\/v2\/users\/1"}],"replies":[{"embeddable":true,"href":"https:\/\/wasquehalbridge.com\/index.php\/wp-json\/wp\/v2\/comments?post=2481"}],"version-history":[{"count":10,"href":"https:\/\/wasquehalbridge.com\/index.php\/wp-json\/wp\/v2\/pages\/2481\/revisions"}],"predecessor-version":[{"id":3462,"href":"https:\/\/wasquehalbridge.com\/index.php\/wp-json\/wp\/v2\/pages\/2481\/revisions\/3462"}],"wp:attachment":[{"href":"https:\/\/wasquehalbridge.com\/index.php\/wp-json\/wp\/v2\/media?parent=2481"}],"curies":[{"name":"wp","href":"https:\/\/api.w.org\/{rel}","templated":true}]}}