{"id":3241,"date":"2024-06-17T10:47:13","date_gmt":"2024-06-17T10:47:13","guid":{"rendered":"https:\/\/wasquehalbridge.com\/?page_id=3241"},"modified":"2025-08-07T08:15:15","modified_gmt":"2025-08-07T08:15:15","slug":"presentation-rapide-de-notre-ecole","status":"publish","type":"page","link":"https:\/\/wasquehalbridge.com\/index.php\/presentation-rapide-de-notre-ecole\/","title":{"rendered":"Pr\u00e9sentation rapide"},"content":{"rendered":"<p><img fetchpriority=\"high\" decoding=\"async\" class=\"alignnone wp-image-3476\" src=\"https:\/\/wasquehalbridge.com\/wp-content\/uploads\/2024\/09\/Eleves-1024x768.jpg\" alt=\"\" width=\"647\" height=\"485\" srcset=\"https:\/\/wasquehalbridge.com\/wp-content\/uploads\/2024\/09\/Eleves-1024x768.jpg 1024w, https:\/\/wasquehalbridge.com\/wp-content\/uploads\/2024\/09\/Eleves-300x225.jpg 300w, https:\/\/wasquehalbridge.com\/wp-content\/uploads\/2024\/09\/Eleves-768x576.jpg 768w, https:\/\/wasquehalbridge.com\/wp-content\/uploads\/2024\/09\/Eleves-1536x1152.jpg 1536w, https:\/\/wasquehalbridge.com\/wp-content\/uploads\/2024\/09\/Eleves-2048x1536.jpg 2048w\" sizes=\"(max-width: 647px) 100vw, 647px\" \/><br \/>\n<span style=\"color: #008000;\"><em>\u00e7a donne le sourire, le bridge, non ?<\/em><\/span><\/p>\n<h2><span style=\"color: #0000ff;\">Quel est votre profil ?<\/span><\/h2>\n<p><strong>Qui \u00eates-vous <\/strong>\ud83d\ude0a<strong>\u00a0?<br \/>\n<\/strong>Selon votre r\u00e9ponse, voici les cours qui pourraient vous convenir\u00a0:<\/p>\n<pre><span style=\"color: #008000;\"><strong>1. INITIATION<\/strong><\/span><\/pre>\n<ul>\n<li><span style=\"color: #008000;\"><strong>Vous n\u2019avez jamais jou\u00e9 au bridge \u2026 <\/strong><\/span>et vous aimeriez <strong>d\u00e9couvrir<\/strong> ce jeu dont tout le monde parle autour de vous :<br \/>\nil vous suffit alors de suivre le cursus <span style=\"color: #008000;\"><strong>\u00ab\u00a0initiation 1<sup>e<\/sup> ann\u00e9e\u00a0\u00bb<\/strong><\/span>.<br \/>\nNotez bien que les <span style=\"color: #008000;\"><strong>cinq<\/strong><\/span> <strong>premiers cours vous sont offerts<\/strong> !<br \/>\n<em><em>Suivez ces liens pour en savoir plus \u00a0\u2192 <strong><span style=\"color: #008000;\"><a style=\"color: #008000;\" href=\"https:\/\/wasquehalbridge.com\/wp-content\/uploads\/2022\/07\/Le-BF1-Contenus-Programme.pdf\" target=\"_blank\" rel=\"noopener\">Prog Init1<\/a> \u00a0<\/span><\/strong><span style=\"color: #000000;\">et <\/span><strong><span style=\"color: #008000;\"><span style=\"color: #0000ff;\"><span style=\"color: #666699;\">\u2192 <a style=\"color: #666699;\" href=\"https:\/\/wasquehalbridge.com\/index.php\/cours\/presentation-detaillee-de-notre-ecole\/\" target=\"_blank\" rel=\"noopener\">Pr\u00e9sentation d\u00e9taill\u00e9e<\/a><\/span> \u00a0<\/span><\/span><\/strong><\/em><\/em><\/li>\n<\/ul>\n<pre><span style=\"color: #ff6600;\"><strong>2.\u00a0 INTERMEDIAIRE<\/strong><\/span><\/pre>\n<ul>\n<li><span style=\"color: #ff6600;\"><strong>Vous connaissez \u00ab un peu \u00bb le bridge<\/strong><\/span> (<em>pour l\u2019avoir un peu pratiqu\u00e9 dans votre jeunesse par exemple<\/em>),<br \/>\net vous aimeriez <strong>vous y remettre<\/strong>, et\/ou <strong>rafraichir vos connaissances<\/strong> \u2026<br \/>\nVous vous en doutez, le Bridge a fortement \u00e9volu\u00e9 ces derni\u00e8res ann\u00e9es,<br \/>\nmais rassurez-vous :\u00a0 <em>le bridge c&rsquo;est comme le v\u00e9lo, les fondamentaux ne s&rsquo;oublient pas !<\/em><strong><br \/>\n<\/strong>Les cours d&rsquo;<span style=\"color: #ff6600;\"><strong>initiation 2<sup>e<\/sup> ann\u00e9e et 3<sup>e<\/sup> ann\u00e9e<\/strong> <\/span>devraient vous convenir.<br \/>\nS<em>uivez ces liens pour en savoir plus \u2192 <span style=\"color: #ff6600;\"><strong><a style=\"color: #ff6600;\" href=\"https:\/\/wasquehalbridge.com\/wp-content\/uploads\/2023\/06\/Initiation-2eme-Annee-Programme.pdf\" target=\"_blank\" rel=\"noopener\">Prog Init2<\/a><\/strong><\/span><strong><span style=\"color: #ff6600;\">\u00a0<\/span> et <\/strong><\/em><em><em><em><em>\u2192\u00a0<span style=\"color: #ff6600;\"><strong><a style=\"color: #ff6600;\" href=\"https:\/\/wasquehalbridge.com\/wp-content\/uploads\/2024\/06\/Initiation-3eme-Annee-Programme.pdf\" target=\"_blank\" rel=\"noopener\">Prog Init3<\/a> \u00a0<\/strong><span style=\"color: #000000;\">et <\/span><span style=\"color: #666699;\"><strong>\u2192 <a style=\"color: #666699;\" href=\"https:\/\/wasquehalbridge.com\/index.php\/cours\/presentation-detaillee-de-notre-ecole\/\" target=\"_blank\" rel=\"noopener\">Pr\u00e9sentation d\u00e9taill\u00e9e<\/a><\/strong><\/span><\/span><\/em><\/em><\/em><\/em><\/li>\n<\/ul>\n<pre><span style=\"color: #0000ff;\"><strong>3.\u00a0 PERFECTIONNEMENT<\/strong><\/span><\/pre>\n<ul>\n<li><span style=\"color: #0000ff;\"><strong>Vous pratiquez le bridge \u00ab de salon \u00bb, <\/strong><\/span>entre amis (<em>pour vous amuser \u2026 et vous avez bien raison : c\u2019est un jeu !<\/em>)<br \/>\net vous aimeriez vous <strong>am\u00e9liorer<\/strong> <strong>et progresser<\/strong>, \u00e0 la carte (faire un bon plan de jeu) comme en ench\u00e8res (trouver le bon contrat), par exemple pour jouer <strong>en club<\/strong> !\u00a0 Les cours de <span style=\"color: #0000ff;\"><strong>Perfectionnement<\/strong><\/span> vous sont donc destin\u00e9s.<br \/>\nS<em><em><em><em><em>uivez ces liens pour en savoir plus \u2192 <a href=\"https:\/\/wasquehalbridge.com\/wp-content\/uploads\/2024\/07\/Perf1-Contenus-Programme.pdf\" target=\"_blank\" rel=\"noopener\"><span style=\"color: #0000ff;\"><strong>Prog Perf1<\/strong><\/span><\/a><strong>\u00a0 et \u2192\u00a0<span style=\"color: #0000ff;\"><a style=\"color: #0000ff;\" href=\"https:\/\/wasquehalbridge.com\/wp-content\/uploads\/2023\/06\/Le-Perf-2eme-annee.pdf\" target=\"_blank\" rel=\"noopener\">Prog Perf2<\/a>\u00a0 \u00a0<\/span><\/strong><span style=\"color: #0000ff;\"><span style=\"color: #000000;\">et <\/span><\/span><span style=\"color: #666699;\">\u2192 <strong><a style=\"color: #666699;\" href=\"https:\/\/wasquehalbridge.com\/index.php\/cours\/presentation-detaillee-de-notre-ecole\/\" target=\"_blank\" rel=\"noopener\">Pr\u00e9sentation d\u00e9taill\u00e9e<\/a><\/strong><\/span><\/em><\/em><\/em><\/em><\/em><\/li>\n<\/ul>\n<p>&nbsp;<\/p>\n<ul>\n<li><span style=\"color: #993366;\"><strong><span style=\"color: #ff6600;\">Vous participez aux tournois de club,<\/span> <\/strong><\/span>et vous vous \u00eates pris au jeu !<br \/>\nAussi souhaitez-vous enrichir votre bagage technique pour mieux \u00ab <strong>performer<\/strong> \u00bb\u00a0 (<em>les livres ne vous conviennent pas, vous trouvez que l\u2019\u00e9crit \u2026 c&rsquo;est trop peu vivant).<br \/>\n<\/em>Dans ce cas, nous vous proposons le cours de \u00ab <span style=\"color: #ff6600;\"><strong>Perfectionnement jeu de la carte<\/strong><\/span> \u00bb, ou bien encore<br \/>\ncelui de \u00ab <span style=\"color: #ff6600;\"><strong>Perfectionnement Plus <\/strong><\/span>\u00bb<br \/>\nS<em><em><em><em><em>uivez ces liens pour en savoir plus \u2192\u00a0 <strong><span style=\"color: #ff6600;\"><a style=\"color: #ff6600;\" href=\"https:\/\/wasquehalbridge.com\/wp-content\/uploads\/2024\/06\/Le-Perf-Jeu-de-la-carte-Contenus-Programme.pdf\" target=\"_blank\" rel=\"noopener\">Le Perf Jeu de la carte<\/a><\/span><\/strong>\u00a0\u00a0<\/em><\/em><\/em><\/em><\/em><em><span style=\"color: #000000;\">et\u00a0 \u2192\u00a0<span style=\"color: #ff6600;\"><strong><a style=\"color: #ff6600;\" href=\"https:\/\/wasquehalbridge.com\/wp-content\/uploads\/2025\/05\/Perfectionnement-Plus-2025-2026.pdf\" target=\"_blank\" rel=\"noopener\">Perf Plus<\/a><\/strong><\/span> \u00a0<strong><span style=\"color: #ff6600;\"><br \/>\n<\/span><\/strong><\/span><\/em><em><span style=\"color: #000000;\">et <\/span><\/em><span style=\"color: #666699;\"><strong><em>\u2192 <a style=\"color: #666699;\" href=\"https:\/\/wasquehalbridge.com\/index.php\/cours\/presentation-detaillee-de-notre-ecole\/\" target=\"_blank\" rel=\"noopener\">Pr\u00e9sentation d\u00e9taill\u00e9e<\/a><\/em><\/strong><\/span><\/li>\n<\/ul>\n<p>&nbsp;<\/p>\n<ul>\n<li><strong>D&rsquo;autres activit\u00e9s<\/strong> accompagnent notre enseignement : pour une pr\u00e9sentation <strong>plus pr\u00e9cise <\/strong>de tout ce qui pr\u00e9c\u00e8de, cliquez ici\u00a0 <span style=\"color: #666699;\">\u2192 <em><strong><a style=\"color: #666699;\" href=\"https:\/\/wasquehalbridge.com\/index.php\/cours\/presentation-detaillee-de-notre-ecole\/\" target=\"_blank\" rel=\"noopener\">Pr\u00e9sentation d\u00e9taill\u00e9e<\/a>\u00a0<\/strong><\/em><\/span><\/li>\n<\/ul>\n<h2 style=\"text-align: center;\"><strong><span style=\"color: #008000;\">Reprise des cours : Lundi 22 septembre 2025<\/span><br \/>\n<\/strong><span style=\"color: #0000ff;\"><strong>Portes ouvertes :<\/strong><strong>\u00a0<\/strong><strong>Samedi 13 septembre 2025 (<u>9h\/12h<\/u>)<\/strong><\/span><\/h2>\n<h3 style=\"text-align: center;\"><strong><span style=\"color: #ff6600;\">Permanences d\u2019accueil<\/span> : <\/strong><strong>chaque apr\u00e8s-midi<\/strong><br \/>\ndu lundi 15 au vendredi 19 septembre, de 14h \u00e0 17h<\/h3>\n<p style=\"text-align: center;\"><em><br \/>\nVos enseignants :<br \/>\n<\/em><span style=\"color: #0000ff;\"><img decoding=\"async\" class=\"alignnone wp-image-3317\" src=\"https:\/\/wasquehalbridge.com\/wp-content\/uploads\/2024\/06\/Odile.png\" alt=\"\" width=\"81\" height=\"134\" srcset=\"https:\/\/wasquehalbridge.com\/wp-content\/uploads\/2024\/06\/Odile.png 299w, https:\/\/wasquehalbridge.com\/wp-content\/uploads\/2024\/06\/Odile-181x300.png 181w\" sizes=\"(max-width: 81px) 100vw, 81px\" \/>\u00a0 \u00a0 \u00a0<img decoding=\"async\" class=\"alignnone wp-image-3706\" src=\"https:\/\/wasquehalbridge.com\/wp-content\/uploads\/2025\/05\/Christine-Colin-1.png\" alt=\"\" width=\"81\" height=\"129\" srcset=\"https:\/\/wasquehalbridge.com\/wp-content\/uploads\/2025\/05\/Christine-Colin-1.png 502w, https:\/\/wasquehalbridge.com\/wp-content\/uploads\/2025\/05\/Christine-Colin-1-188x300.png 188w\" sizes=\"(max-width: 81px) 100vw, 81px\" \/>\u00a0 \u00a0\u00a0<img loading=\"lazy\" decoding=\"async\" class=\"alignnone wp-image-3319\" src=\"https:\/\/wasquehalbridge.com\/wp-content\/uploads\/2024\/06\/Anne.png\" alt=\"\" width=\"81\" height=\"128\" \/>\u00a0 \u00a0 <img loading=\"lazy\" decoding=\"async\" class=\"alignnone wp-image-3320\" src=\"https:\/\/wasquehalbridge.com\/wp-content\/uploads\/2024\/06\/Isabelle.png\" alt=\"\" width=\"81\" height=\"129\" srcset=\"https:\/\/wasquehalbridge.com\/wp-content\/uploads\/2024\/06\/Isabelle.png 298w, https:\/\/wasquehalbridge.com\/wp-content\/uploads\/2024\/06\/Isabelle-189x300.png 189w\" sizes=\"(max-width: 81px) 100vw, 81px\" \/>\u00a0 \u00a0 <img loading=\"lazy\" decoding=\"async\" class=\"alignnone wp-image-3325\" src=\"https:\/\/wasquehalbridge.com\/wp-content\/uploads\/2024\/06\/Claire.png\" alt=\"\" width=\"79\" height=\"126\" \/>\u00a0 \u00a0 <img loading=\"lazy\" decoding=\"async\" class=\"alignnone wp-image-3321\" src=\"https:\/\/wasquehalbridge.com\/wp-content\/uploads\/2024\/06\/Pierre.png\" alt=\"\" width=\"79\" height=\"132\" srcset=\"https:\/\/wasquehalbridge.com\/wp-content\/uploads\/2024\/06\/Pierre.png 299w, https:\/\/wasquehalbridge.com\/wp-content\/uploads\/2024\/06\/Pierre-180x300.png 180w\" sizes=\"(max-width: 79px) 100vw, 79px\" \/>\u00a0 \u00a0 <img loading=\"lazy\" decoding=\"async\" class=\"alignnone wp-image-3322\" src=\"https:\/\/wasquehalbridge.com\/wp-content\/uploads\/2024\/06\/Dominique.png\" alt=\"\" width=\"81\" height=\"124\" \/><br \/>\n<\/span><\/p>\n","protected":false},"excerpt":{"rendered":"<p>\u00e7a donne le sourire, le bridge, non ? Quel est votre profil ? Qui \u00eates-vous \ud83d\ude0a\u00a0? Selon votre r\u00e9ponse, voici les cours qui pourraient vous convenir\u00a0: 1. INITIATION Vous n\u2019avez jamais jou\u00e9 au bridge \u2026 et vous aimeriez d\u00e9couvrir ce jeu dont tout le monde parle autour de vous : il vous suffit alors de<br \/><a class=\"moretag\" href=\"https:\/\/wasquehalbridge.com\/index.php\/presentation-rapide-de-notre-ecole\/\">+ Read More<\/a><\/p>\n","protected":false},"author":1,"featured_media":0,"parent":0,"menu_order":0,"comment_status":"closed","ping_status":"closed","template":"","meta":{"footnotes":""},"class_list":["post-3241","page","type-page","status-publish","hentry"],"_links":{"self":[{"href":"https:\/\/wasquehalbridge.com\/index.php\/wp-json\/wp\/v2\/pages\/3241","targetHints":{"allow":["GET"]}}],"collection":[{"href":"https:\/\/wasquehalbridge.com\/index.php\/wp-json\/wp\/v2\/pages"}],"about":[{"href":"https:\/\/wasquehalbridge.com\/index.php\/wp-json\/wp\/v2\/types\/page"}],"author":[{"embeddable":true,"href":"https:\/\/wasquehalbridge.com\/index.php\/wp-json\/wp\/v2\/users\/1"}],"replies":[{"embeddable":true,"href":"https:\/\/wasquehalbridge.com\/index.php\/wp-json\/wp\/v2\/comments?post=3241"}],"version-history":[{"count":47,"href":"https:\/\/wasquehalbridge.com\/index.php\/wp-json\/wp\/v2\/pages\/3241\/revisions"}],"predecessor-version":[{"id":3757,"href":"https:\/\/wasquehalbridge.com\/index.php\/wp-json\/wp\/v2\/pages\/3241\/revisions\/3757"}],"wp:attachment":[{"href":"https:\/\/wasquehalbridge.com\/index.php\/wp-json\/wp\/v2\/media?parent=3241"}],"curies":[{"name":"wp","href":"https:\/\/api.w.org\/{rel}","templated":true}]}}