{"id":3250,"date":"2024-06-17T11:00:21","date_gmt":"2024-06-17T11:00:21","guid":{"rendered":"https:\/\/wasquehalbridge.com\/?page_id=3250"},"modified":"2025-06-12T13:09:58","modified_gmt":"2025-06-12T13:09:58","slug":"presentation-detaillee-de-notre-ecole","status":"publish","type":"page","link":"https:\/\/wasquehalbridge.com\/index.php\/presentation-detaillee-de-notre-ecole\/","title":{"rendered":"Pr\u00e9sentation d\u00e9taill\u00e9e"},"content":{"rendered":"<h2><span style=\"color: #0000ff;\"><strong>Pr\u00e9sentation d\u00e9taill\u00e9e de notre \u00e9cole<\/strong><\/span><\/h2>\n<p>\u00c9tant donn\u00e9 le nombre d\u2019\u00e9l\u00e8ves pr\u00e9sents \u00e0 nos cours (environ 200 chaque ann\u00e9e) et la qualit\u00e9 de ses enseignants (tous titulaires d\u2019un dipl\u00f4me d\u2019enseignement d\u00e9livr\u00e9 par la F\u00e9d\u00e9ration Fran\u00e7aise de Bridge), notre \u00e9cole est l\u2019une des plus actives de France.<br \/>\nElle est d\u2019ailleurs \u00ab<strong>labellis\u00e9e<\/strong>\u00bb par la FFB (<strong>F<\/strong>\u00e9d\u00e9ration\u00a0<strong>F<\/strong>ran\u00e7aise de\u00a0<strong>B<\/strong>ridge).<\/p>\n<p>Chez nous, l\u2019enseignement du bridge s\u2019organise sur <strong>deux cycles<\/strong>,<br \/>\nl\u2019un d\u2019initiation, l\u2019autre de perfectionnent. Plus pr\u00e9cis\u00e9ment\u00a0:<\/p>\n<ul>\n<li><span style=\"color: #008000;\"><strong>Le<\/strong>\u00a0<strong>cycle d\u2019initiation<\/strong>\u00a0<\/span>a pour objectif de faire du <strong><span style=\"color: #008000;\">d\u00e9butant complet<\/span>\u00a0<\/strong>(qui n\u2019a aucune connaissance du jeu au d\u00e9part) un joueur suffisamment instruit sur le bridge pour participer \u00e0 ses premiers tournois de club.<br \/>\nCette\u00a0<strong>initiation<\/strong>\u00a0se d\u00e9roule sur\u00a0<strong>3 ans,\u00a0<\/strong>la 3<sup>\u00e8me<\/sup> ann\u00e9e \u00e9tant celle de la consolidation des acquis, et des compl\u00e9ments n\u00e9cessaires \u00a0pour participer aux premiers tournois.<br \/>\n\u2192\u00a0La\u00a0<span style=\"color: #008000;\"><strong>1<sup>\u00e8re<\/sup>\u00a0ann\u00e9e<\/strong><\/span>\u00a0est celle de la <strong>d\u00e9couverte<\/strong> :<br \/>\nElle s\u2019adresse \u00e0 celui ou celle qui a \u00ab tout \u00e0 d\u00e9couvrir \u00bb, et qu\u2019on va donc initier aux bases du jeu.<br \/>\n<strong>(<\/strong><span style=\"color: #008000;\"><em>Pour le contenu, c\u2019est ici \u2192\u00a0<\/em><\/span><strong><span style=\"color: #008000;\"><em><a style=\"color: #008000;\" href=\"https:\/\/wasquehalbridge.com\/wp-content\/uploads\/2022\/07\/Le-BF1-Contenus-Programme.pdf\" target=\"_blank\" rel=\"noopener\">Prog Ini<span style=\"color: #008000;\">t1<\/span><\/a><\/em><a style=\"color: #008000;\" href=\"https:\/\/wasquehalbridge.com\/wp-content\/uploads\/2022\/07\/Le-BF1-Contenus-Programme.pdf\" target=\"_blank\" rel=\"noopener\"><span style=\"color: #000000;\">)<\/span><\/a><\/span><\/strong><br \/>\n\u2192\u00a0La\u00a0<span style=\"color: #008000;\"><strong>2<sup>\u00e8me<\/sup>\u00a0ann\u00e9e<\/strong><\/span>\u00a0est celle de <strong>l\u2019apprentissage<\/strong> : l\u2019\u00e9l\u00e8ve va se familiariser avec les fondamentaux, tant au niveau des principes d\u2019ench\u00e8res qu\u2019\u00e0 celui des techniques de jeu.<br \/>\n<em><strong>(<\/strong><span style=\"color: #008000;\">Pour le contenu, c\u2019est ici \u2192<strong>\u00a0<a style=\"color: #008000;\" href=\"https:\/\/wasquehalbridge.com\/wp-content\/uploads\/2023\/06\/Initiation-2eme-Annee-Programme.pdf\" target=\"_blank\" rel=\"noopener\">Prog Init2<\/a><\/strong><\/span><strong>)<\/strong><\/em><br \/>\n\u2192\u00a0La\u00a0<span style=\"color: #008000;\"><strong>3<sup>\u00e8me<\/sup>\u00a0ann\u00e9e<\/strong><\/span> permet de compl\u00e9ter et d\u2019approfondir ces acquis.<br \/>\nLors de cette 3<sup>e<\/sup> ann\u00e9e, nous apportons un effort particulier pour amener nos \u00e9l\u00e8ves (les accompagner en douceur) \u00e0 participer \u00e0 leurs premiers tournois de club.<br \/>\n<em><em><em><strong>\u00a0(<\/strong><span style=\"color: #008000;\">Pour le contenu, c\u2019est ici \u2192\u00a0<strong><a style=\"color: #008000;\" href=\"https:\/\/wasquehalbridge.com\/wp-content\/uploads\/2024\/06\/Initiation-3eme-Annee-Programme.pdf\" target=\"_blank\" rel=\"noopener\">Prog Init3<\/a><\/strong><\/span><strong>)<\/strong><\/em><\/em><\/em><\/li>\n<\/ul>\n<ul>\n<li><span style=\"color: #0000ff;\"><strong>Le cycle de perfectionnement<\/strong><\/span>\u00a0s\u2019adresse \u00e0 toutes celles et ceux qui souhaitent <strong>enrichir<\/strong> leur arsenal d\u2019ench\u00e8res, <strong>am\u00e9liorer<\/strong> leur technique \u00e0 la carte, bref\u00a0: <strong>progresser<\/strong> en vue de meilleures performances en tournois.<br \/>\nLe\u00a0<span style=\"text-decoration: underline;\">contenu<\/span>\u00a0de cet enseignement (<em>voir ci-dessous<\/em>) et les\u00a0<span style=\"text-decoration: underline;\">documents<\/span>\u00a0associ\u00e9s sont en grande partie pilot\u00e9s par <span style=\"text-decoration: underline;\">l\u2019Universit\u00e9 du Bridge<\/span>\u00a0(la cellule p\u00e9dagogique au sein de la F\u00e9d\u00e9ration Fran\u00e7aise de Bridge).<br \/>\nCe cycle comporte quatre cours : un <strong>\u00ab\u00a0Perfectionnement <span style=\"color: #0000ff;\">1<sup>\u00e8re<\/sup>\u00a0ann\u00e9e\u00a0<\/span>\u00bb<\/strong>\u00a0et un\u00a0<strong>\u00ab\u00a0Perfectionnement <span style=\"color: #0000ff;\">2<sup>\u00e8me<\/sup>\u00a0ann\u00e9e<\/span>\u00a0\u00bb<\/strong>, ainsi qu\u2019un cours de\u00a0<strong>\u00ab\u00a0Perfectionnement au <span style=\"color: #0000ff;\">jeu de la carte<\/span>\u00a0\u00bb<\/strong>, module s\u00e9par\u00e9 des deux autres et enti\u00e8rement consacr\u00e9 aux techniques de jeu (en face du mort ou en d\u00e9fense). De plus, pour mieux s&rsquo;\u00e9quiper en ench\u00e8res en vue des <strong>comp\u00e9titions,<\/strong> un module suppl\u00e9mentaire intitul\u00e9 <strong>\u00ab\u00a0<span style=\"color: #0000ff;\"><span style=\"color: #000000;\">Perfectionnement<\/span> Plus<\/span>\u00a0\u00bb<\/strong> est propos\u00e9 \u2026<br \/>\n<em>Pour les contenus, c\u2019est ici \u2192 <a href=\"https:\/\/wasquehalbridge.com\/wp-content\/uploads\/2024\/07\/Perf1-Contenus-Programme.pdf\" target=\"_blank\" rel=\"noopener\"><span style=\"color: #0000ff;\"><strong>Prog Perf1<\/strong><\/span><\/a><\/em><span style=\"color: #0000ff;\"><strong>\u00a0\u00a0<\/strong><\/span><em>et<\/em> <em>\u2192<span style=\"color: #0000ff;\">\u00a0<\/span><strong><a href=\"https:\/\/wasquehalbridge.com\/wp-content\/uploads\/2023\/06\/Le-Perf-2eme-annee.pdf\" target=\"_blank\" rel=\"noopener\"><span style=\"color: #0000ff;\">Prog Perf2<\/span><\/a><\/strong><\/em>\u00a0 et <em> \u2192 <span style=\"color: #0000ff;\"><strong><a style=\"color: #0000ff;\" href=\"https:\/\/wasquehalbridge.com\/wp-content\/uploads\/2024\/06\/Le-Perf-Jeu-de-la-carte-Contenus-Programme.pdf\" target=\"_blank\" rel=\"noopener\">Le Perf Jeu de la carte<\/a><\/strong><\/span> \u00a0<\/em>et <em> \u2192\u00a0<span style=\"color: #0000ff;\"><strong><a style=\"color: #0000ff;\" href=\"https:\/\/wasquehalbridge.com\/wp-content\/uploads\/2025\/05\/Perfectionnement-Plus-2025-2026.pdf\" target=\"_blank\" rel=\"noopener\">Prog Perf Plus<\/a> <\/strong><\/span>\u00a0 \u00a0<\/em><\/li>\n<\/ul>\n<h3 style=\"text-align: center;\">Pour connaitre <strong>les horaires<\/strong>\u00a0et les enseignants<br \/>\ndes diff\u00e9rents cours propos\u00e9s (saison 2025 \u2013 2026), suivez ce lien :<br \/>\n\u2192<span style=\"color: #0000ff;\"> <a style=\"color: #0000ff;\" href=\"https:\/\/wasquehalbridge.com\/index.php\/nos-cours-saison-2024-2025\/\" target=\"_blank\" rel=\"noopener\">Cours saison 2025-2026<\/a><\/span><\/h3>\n<ul>\n<li><strong><span style=\"color: #ff6600;\">En compl\u00e9ment de ces cours<\/span>, sont aussi propos\u00e9es diverses activit\u00e9s\u00a0:<br \/>\n\u2192 <\/strong>Tout d\u2019abord, des s\u00e9ances de <strong><strong>\u00ab\u00a0<\/strong><strong>Donnes Comment\u00e9es<\/strong><strong>\u00a0\u00bb\u00a0<\/strong><\/strong>(c&rsquo;est \u00e0 dire des parties dirig\u00e9es)<strong> :<br \/>\n<\/strong>Chaque mercredi matin, Pierre MORES fera jouer des donnes pour ensuite les commenter (ench\u00e8res et jeu de la carte) en mettant ainsi en pratique l\u2019enseignement d\u2019initiation et de perfectionnement. Le droit de table est \u00e0 la s\u00e9ance, et sera de 5\u20ac.<br \/>\n<strong>\u2192 Tournois courts :<br \/>\n<\/strong>Au rythme approximatif d\u2019environ une fois par mois (d\u2019Octobre \u00e0 Mai), le club organise des \u00ab\u00a0<strong>tournois \u00e9l\u00e8ves<\/strong>\u00a0\u00bb, l\u2019occasion pour eux de s\u2019initier \u00ab\u00a0en douceur\u00a0\u00bb au bridge de comparaison, c\u2019est-\u00e0-dire aux tournois de r\u00e9gularit\u00e9 en club.<br \/>\n<strong>\u2192 Parties libres :<br \/>\n<\/strong>Hors \u00e9cole, et parall\u00e8lement \u00e0 tout cela, des\u00a0<strong>parties libres<\/strong> sont ouvertes (les mercredis et jeudis matin) \u00e0 toute personne \u00e0 la fois licenci\u00e9e \u00e0 la FFB et adh\u00e9rente au club. Ces \u00ab\u00a0parties libres\u00a0\u00bb b\u00e9n\u00e9ficient de la pr\u00e9sence de joueurs aguerris, disponibles sur place pour apporter leur \u00e9clairage d\u00e8s qu\u2019on les sollicite.<\/li>\n<\/ul>\n<h2><\/h2>\n<h2 style=\"text-align: center;\"><strong><span style=\"color: #ff0000;\">Reprise des cours : Lundi 22 septembre 2025<\/span><br \/>\n<\/strong><span style=\"color: #008000;\"><strong>Portes ouvertes :<\/strong><strong>\u00a0<\/strong><strong>Samedi 13 septembre 2025 (<u>9h\/12h<\/u>)<\/strong><\/span><\/h2>\n<h3 style=\"text-align: center;\"><span style=\"color: #0000ff;\"><strong>Permanences d\u2019accueil\u00a0:\u00a0<\/strong><\/span><strong>chaque apr\u00e8s-midi<\/strong><br \/>\ndu lundi 15 au vendredi 19 septembre, de 14h \u00e0 17h<\/h3>\n<p>&nbsp;<\/p>\n","protected":false},"excerpt":{"rendered":"<p>Pr\u00e9sentation d\u00e9taill\u00e9e de notre \u00e9cole \u00c9tant donn\u00e9 le nombre d\u2019\u00e9l\u00e8ves pr\u00e9sents \u00e0 nos cours (environ 200 chaque ann\u00e9e) et la qualit\u00e9 de ses enseignants (tous titulaires d\u2019un dipl\u00f4me d\u2019enseignement d\u00e9livr\u00e9 par la F\u00e9d\u00e9ration Fran\u00e7aise de Bridge), notre \u00e9cole est l\u2019une des plus actives de France. Elle est d\u2019ailleurs \u00ablabellis\u00e9e\u00bb par la FFB (F\u00e9d\u00e9ration\u00a0Fran\u00e7aise de\u00a0Bridge). Chez<br \/><a class=\"moretag\" href=\"https:\/\/wasquehalbridge.com\/index.php\/presentation-detaillee-de-notre-ecole\/\">+ Read More<\/a><\/p>\n","protected":false},"author":1,"featured_media":0,"parent":0,"menu_order":0,"comment_status":"closed","ping_status":"closed","template":"","meta":{"footnotes":""},"class_list":["post-3250","page","type-page","status-publish","hentry"],"_links":{"self":[{"href":"https:\/\/wasquehalbridge.com\/index.php\/wp-json\/wp\/v2\/pages\/3250","targetHints":{"allow":["GET"]}}],"collection":[{"href":"https:\/\/wasquehalbridge.com\/index.php\/wp-json\/wp\/v2\/pages"}],"about":[{"href":"https:\/\/wasquehalbridge.com\/index.php\/wp-json\/wp\/v2\/types\/page"}],"author":[{"embeddable":true,"href":"https:\/\/wasquehalbridge.com\/index.php\/wp-json\/wp\/v2\/users\/1"}],"replies":[{"embeddable":true,"href":"https:\/\/wasquehalbridge.com\/index.php\/wp-json\/wp\/v2\/comments?post=3250"}],"version-history":[{"count":31,"href":"https:\/\/wasquehalbridge.com\/index.php\/wp-json\/wp\/v2\/pages\/3250\/revisions"}],"predecessor-version":[{"id":3717,"href":"https:\/\/wasquehalbridge.com\/index.php\/wp-json\/wp\/v2\/pages\/3250\/revisions\/3717"}],"wp:attachment":[{"href":"https:\/\/wasquehalbridge.com\/index.php\/wp-json\/wp\/v2\/media?parent=3250"}],"curies":[{"name":"wp","href":"https:\/\/api.w.org\/{rel}","templated":true}]}}