{"id":3255,"date":"2024-06-17T11:06:08","date_gmt":"2024-06-17T11:06:08","guid":{"rendered":"https:\/\/wasquehalbridge.com\/?page_id=3255"},"modified":"2025-08-08T06:44:59","modified_gmt":"2025-08-08T06:44:59","slug":"nos-cours-saison-2024-2025","status":"publish","type":"page","link":"https:\/\/wasquehalbridge.com\/index.php\/nos-cours-saison-2024-2025\/","title":{"rendered":"Cours (2025-2026)"},"content":{"rendered":"<p>Voici <strong>les horaires<\/strong>\u00a0des diff\u00e9rents cours propos\u00e9s (saison\u00a0<strong>2025 \u2013 2026<\/strong>), ainsi que les coordonn\u00e9es des enseignants correspondants (ces informations sont donn\u00e9es \u00e0 titre indicatif, la p\u00e9rennit\u00e9 de certains cours \u00e9tant fonction du nombre d\u2019inscriptions) :<\/p>\n<ul>\n<li><strong>Initiation 1<sup>\u00e8re <\/sup>Ann\u00e9e\u00a0 (<\/strong><em>Pour le contenu, c\u2019est ici\u00a0<\/em><em>\u2192<\/em><em>\u00a0<\/em><span style=\"color: #0000ff;\"><a style=\"color: #0000ff;\" href=\"https:\/\/wasquehalbridge.com\/wp-content\/uploads\/2022\/07\/Le-BF1-Contenus-Programme.pdf\"><strong><em>Prog Init1<\/em><\/strong><\/a><\/span><span style=\"color: #000000;\"><a style=\"color: #000000;\" href=\"https:\/\/wasquehalbridge.com\/wp-content\/uploads\/2022\/07\/Le-BF1-Contenus-Programme.pdf\"><strong>)<\/strong><\/a><\/span>\n<ul>\n<li><strong>Christine Colin, <\/strong>le lundi matin (9h30 \u2013 11h30), monitrice dipl\u00f4m\u00e9e, arbitre de comit\u00e9<br \/>\nContact : 06 10 79 58 74, <span style=\"color: #0000ff;\"><a style=\"color: #0000ff;\" href=\"mailto:chcolin.59@gmail.com\" target=\"_blank\" rel=\"noopener\">chcolin.59@gmail.com<\/a> \u00a0<\/span><\/li>\n<li><strong>Odile Capliez, <\/strong>le mardi soir (19h30 \u2013 21h30), monitrice dipl\u00f4m\u00e9e<br \/>\nContact : 06 88 27 35 74,\u00a0<span style=\"color: #0000ff;\"><span style=\"color: #0000ff;\"><a style=\"color: #0000ff;\" href=\"mailto:domcaplag@gmail.com\">domcaplag@gmail.com<\/a><br \/>\n<img decoding=\"async\" class=\"alignnone wp-image-3317\" src=\"https:\/\/wasquehalbridge.com\/wp-content\/uploads\/2024\/06\/Odile.png\" alt=\"\" width=\"79\" height=\"131\" srcset=\"https:\/\/wasquehalbridge.com\/wp-content\/uploads\/2024\/06\/Odile.png 299w, https:\/\/wasquehalbridge.com\/wp-content\/uploads\/2024\/06\/Odile-181x300.png 181w\" sizes=\"(max-width: 79px) 100vw, 79px\" \/>\u00a0 \u00a0 \u00a0 <\/span><\/span>\u00a0\u00a0<img decoding=\"async\" class=\"alignnone wp-image-3706\" src=\"https:\/\/wasquehalbridge.com\/wp-content\/uploads\/2025\/05\/Christine-Colin-1.png\" alt=\"\" width=\"82\" height=\"131\" srcset=\"https:\/\/wasquehalbridge.com\/wp-content\/uploads\/2025\/05\/Christine-Colin-1.png 502w, https:\/\/wasquehalbridge.com\/wp-content\/uploads\/2025\/05\/Christine-Colin-1-188x300.png 188w\" sizes=\"(max-width: 82px) 100vw, 82px\" \/><\/li>\n<\/ul>\n<\/li>\n<li><strong>Initiation 2<sup>\u00e8me <\/sup>Ann\u00e9e\u00a0 (<\/strong><em>Pour le contenu, c\u2019est ici\u00a0<\/em><em>\u2192<\/em><strong><em>\u00a0<\/em><\/strong><span style=\"color: #0000ff;\"><a style=\"color: #0000ff;\" href=\"https:\/\/wasquehalbridge.com\/wp-content\/uploads\/2023\/06\/Initiation-2eme-Annee-Programme.pdf\"><strong><em>Prog Init2<\/em><\/strong><\/a><\/span><strong>)\u00a0\u00a0<\/strong>\n<ul>\n<li><strong>Odile Capliez, <\/strong>le mercredi soir (19h30 \u2013 21h30), monitrice dipl\u00f4m\u00e9e<br \/>\nContact : 06 88 27 35 74,\u00a0<span style=\"color: #0000ff;\"><a style=\"color: #0000ff;\" href=\"mailto:domcaplag@gmail.com\">domcaplag@gmail.com<\/a><\/span><\/li>\n<li><strong>Isabelle Haon, <\/strong>le vendredi matin (9h30 \u2013 11h30), monitrice dipl\u00f4m\u00e9e<br \/>\nContact : 06 20 97 86 69<strong>,\u00a0<\/strong><span style=\"color: #0000ff;\"><span style=\"color: #0000ff;\"><a style=\"color: #0000ff;\" href=\"mailto:isa.haon@orange.fr\">isa.haon@orange.fr<\/a><br \/>\n<img decoding=\"async\" class=\"alignnone wp-image-3317\" src=\"https:\/\/wasquehalbridge.com\/wp-content\/uploads\/2024\/06\/Odile.png\" alt=\"\" width=\"79\" height=\"131\" srcset=\"https:\/\/wasquehalbridge.com\/wp-content\/uploads\/2024\/06\/Odile.png 299w, https:\/\/wasquehalbridge.com\/wp-content\/uploads\/2024\/06\/Odile-181x300.png 181w\" sizes=\"(max-width: 79px) 100vw, 79px\" \/>\u00a0 \u00a0 \u00a0 <img decoding=\"async\" class=\"alignnone wp-image-3320\" src=\"https:\/\/wasquehalbridge.com\/wp-content\/uploads\/2024\/06\/Isabelle.png\" alt=\"\" width=\"79\" height=\"125\" srcset=\"https:\/\/wasquehalbridge.com\/wp-content\/uploads\/2024\/06\/Isabelle.png 298w, https:\/\/wasquehalbridge.com\/wp-content\/uploads\/2024\/06\/Isabelle-189x300.png 189w\" sizes=\"(max-width: 79px) 100vw, 79px\" \/><\/span><\/span><\/li>\n<\/ul>\n<\/li>\n<li><strong>\u00a0 Initiation 3<sup>\u00e8me <\/sup>Ann\u00e9e\u00a0\u00a0(<\/strong><em>Pour le contenu, c\u2019est ici\u00a0<\/em><em>\u2192<\/em><em>\u00a0<\/em><span style=\"color: #0000ff;\"><a style=\"color: #0000ff;\" href=\"https:\/\/wasquehalbridge.com\/wp-content\/uploads\/2024\/06\/Initiation-3eme-Annee-Programme.pdf\" target=\"_blank\" rel=\"noopener\"><strong><em>Prog Init3<\/em><\/strong><\/a><\/span><strong>)\u00a0\u00a0<\/strong>\n<ul>\n<li><strong>Isabelle Haon, <\/strong>le mardi matin (9h30 \u2013 11h30), monitrice dipl\u00f4m\u00e9e<br \/>\nContact : 06 20 97 86 69, <span style=\"color: #0000ff;\"><a style=\"color: #0000ff;\" href=\"mailto:isa.haon@orange.fr\">isa.haon@orange.fr<\/a><\/span><\/li>\n<li><strong>Claire Cuer, <\/strong>le mercredi soir (19h30 \u2013 21h30), monitrice dipl\u00f4m\u00e9e<br \/>\nContact : 06 13 48 80 52, <span style=\"color: #0000ff;\"><span style=\"color: #0000ff;\"><a style=\"color: #0000ff;\" href=\"mailto:claire.cuer@sfr.fr\">claire.cuer@sfr.fr<\/a><br \/>\n<img loading=\"lazy\" decoding=\"async\" class=\"alignnone wp-image-3320\" src=\"https:\/\/wasquehalbridge.com\/wp-content\/uploads\/2024\/06\/Isabelle.png\" alt=\"\" width=\"80\" height=\"128\" srcset=\"https:\/\/wasquehalbridge.com\/wp-content\/uploads\/2024\/06\/Isabelle.png 298w, https:\/\/wasquehalbridge.com\/wp-content\/uploads\/2024\/06\/Isabelle-189x300.png 189w\" sizes=\"(max-width: 80px) 100vw, 80px\" \/>\u00a0 \u00a0 <img loading=\"lazy\" decoding=\"async\" class=\"alignnone wp-image-3325\" src=\"https:\/\/wasquehalbridge.com\/wp-content\/uploads\/2024\/06\/Claire.png\" alt=\"\" width=\"80\" height=\"128\" \/><\/span><\/span><\/li>\n<\/ul>\n<\/li>\n<li><strong>Donnes comment\u00e9es :<\/strong>\n<ul>\n<li><strong>Pierre Mores, <\/strong>le mercredi matin (9h30 \u2013 11h30), moniteur dipl\u00f4m\u00e9<br \/>\nContact : 06 11 46 42 42,\u00a0<span style=\"color: #0000ff;\"><span style=\"color: #0000ff;\"><a style=\"color: #0000ff;\" href=\"mailto:pmores@orange.fr\">pmores@orange.fr<\/a><br \/>\n<img loading=\"lazy\" decoding=\"async\" class=\"alignnone wp-image-3321\" src=\"https:\/\/wasquehalbridge.com\/wp-content\/uploads\/2024\/06\/Pierre.png\" alt=\"\" width=\"79\" height=\"132\" srcset=\"https:\/\/wasquehalbridge.com\/wp-content\/uploads\/2024\/06\/Pierre.png 299w, https:\/\/wasquehalbridge.com\/wp-content\/uploads\/2024\/06\/Pierre-180x300.png 180w\" sizes=\"(max-width: 79px) 100vw, 79px\" \/><\/span><\/span><\/li>\n<\/ul>\n<\/li>\n<li><strong>Perfectionnement 1<sup>\u00e8re <\/sup>Ann\u00e9e\u00a0<\/strong>(<em>Pour le contenu, c\u2019est ici\u00a0<\/em><em>\u2192 <span style=\"color: #0000ff;\"><strong><a style=\"color: #0000ff;\" href=\"https:\/\/wasquehalbridge.com\/wp-content\/uploads\/2024\/07\/Perf1-Contenus-Programme.pdf\" target=\"_blank\" rel=\"noopener\">Prog\u00a0 Perf1<\/a><\/strong><\/span><\/em><span style=\"color: #000000;\">)<\/span>\n<ul>\n<li><strong>Anne Gallant,\u00a0<\/strong>le mardi matin (9h30 \u2013 11h30), monitrice dipl\u00f4m\u00e9e<br \/>\nContact : 06 07 87 05 71,\u00a0<span style=\"color: #0000ff;\">\u00a0<a style=\"color: #0000ff;\" href=\"mailto:anne.gallant59@gmail.com\">anne.gallant59@gmail.com<\/a><\/span><\/li>\n<li><strong>Claire Cuer, <\/strong>le lundi soir (19h30 \u2013 21h30), monitrice dipl\u00f4m\u00e9e<br \/>\nContact : 06 13 48 80 52, <span style=\"color: #0000ff;\"><span style=\"color: #0000ff;\"><a style=\"color: #0000ff;\" href=\"mailto:claire.cuer@sfr.fr\">claire.cuer@sfr.fr<\/a><br \/>\n<img loading=\"lazy\" decoding=\"async\" class=\"alignnone wp-image-3319\" src=\"https:\/\/wasquehalbridge.com\/wp-content\/uploads\/2024\/06\/Anne.png\" alt=\"\" width=\"79\" height=\"125\" \/>\u00a0 \u00a0\u00a0<img loading=\"lazy\" decoding=\"async\" class=\"alignnone wp-image-3325\" src=\"https:\/\/wasquehalbridge.com\/wp-content\/uploads\/2024\/06\/Claire.png\" alt=\"\" width=\"80\" height=\"128\" \/><\/span><\/span><\/li>\n<\/ul>\n<\/li>\n<li><strong>Perfectionnement 2<sup>\u00e8me <\/sup>Ann\u00e9e\u00a0<\/strong>(<em>Pour le contenu, c\u2019est ici\u00a0<\/em><em>\u2192<\/em><em>\u00a0<\/em><span style=\"color: #0000ff;\"><a style=\"color: #0000ff;\" href=\"https:\/\/wasquehalbridge.com\/wp-content\/uploads\/2023\/06\/Le-Perf-2eme-annee.pdf\"><strong><em>Prog Perf2<\/em><\/strong><\/a><\/span>)\n<ul>\n<li><strong>Dominique Capliez, <\/strong>le mardi matin (9h30 \u2013 11h30), ma\u00eetre-assistant<br \/>\nContact :\u00a006 87 47 96 81,\u00a0<span style=\"color: #0000ff;\"><a style=\"color: #0000ff;\" href=\"mailto:domcaplag@gmail.com\" target=\"_blank\" rel=\"noopener\">domcaplag@gmail.com<\/a><br \/>\n<\/span><\/li>\n<li><strong>Claire Cuer, <\/strong>le mardi soir (19h30 \u2013 21h30), monitrice dipl\u00f4m\u00e9e<br \/>\nContact : 06 13 48 80 52, <span style=\"color: #0000ff;\"><a style=\"color: #0000ff;\" href=\"mailto:claire.cuer@sfr.fr\">claire.cuer@sfr.fr<\/a><\/span><span style=\"color: #0000ff;\"><span style=\"color: #0000ff;\"><br \/>\n<img loading=\"lazy\" decoding=\"async\" class=\"alignnone wp-image-3322\" src=\"https:\/\/wasquehalbridge.com\/wp-content\/uploads\/2024\/06\/Dominique.png\" alt=\"\" width=\"79\" height=\"120\" \/>\u00a0 <img loading=\"lazy\" decoding=\"async\" class=\"alignnone wp-image-3325\" src=\"https:\/\/wasquehalbridge.com\/wp-content\/uploads\/2024\/06\/Claire.png\" alt=\"\" width=\"80\" height=\"128\" \/><\/span><\/span><\/li>\n<\/ul>\n<\/li>\n<li><strong>Perfectionnement \u00ab\u00a0Plus\u00a0\u00bb\u00a0<\/strong>(<em>Pour le contenu, c\u2019est ici \u2192 <span style=\"color: #0000ff;\"><strong><a style=\"color: #0000ff;\" href=\"https:\/\/wasquehalbridge.com\/wp-content\/uploads\/2025\/05\/Perfectionnement-Plus-2025-2026.pdf\" target=\"_blank\" rel=\"noopener\">Perf \u00ab\u00a0Plus\u00a0\u00bb<\/a><\/strong><\/span><\/em><span style=\"color: #0000ff;\"><span style=\"color: #000000;\">)<\/span><\/span>\n<ul>\n<li><strong>Dominique Capliez, <\/strong>le vendredi matin (9h30 \u2013 11h30, 24 s\u00e9ances), ma\u00eetre-assistant<br \/>\nContact :\u00a006 87 47 96 81,\u00a0<span style=\"color: #0000ff;\"><a style=\"color: #0000ff;\" href=\"mailto:domcaplag@gmail.com\" target=\"_blank\" rel=\"noopener\">domcaplag@gmail.com<\/a><br \/>\n<img loading=\"lazy\" decoding=\"async\" class=\"alignnone wp-image-3322\" src=\"https:\/\/wasquehalbridge.com\/wp-content\/uploads\/2024\/06\/Dominique.png\" alt=\"\" width=\"79\" height=\"120\" \/><br \/>\n<\/span><\/li>\n<\/ul>\n<\/li>\n<li><strong>Perfectionnement Jeu de la carte :\u00a0<\/strong>(<em>Pour le contenu, c\u2019est ici \u2192\u00a0 <span style=\"color: #0000ff;\"><strong><a style=\"color: #0000ff;\" href=\"https:\/\/wasquehalbridge.com\/wp-content\/uploads\/2024\/06\/Le-Perf-Jeu-de-la-carte-Contenus-Programme.pdf\" target=\"_blank\" rel=\"noopener\">Le Perf Jeu de la carte<\/a><\/strong><\/span><\/em><span style=\"color: #0000ff;\"><span style=\"color: #000000;\">)<\/span><\/span>\n<ul>\n<li><strong>Claire Cuer, <\/strong>le lundi matin (<strong>10h \u2013 12h<\/strong>), monitrice dipl\u00f4m\u00e9e<br \/>\nContact : 06 13 48 80 52,<span style=\"color: #0000ff;\"> <a style=\"color: #0000ff;\" href=\"mailto:claire.cuer@sfr.fr\">claire.cuer@sfr.fr<\/a><br \/>\n<img loading=\"lazy\" decoding=\"async\" class=\"alignnone wp-image-3325\" src=\"https:\/\/wasquehalbridge.com\/wp-content\/uploads\/2024\/06\/Claire.png\" alt=\"\" width=\"80\" height=\"128\" \/><\/span><\/li>\n<\/ul>\n<\/li>\n<\/ul>\n<h2 style=\"text-align: center;\"><strong><span style=\"color: #ff0000;\">Reprise des cours : Lundi 22 septembre 2025<\/span><br \/>\n<\/strong><span style=\"color: #008000;\"><strong>Portes ouvertes :<\/strong><strong>\u00a0<\/strong><strong>Samedi 13 septembre 2025 (<u>9h\/12h<\/u>)<\/strong><\/span><\/h2>\n<h3 style=\"text-align: center;\"><strong><span style=\"color: #0000ff;\">Permanences d\u2019accueil\u00a0:<\/span>\u00a0<\/strong><strong>chaque apr\u00e8s-midi<\/strong><br \/>\ndu lundi 15 au vendredi 19 septembre, de 14h \u00e0 17h<\/h3>\n","protected":false},"excerpt":{"rendered":"<p>Voici les horaires\u00a0des diff\u00e9rents cours propos\u00e9s (saison\u00a02025 \u2013 2026), ainsi que les coordonn\u00e9es des enseignants correspondants (ces informations sont donn\u00e9es \u00e0 titre indicatif, la p\u00e9rennit\u00e9 de certains cours \u00e9tant fonction du nombre d\u2019inscriptions) : Initiation 1\u00e8re Ann\u00e9e\u00a0 (Pour le contenu, c\u2019est ici\u00a0\u2192\u00a0Prog Init1) Christine Colin, le lundi matin (9h30 \u2013 11h30), monitrice dipl\u00f4m\u00e9e, arbitre de<br \/><a class=\"moretag\" href=\"https:\/\/wasquehalbridge.com\/index.php\/nos-cours-saison-2024-2025\/\">+ Read More<\/a><\/p>\n","protected":false},"author":1,"featured_media":0,"parent":0,"menu_order":0,"comment_status":"closed","ping_status":"closed","template":"","meta":{"footnotes":""},"class_list":["post-3255","page","type-page","status-publish","hentry"],"_links":{"self":[{"href":"https:\/\/wasquehalbridge.com\/index.php\/wp-json\/wp\/v2\/pages\/3255","targetHints":{"allow":["GET"]}}],"collection":[{"href":"https:\/\/wasquehalbridge.com\/index.php\/wp-json\/wp\/v2\/pages"}],"about":[{"href":"https:\/\/wasquehalbridge.com\/index.php\/wp-json\/wp\/v2\/types\/page"}],"author":[{"embeddable":true,"href":"https:\/\/wasquehalbridge.com\/index.php\/wp-json\/wp\/v2\/users\/1"}],"replies":[{"embeddable":true,"href":"https:\/\/wasquehalbridge.com\/index.php\/wp-json\/wp\/v2\/comments?post=3255"}],"version-history":[{"count":35,"href":"https:\/\/wasquehalbridge.com\/index.php\/wp-json\/wp\/v2\/pages\/3255\/revisions"}],"predecessor-version":[{"id":3758,"href":"https:\/\/wasquehalbridge.com\/index.php\/wp-json\/wp\/v2\/pages\/3255\/revisions\/3758"}],"wp:attachment":[{"href":"https:\/\/wasquehalbridge.com\/index.php\/wp-json\/wp\/v2\/media?parent=3255"}],"curies":[{"name":"wp","href":"https:\/\/api.w.org\/{rel}","templated":true}]}}