{"id":3257,"date":"2024-06-17T11:07:15","date_gmt":"2024-06-17T11:07:15","guid":{"rendered":"https:\/\/wasquehalbridge.com\/?page_id=3257"},"modified":"2025-06-27T07:31:28","modified_gmt":"2025-06-27T07:31:28","slug":"tarifs-2","status":"publish","type":"page","link":"https:\/\/wasquehalbridge.com\/index.php\/tarifs-2\/","title":{"rendered":"Tarifs"},"content":{"rendered":"<p>\u2013\u00a0<strong>Licence FFB :\u00a0 <\/strong><span style=\"color: #0000ff;\"><strong><u>50<\/u><\/strong><\/span> \u20ac (cette licence est <strong>offerte<\/strong> pour un an aux <strong>primo-licenci\u00e9s<\/strong>)<\/p>\n<p>\u2013\u00a0<strong>Contribution Club :\u00a0 <\/strong>40 \u20ac pour les <strong>\u00e9l\u00e8ves<\/strong> (55 \u20ac pour les adh\u00e9rents)<br \/>\n<em>Licence et Cotisation Club sont <span style=\"text-decoration: underline;\">obligatoires<\/span> pour toute activit\u00e9 au sein de l\u2019\u00e9cole de bridge (Cours, Travaux Pratiques, Ateliers d&rsquo;ench\u00e8res, et Donnes Comment\u00e9es)<\/em><\/p>\n<p>&nbsp;<\/p>\n<p>\u2013\u00a0<strong>Tarif des cours (30 cours)<br \/>\n<\/strong>\u25aa\u00a0\u00a0<strong>225 \u20ac<\/strong>\u00a0 par personne pour l\u2019initiation\u00a0<u>1\u00e8re ann\u00e9e<\/u>, car\u00a0<strong>les 5 premi\u00e8res s\u00e9ances d\u2019initiation sont offertes !<\/strong><strong><br \/>\n<\/strong>\u25aa\u00a0\u00a0<strong>270 \u20ac<\/strong>\u00a0 par personne, <strong>sauf<\/strong> pour l\u2019initiation 1\u00e8re ann\u00e9e (voire ci-dessus) et pour le \u00ab\u00a0Perfectionnement-plus\u00a0\u00bb (voire ci-dessous)<br \/>\n\u25aa\u00a0\u00a0<strong>450 \u20ac<\/strong>\u00a0 pour un\u00a0<strong>couple, ou<\/strong>\u00a0pour\u00a0<strong>tout \u00e9l\u00e8ve<\/strong> qui suivrait <strong>2 cours diff\u00e9rents <\/strong>\u00e0 la fois<\/p>\n<p>\u2013 <strong>\u00ab\u00a0<\/strong><strong>Perfectionnement-Plus\u00a0\u00bb <\/strong>du vendredi matin :\u00a0 <strong>220 \u20ac<\/strong> pour 24 s\u00e9ances<\/p>\n<p>\u2013\u00a0<strong>Donnes comment\u00e9es <\/strong>du mercredi matin :\u00a0 5 \u20ac par s\u00e9ance.<\/p>\n<p>&nbsp;<\/p>\n<p>&nbsp;<\/p>\n","protected":false},"excerpt":{"rendered":"<p>\u2013\u00a0Licence FFB :\u00a0 50 \u20ac (cette licence est offerte pour un an aux primo-licenci\u00e9s) \u2013\u00a0Contribution Club :\u00a0 40 \u20ac pour les \u00e9l\u00e8ves (55 \u20ac pour les adh\u00e9rents) Licence et Cotisation Club sont obligatoires pour toute activit\u00e9 au sein de l\u2019\u00e9cole de bridge (Cours, Travaux Pratiques, Ateliers d&rsquo;ench\u00e8res, et Donnes Comment\u00e9es) &nbsp; \u2013\u00a0Tarif des cours (30<br \/><a class=\"moretag\" href=\"https:\/\/wasquehalbridge.com\/index.php\/tarifs-2\/\">+ Read More<\/a><\/p>\n","protected":false},"author":1,"featured_media":0,"parent":0,"menu_order":0,"comment_status":"closed","ping_status":"closed","template":"","meta":{"footnotes":""},"class_list":["post-3257","page","type-page","status-publish","hentry"],"_links":{"self":[{"href":"https:\/\/wasquehalbridge.com\/index.php\/wp-json\/wp\/v2\/pages\/3257","targetHints":{"allow":["GET"]}}],"collection":[{"href":"https:\/\/wasquehalbridge.com\/index.php\/wp-json\/wp\/v2\/pages"}],"about":[{"href":"https:\/\/wasquehalbridge.com\/index.php\/wp-json\/wp\/v2\/types\/page"}],"author":[{"embeddable":true,"href":"https:\/\/wasquehalbridge.com\/index.php\/wp-json\/wp\/v2\/users\/1"}],"replies":[{"embeddable":true,"href":"https:\/\/wasquehalbridge.com\/index.php\/wp-json\/wp\/v2\/comments?post=3257"}],"version-history":[{"count":8,"href":"https:\/\/wasquehalbridge.com\/index.php\/wp-json\/wp\/v2\/pages\/3257\/revisions"}],"predecessor-version":[{"id":3731,"href":"https:\/\/wasquehalbridge.com\/index.php\/wp-json\/wp\/v2\/pages\/3257\/revisions\/3731"}],"wp:attachment":[{"href":"https:\/\/wasquehalbridge.com\/index.php\/wp-json\/wp\/v2\/media?parent=3257"}],"curies":[{"name":"wp","href":"https:\/\/api.w.org\/{rel}","templated":true}]}}