{"id":418,"date":"2021-09-28T13:44:14","date_gmt":"2021-09-28T13:44:14","guid":{"rendered":"https:\/\/wasquehalbridge.com\/?page_id=418"},"modified":"2021-12-20T09:16:23","modified_gmt":"2021-12-20T09:16:23","slug":"histoire-du-club","status":"publish","type":"page","link":"https:\/\/wasquehalbridge.com\/index.php\/histoire-du-club\/","title":{"rendered":"Histoire du Club"},"content":{"rendered":"\t\t<div data-elementor-type=\"wp-page\" data-elementor-id=\"418\" class=\"elementor elementor-418\">\n\t\t\t\t\t\t<section class=\"elementor-section elementor-top-section elementor-element elementor-element-58be8b12 elementor-section-boxed elementor-section-height-default elementor-section-height-default\" data-id=\"58be8b12\" data-element_type=\"section\" data-e-type=\"section\">\n\t\t\t\t\t\t<div class=\"elementor-container elementor-column-gap-default\">\n\t\t\t\t\t<div class=\"elementor-column elementor-col-100 elementor-top-column elementor-element elementor-element-774b8f06\" data-id=\"774b8f06\" data-element_type=\"column\" data-e-type=\"column\">\n\t\t\t<div class=\"elementor-widget-wrap elementor-element-populated\">\n\t\t\t\t\t\t<div class=\"elementor-element elementor-element-1117390 elementor-widget elementor-widget-text-editor\" data-id=\"1117390\" data-element_type=\"widget\" data-e-type=\"widget\" data-widget_type=\"text-editor.default\">\n\t\t\t\t<div class=\"elementor-widget-container\">\n\t\t\t\t\t\t\t\t\t<div id=\"about\"><div class=\"container\"><div class=\"row\"><div class=\"col-md-3 col-sm-3\">\u00a0<\/div><\/div><\/div><\/div>\t\t\t\t\t\t\t\t<\/div>\n\t\t\t\t<\/div>\n\t\t\t\t\t<\/div>\n\t\t<\/div>\n\t\t\t\t\t<\/div>\n\t\t<\/section>\n\t\t\t\t<section class=\"elementor-section elementor-top-section elementor-element elementor-element-684bfe1a elementor-section-boxed elementor-section-height-default elementor-section-height-default\" data-id=\"684bfe1a\" data-element_type=\"section\" data-e-type=\"section\">\n\t\t\t\t\t\t<div class=\"elementor-container elementor-column-gap-default\">\n\t\t\t\t\t<div class=\"elementor-column elementor-col-100 elementor-top-column elementor-element elementor-element-4a137a52\" data-id=\"4a137a52\" data-element_type=\"column\" data-e-type=\"column\">\n\t\t\t<div class=\"elementor-widget-wrap elementor-element-populated\">\n\t\t\t\t\t\t<div class=\"elementor-element elementor-element-3d0114c0 elementor-widget elementor-widget-text-editor\" data-id=\"3d0114c0\" data-element_type=\"widget\" data-e-type=\"widget\" data-widget_type=\"text-editor.default\">\n\t\t\t\t<div class=\"elementor-widget-container\">\n\t\t\t\t\t\t\t\t\t<div class=\"row\">\n<div class=\"col-md-12 col-sm-6\">\n<h3>LA MAISON DU BRIDGE \u2013 WASQUEHAL<\/h3>\n<\/div>\n<\/div>\n<div class=\"row\">\n<div class=\"col-md-12 col-sm-6\">\n<p>Implant\u00e9e depuis plus de 30 ans au centre g\u00e9ographique de la M\u00e9tropole LILLE \u2013 ROUBAIX \u2013 TOURCOING,&nbsp;<br><span style=\"color: var( --e-global-color-text ); font-family: var( --e-global-typography-text-font-family ), Sans-serif; font-weight: var( --e-global-typography-text-font-weight );\">la Maison Du Bridge est l\u2019un des tout premiers clubs de France avec<\/span><\/p>\n<p>&#8211; Ses <b>720 <\/b>licenci\u00e9s<br>&#8211; Sa capacit\u00e9 d\u2019accueil de <b>60 <\/b>tables, r\u00e9parties sur 3 salles, dans un cadre fonctionnel et convivial<br>&#8211; Son parking privatif offrant plus de <b>50 <\/b>places en centre-ville<br>&#8211; Son service de <b>bar <\/b>op\u00e9rationnel lors des tournois de r\u00e9gularit\u00e9 et comp\u00e9titions<br>&#8211; Son <b>\u00e9cole <\/b>de Bridge qui compte plus de <b>220 <\/b>\u00e9l\u00e8ves, de tous niveaux, encadr\u00e9s par <b>7<\/b> professeurs<br>&#8211; Ses <b>8<\/b> tournois de r\u00e9gularit\u00e9 hebdomadaires, r\u00e9partis sur 2 niveaux d\u2019exp\u00e9rience pour 3 d\u2019entre eux<br>&#8211; Ses <b>parties libres<\/b> anim\u00e9es par des joueurs confirm\u00e9s, et destin\u00e9es, entre autres, \u00e0 la transition entre l\u2019Ecole et les tournois<br>&#8211; Ses s\u00e9ances d\u2019initiation \u00e0 la comp\u00e9tition pour les joueurs ambitieux<br>En r\u00e9sum\u00e9, un contexte id\u00e9al pour <b>apprendre ou pratiquer <\/b>le bridge, dans un environnement adapt\u00e9 et agr\u00e9able. <br><\/p>\n<\/div>\n<\/div>\t\t\t\t\t\t\t\t<\/div>\n\t\t\t\t<\/div>\n\t\t\t\t\t<\/div>\n\t\t<\/div>\n\t\t\t\t\t<\/div>\n\t\t<\/section>\n\t\t\t\t<\/div>\n\t\t","protected":false},"excerpt":{"rendered":"<p>\u00a0 LA MAISON DU BRIDGE \u2013 WASQUEHAL Implant\u00e9e depuis plus de 30 ans au centre g\u00e9ographique de la M\u00e9tropole LILLE \u2013 ROUBAIX \u2013 TOURCOING,&nbsp;la Maison Du Bridge est l\u2019un des tout premiers clubs de France avec &#8211; Ses 720 licenci\u00e9s&#8211; Sa capacit\u00e9 d\u2019accueil de 60 tables, r\u00e9parties sur 3 salles, dans un cadre fonctionnel et<br \/><a class=\"moretag\" href=\"https:\/\/wasquehalbridge.com\/index.php\/histoire-du-club\/\">+ Read More<\/a><\/p>\n","protected":false},"author":1,"featured_media":0,"parent":0,"menu_order":0,"comment_status":"closed","ping_status":"closed","template":"templates\/page-fullwidth_template.php","meta":{"footnotes":""},"class_list":["post-418","page","type-page","status-publish","hentry"],"_links":{"self":[{"href":"https:\/\/wasquehalbridge.com\/index.php\/wp-json\/wp\/v2\/pages\/418","targetHints":{"allow":["GET"]}}],"collection":[{"href":"https:\/\/wasquehalbridge.com\/index.php\/wp-json\/wp\/v2\/pages"}],"about":[{"href":"https:\/\/wasquehalbridge.com\/index.php\/wp-json\/wp\/v2\/types\/page"}],"author":[{"embeddable":true,"href":"https:\/\/wasquehalbridge.com\/index.php\/wp-json\/wp\/v2\/users\/1"}],"replies":[{"embeddable":true,"href":"https:\/\/wasquehalbridge.com\/index.php\/wp-json\/wp\/v2\/comments?post=418"}],"version-history":[{"count":16,"href":"https:\/\/wasquehalbridge.com\/index.php\/wp-json\/wp\/v2\/pages\/418\/revisions"}],"predecessor-version":[{"id":1195,"href":"https:\/\/wasquehalbridge.com\/index.php\/wp-json\/wp\/v2\/pages\/418\/revisions\/1195"}],"wp:attachment":[{"href":"https:\/\/wasquehalbridge.com\/index.php\/wp-json\/wp\/v2\/media?parent=418"}],"curies":[{"name":"wp","href":"https:\/\/api.w.org\/{rel}","templated":true}]}}