{"id":486,"date":"2021-09-28T14:12:41","date_gmt":"2021-09-28T14:12:41","guid":{"rendered":"https:\/\/wasquehalbridge.com\/?page_id=486"},"modified":"2025-07-01T17:57:40","modified_gmt":"2025-07-01T17:57:40","slug":"administration","status":"publish","type":"page","link":"https:\/\/wasquehalbridge.com\/index.php\/administration\/","title":{"rendered":"Administration"},"content":{"rendered":"<h2><span style=\"color: #0000ff;\">Comit\u00e9 de la Maison du Bridge de Wasquehal<\/span><\/h2>\n<p>&nbsp;<\/p>\n<p><img fetchpriority=\"high\" decoding=\"async\" class=\"\" src=\"https:\/\/wasquehalbridge.com\/wp-content\/uploads\/2021\/09\/Capture-de\u0301cran-2021-09-29-a\u0300-14.42.20.png\" sizes=\"(max-width: 420px) 100vw, 420px\" srcset=\"https:\/\/wasquehalbridge.com\/wp-content\/uploads\/2021\/09\/Capture-de\u0301cran-2021-09-29-a\u0300-14.42.20.png 420w, https:\/\/wasquehalbridge.com\/wp-content\/uploads\/2021\/09\/Capture-de\u0301cran-2021-09-29-a\u0300-14.42.20-300x300.png 300w, https:\/\/wasquehalbridge.com\/wp-content\/uploads\/2021\/09\/Capture-de\u0301cran-2021-09-29-a\u0300-14.42.20-150x150.png 150w\" alt=\"\" width=\"280\" height=\"280\" \/><\/p>\n<h2>Alain Compagnon<\/h2>\n<h3>Pr\u00e9sident<\/h3>\n<p>&nbsp;<\/p>\n<p><img decoding=\"async\" class=\"\" src=\"https:\/\/wasquehalbridge.com\/wp-content\/uploads\/2021\/09\/Capture-de\u0301cran-2021-09-29-a\u0300-14.50.56.png\" sizes=\"(max-width: 420px) 100vw, 420px\" srcset=\"https:\/\/wasquehalbridge.com\/wp-content\/uploads\/2021\/09\/Capture-de\u0301cran-2021-09-29-a\u0300-14.50.56.png 420w, https:\/\/wasquehalbridge.com\/wp-content\/uploads\/2021\/09\/Capture-de\u0301cran-2021-09-29-a\u0300-14.50.56-300x300.png 300w, https:\/\/wasquehalbridge.com\/wp-content\/uploads\/2021\/09\/Capture-de\u0301cran-2021-09-29-a\u0300-14.50.56-150x150.png 150w\" alt=\"\" width=\"280\" height=\"280\" \/><\/p>\n<h2>Claude Willot<\/h2>\n<h3>Vice-Pr\u00e9sidente<\/h3>\n<p>&nbsp;<\/p>\n<h3><\/h3>\n<p><img decoding=\"async\" class=\"\" src=\"https:\/\/wasquehalbridge.com\/wp-content\/uploads\/2021\/09\/Capture-de\u0301cran-2021-09-29-a\u0300-14.49.22.png\" sizes=\"(max-width: 420px) 100vw, 420px\" srcset=\"https:\/\/wasquehalbridge.com\/wp-content\/uploads\/2021\/09\/Capture-de\u0301cran-2021-09-29-a\u0300-14.49.22.png 420w, https:\/\/wasquehalbridge.com\/wp-content\/uploads\/2021\/09\/Capture-de\u0301cran-2021-09-29-a\u0300-14.49.22-300x300.png 300w, https:\/\/wasquehalbridge.com\/wp-content\/uploads\/2021\/09\/Capture-de\u0301cran-2021-09-29-a\u0300-14.49.22-150x150.png 150w\" alt=\"\" width=\"278\" height=\"278\" \/><\/p>\n<h2>Patrick Coisne<\/h2>\n<h3>Vice-Pr\u00e9sident<\/h3>\n<p>&nbsp;<\/p>\n<p><strong>\u2660\u00a0 Contr\u00f4le de la Tr\u00e9sorerie<\/strong>\u00a0 : Claude WILLOT\u00a0 &amp;\u00a0 Yves AIGLON<\/p>\n<p><strong><span style=\"color: #008000;\">\u2663<\/span> \u00a0Contr\u00f4le de Gestion<\/strong>\u00a0 : Bernard LEPAN<\/p>\n<p><strong><span style=\"color: #ff0000;\">\u2665<\/span> \u00a0Responsable de la maintenance\u00a0<\/strong> : Michel HUBERT<\/p>\n<p><strong><span style=\"color: #ff6600;\">\u2666<\/span><\/strong>\u00a0 <strong>Responsable des gros travaux immobiliers\u00a0<\/strong> : Michel HUBERT<\/p>\n<p><strong>\u2660\u00a0 Responsable des comp\u00e9titions officielles<\/strong>\u00a0 : Fran\u00e7oise DEWASME<\/p>\n<p><strong><span style=\"color: #008000;\">\u2663<\/span> \u00a0Responsable des relations avec l&rsquo;\u00e9cole de bridge\u00a0<\/strong> : Fran\u00e7oise DEWASME<\/p>\n<p><strong><span style=\"color: #ff0000;\">\u2665<\/span> \u00a0Responsable du bar\u00a0 :<\/strong> Yves AIGLON<\/p>\n<p><strong><span style=\"color: #ff6600;\">\u2666<\/span><\/strong>\u00a0 <strong>Secr\u00e9tariat comit\u00e9\u00a0 :<\/strong> Anne GALLANT<\/p>\n<p><strong>\u2660\u00a0 Organisation r\u00e9ceptions, f\u00eates, tournois\u00a0 :<\/strong> Patrick COISNE\u00a0 &amp;\u00a0 Chantal GARDNER<\/p>\n<p><strong><span style=\"color: #008000;\">\u2663<\/span> \u00a0Relations sociales, repr\u00e9sentation\u00a0 :<\/strong> Blanche COSYN\u00a0 &amp;\u00a0 Chantal GARDNER<\/p>\n<p><strong><span style=\"color: #ff0000;\">\u2665<\/span> \u00a0Responsable informatique\u00a0 :<\/strong> Thierry DEGROOTE<\/p>\n<p><strong><span style=\"color: #ff6600;\">\u2666<\/span><\/strong>\u00a0 <strong>Responsable des Parties Libres\u00a0 :<\/strong> Alain COMPAGNON<\/p>\n<p>&nbsp;<\/p>\n<h3>B\u00e9n\u00e9voles participants :<\/h3>\n<ul>\n<li><strong>Consultant Maintenance<\/strong> : Alain MEURIN<\/li>\n<li><strong>Consultant Gros Travaux immobiliers<\/strong> : Bruno SURY<\/li>\n<li><strong>Vie de notre Site Internet<\/strong> : Dominique CAPLIEZ<\/li>\n<li><strong>D\u00e9veloppement en relation avec le comit\u00e9 des Flandres<\/strong> : Christine COLIN<\/li>\n<li><strong>Entretien d\u00e9fibrillateur<\/strong> : Jean-Fran\u00e7ois CLAERBOUT<\/li>\n<li><strong>Gestion du m\u00e9nage et fournitures d&rsquo;entretien<\/strong> : Brigitte PICQUART<\/li>\n<li><strong>Gestion de la boite \u00e0 pharmacie<\/strong> : Christine LEBLANC<\/li>\n<li><strong>Remise en banque<\/strong> : Jacqueline LEHEMBRE<\/li>\n<li><strong>Pr\u00e9paration des salles pour comp\u00e9titions<\/strong> : Philippe DEVRIENDT<\/li>\n<\/ul>\n","protected":false},"excerpt":{"rendered":"<p>Comit\u00e9 de la Maison du Bridge de Wasquehal &nbsp; Alain Compagnon Pr\u00e9sident &nbsp; Claude Willot Vice-Pr\u00e9sidente &nbsp; Patrick Coisne Vice-Pr\u00e9sident &nbsp; \u2660\u00a0 Contr\u00f4le de la Tr\u00e9sorerie\u00a0 : Claude WILLOT\u00a0 &amp;\u00a0 Yves AIGLON \u2663 \u00a0Contr\u00f4le de Gestion\u00a0 : Bernard LEPAN \u2665 \u00a0Responsable de la maintenance\u00a0 : Michel HUBERT \u2666\u00a0 Responsable des gros travaux immobiliers\u00a0 : Michel<br \/><a class=\"moretag\" href=\"https:\/\/wasquehalbridge.com\/index.php\/administration\/\">+ Read More<\/a><\/p>\n","protected":false},"author":1,"featured_media":0,"parent":0,"menu_order":0,"comment_status":"closed","ping_status":"closed","template":"","meta":{"footnotes":""},"class_list":["post-486","page","type-page","status-publish","hentry"],"_links":{"self":[{"href":"https:\/\/wasquehalbridge.com\/index.php\/wp-json\/wp\/v2\/pages\/486","targetHints":{"allow":["GET"]}}],"collection":[{"href":"https:\/\/wasquehalbridge.com\/index.php\/wp-json\/wp\/v2\/pages"}],"about":[{"href":"https:\/\/wasquehalbridge.com\/index.php\/wp-json\/wp\/v2\/types\/page"}],"author":[{"embeddable":true,"href":"https:\/\/wasquehalbridge.com\/index.php\/wp-json\/wp\/v2\/users\/1"}],"replies":[{"embeddable":true,"href":"https:\/\/wasquehalbridge.com\/index.php\/wp-json\/wp\/v2\/comments?post=486"}],"version-history":[{"count":96,"href":"https:\/\/wasquehalbridge.com\/index.php\/wp-json\/wp\/v2\/pages\/486\/revisions"}],"predecessor-version":[{"id":3735,"href":"https:\/\/wasquehalbridge.com\/index.php\/wp-json\/wp\/v2\/pages\/486\/revisions\/3735"}],"wp:attachment":[{"href":"https:\/\/wasquehalbridge.com\/index.php\/wp-json\/wp\/v2\/media?parent=486"}],"curies":[{"name":"wp","href":"https:\/\/api.w.org\/{rel}","templated":true}]}}