{"id":489,"date":"2021-09-28T14:14:56","date_gmt":"2021-09-28T14:14:56","guid":{"rendered":"https:\/\/wasquehalbridge.com\/?page_id=489"},"modified":"2025-09-19T08:33:08","modified_gmt":"2025-09-19T08:33:08","slug":"statuts-et-reglements","status":"publish","type":"page","link":"https:\/\/wasquehalbridge.com\/index.php\/statuts-et-reglements\/","title":{"rendered":"Statuts et r\u00e8glements"},"content":{"rendered":"<p><span style=\"color: #0000ff;\"><a style=\"color: #0000ff;\" href=\"https:\/\/wasquehalbridge.com\/wp-content\/uploads\/2025\/09\/reglement-signe-17-sept-2025.pdf\" target=\"_blank\" rel=\"noopener\">Cliquez ICI pour t\u00e9l\u00e9charger notre <strong>r\u00e8glement<\/strong> (Sept 2025)<\/a><\/span><br \/>\n<span style=\"color: #0000ff;\"><a style=\"color: #0000ff;\" href=\"https:\/\/wasquehalbridge.com\/wp-content\/uploads\/2021\/12\/statuts-MBW-1-sur-5-fusionne-1.pdf\"><br \/>\nCliquez ICI pour t\u00e9l\u00e9charger nos <strong>statuts<\/strong><\/a><\/span><\/p>\n","protected":false},"excerpt":{"rendered":"<p>Cliquez ICI pour t\u00e9l\u00e9charger notre r\u00e8glement (Sept 2025) Cliquez ICI pour t\u00e9l\u00e9charger nos statuts<\/p>\n","protected":false},"author":1,"featured_media":0,"parent":0,"menu_order":0,"comment_status":"closed","ping_status":"closed","template":"templates\/page-fullwidth_template.php","meta":{"footnotes":""},"class_list":["post-489","page","type-page","status-publish","hentry"],"_links":{"self":[{"href":"https:\/\/wasquehalbridge.com\/index.php\/wp-json\/wp\/v2\/pages\/489","targetHints":{"allow":["GET"]}}],"collection":[{"href":"https:\/\/wasquehalbridge.com\/index.php\/wp-json\/wp\/v2\/pages"}],"about":[{"href":"https:\/\/wasquehalbridge.com\/index.php\/wp-json\/wp\/v2\/types\/page"}],"author":[{"embeddable":true,"href":"https:\/\/wasquehalbridge.com\/index.php\/wp-json\/wp\/v2\/users\/1"}],"replies":[{"embeddable":true,"href":"https:\/\/wasquehalbridge.com\/index.php\/wp-json\/wp\/v2\/comments?post=489"}],"version-history":[{"count":27,"href":"https:\/\/wasquehalbridge.com\/index.php\/wp-json\/wp\/v2\/pages\/489\/revisions"}],"predecessor-version":[{"id":3779,"href":"https:\/\/wasquehalbridge.com\/index.php\/wp-json\/wp\/v2\/pages\/489\/revisions\/3779"}],"wp:attachment":[{"href":"https:\/\/wasquehalbridge.com\/index.php\/wp-json\/wp\/v2\/media?parent=489"}],"curies":[{"name":"wp","href":"https:\/\/api.w.org\/{rel}","templated":true}]}}